{"id":6333,"date":"2016-07-06T16:18:56","date_gmt":"2016-07-06T13:18:56","guid":{"rendered":"http:\/\/www.thesandbox.eu\/fr\/greek-language-courses\/overview-one-week-intensive-greek-courses\/"},"modified":"2023-10-17T16:35:08","modified_gmt":"2023-10-17T13:35:08","slug":"vue-ensemble-cours-de-grec-intensifs-une-semaine","status":"publish","type":"page","link":"https:\/\/omilo.com\/fr\/cours-de-grec\/vue-ensemble-cours-de-grec-intensifs-une-semaine\/","title":{"rendered":"cours de grec intensifs d\u2019une semaine &#8211; Vue d&rsquo;ensemble"},"content":{"rendered":"<div id='av_section_1'  class='avia-section main_color avia-section-default avia-no-border-styling  avia-full-stretch avia-bg-style-scroll  avia-builder-el-0  el_before_av_section  avia-builder-el-first   av-minimum-height av-minimum-height-custom  container_wrap sidebar_right' style='background-repeat: no-repeat; background-image: url(https:\/\/omilo.com\/wp-content\/uploads\/2016\/12\/omilo-overview-header-001-1500x323.jpg);background-attachment: scroll; background-position: center center;  '  data-section-bg-repeat='stretch'><div class='container' style='height:260px'><main  role=\"main\" itemprop=\"mainContentOfPage\"  class='template-page content  av-content-small alpha units'><div class='post-entry post-entry-type-page post-entry-6333'><div class='entry-content-wrapper clearfix'>\n<\/div><\/div><\/main><!-- close content main element --><\/div><\/div><div id='top'  class='avia-section main_color avia-section-default avia-no-border-styling  avia-bg-style-scroll  avia-builder-el-1  el_after_av_section  avia-builder-el-last   container_wrap sidebar_right' style='background-color: #eeeeee;  '  ><div class='container' ><div class='template-page content  av-content-small alpha units'><div class='post-entry post-entry-type-page post-entry-6333'><div class='entry-content-wrapper clearfix'>\n<div class=\"flex_column av_one_half  flex_column_div av-zero-column-padding first  avia-builder-el-2  el_before_av_one_half  avia-builder-el-first  \" style='border-radius:0px; '><div  style='padding-bottom:10px; ' class='av-special-heading av-special-heading-h1  blockquote modern-quote  avia-builder-el-3  avia-builder-el-no-sibling  '><h1 class='av-special-heading-tag '  itemprop=\"headline\"  > cours de grec intensifs d\u2019une semaine &#8211; Vue d\u2019ensemble<\/h1><div class ='av-subheading av-subheading_below  ' style='font-size:15px;'><p>24 heures de cours de grec (6 jours de cour)<br \/>\nActivit\u00e9s culturelles facultatives et gratuites l\u2019apr\u00e8s-midi; Les courses sont destin\u00e9s aux adultes \u00e0 partir de 26 ans, y compris aux seniors, quels que soient leur nationalit\u00e9 et leur niveau de connaissances.<\/p>\n<\/div><div class='special-heading-border'><div class='special-heading-inner-border' ><\/div><\/div><\/div><\/div><div class=\"flex_column av_one_half  flex_column_div av-zero-column-padding   avia-builder-el-4  el_after_av_one_half  avia-builder-el-last  \" style='border-radius:0px; '><p><section class=\"av_textblock_section \"  itemscope=\"itemscope\" itemtype=\"https:\/\/schema.org\/CreativeWork\" ><div class='avia_textblock  '   itemprop=\"text\" ><p><strong>Vous ne disposez que de peu de temps mais vous aimeriez am\u00e9liorer votre grec en suivant des cours interactifs et en approfondissant votre connaissance de la culture grecque.<\/strong><\/p>\n<\/div><\/section><br \/>\n<section class=\"av_textblock_section \"  itemscope=\"itemscope\" itemtype=\"https:\/\/schema.org\/CreativeWork\" ><div class='avia_textblock  '   itemprop=\"text\" ><h3>Cours de grec intensifs d&rsquo;une semaine:<\/h3>\n<\/div><\/section><br \/>\n<div  class='avia-button-wrap avia-button-center  avia-builder-el-7  el_after_av_textblock  el_before_av_button ' ><a href='https:\/\/omilo.com\/fr\/cours\/cours-de-groupe-une-semaine-athenes\/'  class='avia-button av-icon-on-hover  avia-icon_select-yes-right-icon avia-size-small avia-position-center '  target=\"_blank\"  rel=\"noopener noreferrer\" style='background-color:#56a3a6; border-color:#56a3a6; color:#ffffff; ' ><span class='avia_iconbox_title' >Ath\u00e8nes (octobre \u00e0 mai)<\/span><span class='avia_button_icon avia_button_icon_right' aria-hidden='true' data-av_icon='\ue875' data-av_iconfont='entypo-fontello'><\/span><\/a><\/div><br \/>\n<div  class='avia-button-wrap avia-button-center  avia-builder-el-8  el_after_av_button  el_before_av_button ' ><a href='https:\/\/omilo.com\/fr\/cours\/cours-de-groupe-une-semaine-nauplie\/'  class='avia-button av-icon-on-hover  avia-icon_select-yes-right-icon avia-size-small avia-position-center '  target=\"_blank\"  rel=\"noopener noreferrer\" style='background-color:#56a3a6; border-color:#56a3a6; color:#ffffff; ' ><span class='avia_iconbox_title' >Nauplie (P\u00e2ques orthodoxe)<\/span><span class='avia_button_icon avia_button_icon_right' aria-hidden='true' data-av_icon='\ue875' data-av_iconfont='entypo-fontello'><\/span><\/a><\/div><br \/>\n<div  class='avia-button-wrap avia-button-center  avia-builder-el-9  el_after_av_button  el_before_av_textblock ' ><a href='https:\/\/omilo.com\/fr\/cours\/cours-de-groupe-une-semaine-syros\/'  class='avia-button av-icon-on-hover  avia-icon_select-yes-right-icon avia-size-small avia-position-center '  target=\"_blank\"  rel=\"noopener noreferrer\" style='background-color:#56a3a6; border-color:#56a3a6; color:#ffffff; ' ><span class='avia_iconbox_title' >Syros ( juin \u00e0 octobre)<\/span><span class='avia_button_icon avia_button_icon_right' aria-hidden='true' data-av_icon='\ue875' data-av_iconfont='entypo-fontello'><\/span><\/a><\/div><br \/>\n<section class=\"av_textblock_section \"  itemscope=\"itemscope\" itemtype=\"https:\/\/schema.org\/CreativeWork\" ><div class='avia_textblock  '   itemprop=\"text\" ><p>En une semaine, vous arriverez \u00e0\u2026<\/p>\n<ul>\n<li>booster vos connaissances du grec et \u00e0 les mettre en pratique;<\/li>\n<li>enrichir vos comp\u00e9tences en grammaire et en vocabulaire;<\/li>\n<li>vous sentir \u00e0 l\u2019aise dans un environnement grec, \u00e0 communiquer sans probl\u00e8me avec les habitants du coin;<\/li>\n<li>vous impr\u00e9gner de culture grecque par un cours de danse grecque, une soir\u00e9e dans une taverne traditionnelle et un expos\u00e9 passionnant;<\/li>\n<li>d\u00e9couvrir la beaut\u00e9 de la Gr\u00e8ce par le biais de promenades guid\u00e9es et d\u2019activit\u00e9s culturelles;<\/li>\n<li>vous faire des amis du monde entier, qui partagent votre passion de la Gr\u00e8ce;<\/li>\n<li>vous sentir motiv\u00e9s pour continuer l\u2019apprentissage du grec dans votre pays;<\/li>\n<li>perdre votre appr\u00e9hension \u00e0 parler le grec!<a href=\"https:\/\/youtube.com\/playlist?list=PLjg3sKfCihkrcxBfXIpbwy3EFhv_Mhnxy\" target=\"_blank\" rel=\"noopener noreferrer\">Visitez notre cha\u00eene YouTube et \u00e9coutez ce que nos \u00e9tudiants disent de leur exp\u00e9rience Omilo<\/a><\/li>\n<\/ul>\n<\/div><\/section><\/p><\/div><\/div><\/div><\/div><!-- close content main div --><\/div><\/div><div id='after_section_2'  class='main_color av_default_container_wrap container_wrap sidebar_right' style=' '  ><div class='container' ><div class='template-page content  av-content-small alpha units'><div class='post-entry post-entry-type-page post-entry-6333'><div class='entry-content-wrapper clearfix'>\n","protected":false},"excerpt":{"rendered":"","protected":false},"author":8,"featured_media":0,"parent":6311,"menu_order":0,"comment_status":"closed","ping_status":"closed","template":"","meta":{"footnotes":""},"yoast_head":"<!-- This site is optimized with the Yoast SEO plugin v24.5 - https:\/\/yoast.com\/wordpress\/plugins\/seo\/ -->\n<title>cours de grec intensifs d\u2019une semaine - Vue d&#039;ensemble | Omilo<\/title>\n<meta name=\"description\" content=\"Apprendre le Grec en Grece. Les cours de grec intensifs. The Omilo Greek language and culture courses are ideal to learn Greek (all levels)\" \/>\n<meta name=\"robots\" content=\"index, follow, max-snippet:-1, max-image-preview:large, max-video-preview:-1\" \/>\n<link rel=\"canonical\" href=\"https:\/\/omilo.com\/fr\/cours-de-grec\/vue-ensemble-cours-de-grec-intensifs-une-semaine\/\" \/>\n<meta property=\"og:locale\" content=\"fr_FR\" \/>\n<meta property=\"og:type\" content=\"article\" \/>\n<meta property=\"og:title\" content=\"cours de grec intensifs d\u2019une semaine - Vue d&#039;ensemble | Omilo\" \/>\n<meta property=\"og:description\" content=\"Apprendre le Grec en Grece. Les cours de grec intensifs. The Omilo Greek language and culture courses are ideal to learn Greek (all levels)\" \/>\n<meta property=\"og:url\" content=\"https:\/\/omilo.com\/fr\/cours-de-grec\/vue-ensemble-cours-de-grec-intensifs-une-semaine\/\" \/>\n<meta property=\"og:site_name\" content=\"Omilo\" \/>\n<meta property=\"article:publisher\" content=\"https:\/\/www.facebook.com\/omilohellas\/\" \/>\n<meta property=\"article:modified_time\" content=\"2023-10-17T13:35:08+00:00\" \/>\n<meta property=\"og:image\" content=\"https:\/\/omilo.com\/wp-content\/uploads\/2017\/12\/fb-image.jpg\" \/>\n\t<meta property=\"og:image:width\" content=\"960\" \/>\n\t<meta property=\"og:image:height\" content=\"960\" \/>\n\t<meta property=\"og:image:type\" content=\"image\/jpeg\" \/>\n<meta name=\"twitter:card\" content=\"summary_large_image\" \/>\n<meta name=\"twitter:site\" content=\"@OmiloHellas\" \/>\n<meta name=\"twitter:label1\" content=\"Dur\u00e9e de lecture estim\u00e9e\" \/>\n\t<meta name=\"twitter:data1\" content=\"5 minutes\" \/>\n<script type=\"application\/ld+json\" class=\"yoast-schema-graph\">{\"@context\":\"https:\/\/schema.org\",\"@graph\":[{\"@type\":\"WebPage\",\"@id\":\"https:\/\/omilo.com\/fr\/cours-de-grec\/vue-ensemble-cours-de-grec-intensifs-une-semaine\/\",\"url\":\"https:\/\/omilo.com\/fr\/cours-de-grec\/vue-ensemble-cours-de-grec-intensifs-une-semaine\/\",\"name\":\"cours de grec intensifs d\u2019une semaine - Vue d'ensemble | Omilo\",\"isPartOf\":{\"@id\":\"https:\/\/omilo.com\/fr\/#website\"},\"datePublished\":\"2016-07-06T13:18:56+00:00\",\"dateModified\":\"2023-10-17T13:35:08+00:00\",\"description\":\"Apprendre le Grec en Grece. Les cours de grec intensifs. The Omilo Greek language and culture courses are ideal to learn Greek (all levels)\",\"breadcrumb\":{\"@id\":\"https:\/\/omilo.com\/fr\/cours-de-grec\/vue-ensemble-cours-de-grec-intensifs-une-semaine\/#breadcrumb\"},\"inLanguage\":\"fr-FR\",\"potentialAction\":[{\"@type\":\"ReadAction\",\"target\":[\"https:\/\/omilo.com\/fr\/cours-de-grec\/vue-ensemble-cours-de-grec-intensifs-une-semaine\/\"]}]},{\"@type\":\"BreadcrumbList\",\"@id\":\"https:\/\/omilo.com\/fr\/cours-de-grec\/vue-ensemble-cours-de-grec-intensifs-une-semaine\/#breadcrumb\",\"itemListElement\":[{\"@type\":\"ListItem\",\"position\":1,\"name\":\"Home\",\"item\":\"https:\/\/omilo.com\/fr\/\"},{\"@type\":\"ListItem\",\"position\":2,\"name\":\"Cours de grec\",\"item\":\"https:\/\/omilo.com\/fr\/cours-de-grec\/\"},{\"@type\":\"ListItem\",\"position\":3,\"name\":\"cours de grec intensifs d\u2019une semaine &#8211; Vue d&#8217;ensemble\"}]},{\"@type\":\"WebSite\",\"@id\":\"https:\/\/omilo.com\/fr\/#website\",\"url\":\"https:\/\/omilo.com\/fr\/\",\"name\":\"Omilo\",\"description\":\"Learning Greek in Greece\",\"publisher\":{\"@id\":\"https:\/\/omilo.com\/fr\/#organization\"},\"potentialAction\":[{\"@type\":\"SearchAction\",\"target\":{\"@type\":\"EntryPoint\",\"urlTemplate\":\"https:\/\/omilo.com\/fr\/?s={search_term_string}\"},\"query-input\":{\"@type\":\"PropertyValueSpecification\",\"valueRequired\":true,\"valueName\":\"search_term_string\"}}],\"inLanguage\":\"fr-FR\"},{\"@type\":\"Organization\",\"@id\":\"https:\/\/omilo.com\/fr\/#organization\",\"name\":\"Omilo | Greek Language & Culture\",\"url\":\"https:\/\/omilo.com\/fr\/\",\"logo\":{\"@type\":\"ImageObject\",\"inLanguage\":\"fr-FR\",\"@id\":\"https:\/\/omilo.com\/fr\/#\/schema\/logo\/image\/\",\"url\":\"https:\/\/omilo.com\/wp-content\/uploads\/2017\/12\/logo-landing.png\",\"contentUrl\":\"https:\/\/omilo.com\/wp-content\/uploads\/2017\/12\/logo-landing.png\",\"width\":280,\"height\":99,\"caption\":\"Omilo | Greek Language & Culture\"},\"image\":{\"@id\":\"https:\/\/omilo.com\/fr\/#\/schema\/logo\/image\/\"},\"sameAs\":[\"https:\/\/www.facebook.com\/omilohellas\/\",\"https:\/\/x.com\/OmiloHellas\",\"https:\/\/www.linkedin.com\/company\/omilo-greek-language-and-culture\",\"https:\/\/www.youtube.com\/user\/omiloteam\"]}]}<\/script>\n<!-- \/ Yoast SEO plugin. -->","yoast_head_json":{"title":"cours de grec intensifs d\u2019une semaine - Vue d'ensemble | Omilo","description":"Apprendre le Grec en Grece. Les cours de grec intensifs. The Omilo Greek language and culture courses are ideal to learn Greek (all levels)","robots":{"index":"index","follow":"follow","max-snippet":"max-snippet:-1","max-image-preview":"max-image-preview:large","max-video-preview":"max-video-preview:-1"},"canonical":"https:\/\/omilo.com\/fr\/cours-de-grec\/vue-ensemble-cours-de-grec-intensifs-une-semaine\/","og_locale":"fr_FR","og_type":"article","og_title":"cours de grec intensifs d\u2019une semaine - Vue d'ensemble | Omilo","og_description":"Apprendre le Grec en Grece. Les cours de grec intensifs. The Omilo Greek language and culture courses are ideal to learn Greek (all levels)","og_url":"https:\/\/omilo.com\/fr\/cours-de-grec\/vue-ensemble-cours-de-grec-intensifs-une-semaine\/","og_site_name":"Omilo","article_publisher":"https:\/\/www.facebook.com\/omilohellas\/","article_modified_time":"2023-10-17T13:35:08+00:00","og_image":[{"width":960,"height":960,"url":"https:\/\/omilo.com\/wp-content\/uploads\/2017\/12\/fb-image.jpg","type":"image\/jpeg"}],"twitter_card":"summary_large_image","twitter_site":"@OmiloHellas","twitter_misc":{"Dur\u00e9e de lecture estim\u00e9e":"5 minutes"},"schema":{"@context":"https:\/\/schema.org","@graph":[{"@type":"WebPage","@id":"https:\/\/omilo.com\/fr\/cours-de-grec\/vue-ensemble-cours-de-grec-intensifs-une-semaine\/","url":"https:\/\/omilo.com\/fr\/cours-de-grec\/vue-ensemble-cours-de-grec-intensifs-une-semaine\/","name":"cours de grec intensifs d\u2019une semaine - Vue d'ensemble | Omilo","isPartOf":{"@id":"https:\/\/omilo.com\/fr\/#website"},"datePublished":"2016-07-06T13:18:56+00:00","dateModified":"2023-10-17T13:35:08+00:00","description":"Apprendre le Grec en Grece. Les cours de grec intensifs. The Omilo Greek language and culture courses are ideal to learn Greek (all levels)","breadcrumb":{"@id":"https:\/\/omilo.com\/fr\/cours-de-grec\/vue-ensemble-cours-de-grec-intensifs-une-semaine\/#breadcrumb"},"inLanguage":"fr-FR","potentialAction":[{"@type":"ReadAction","target":["https:\/\/omilo.com\/fr\/cours-de-grec\/vue-ensemble-cours-de-grec-intensifs-une-semaine\/"]}]},{"@type":"BreadcrumbList","@id":"https:\/\/omilo.com\/fr\/cours-de-grec\/vue-ensemble-cours-de-grec-intensifs-une-semaine\/#breadcrumb","itemListElement":[{"@type":"ListItem","position":1,"name":"Home","item":"https:\/\/omilo.com\/fr\/"},{"@type":"ListItem","position":2,"name":"Cours de grec","item":"https:\/\/omilo.com\/fr\/cours-de-grec\/"},{"@type":"ListItem","position":3,"name":"cours de grec intensifs d\u2019une semaine &#8211; Vue d&#8217;ensemble"}]},{"@type":"WebSite","@id":"https:\/\/omilo.com\/fr\/#website","url":"https:\/\/omilo.com\/fr\/","name":"Omilo","description":"Learning Greek in Greece","publisher":{"@id":"https:\/\/omilo.com\/fr\/#organization"},"potentialAction":[{"@type":"SearchAction","target":{"@type":"EntryPoint","urlTemplate":"https:\/\/omilo.com\/fr\/?s={search_term_string}"},"query-input":{"@type":"PropertyValueSpecification","valueRequired":true,"valueName":"search_term_string"}}],"inLanguage":"fr-FR"},{"@type":"Organization","@id":"https:\/\/omilo.com\/fr\/#organization","name":"Omilo | Greek Language & Culture","url":"https:\/\/omilo.com\/fr\/","logo":{"@type":"ImageObject","inLanguage":"fr-FR","@id":"https:\/\/omilo.com\/fr\/#\/schema\/logo\/image\/","url":"https:\/\/omilo.com\/wp-content\/uploads\/2017\/12\/logo-landing.png","contentUrl":"https:\/\/omilo.com\/wp-content\/uploads\/2017\/12\/logo-landing.png","width":280,"height":99,"caption":"Omilo | Greek Language & Culture"},"image":{"@id":"https:\/\/omilo.com\/fr\/#\/schema\/logo\/image\/"},"sameAs":["https:\/\/www.facebook.com\/omilohellas\/","https:\/\/x.com\/OmiloHellas","https:\/\/www.linkedin.com\/company\/omilo-greek-language-and-culture","https:\/\/www.youtube.com\/user\/omiloteam"]}]}},"_links":{"self":[{"href":"https:\/\/omilo.com\/fr\/wp-json\/wp\/v2\/pages\/6333"}],"collection":[{"href":"https:\/\/omilo.com\/fr\/wp-json\/wp\/v2\/pages"}],"about":[{"href":"https:\/\/omilo.com\/fr\/wp-json\/wp\/v2\/types\/page"}],"author":[{"embeddable":true,"href":"https:\/\/omilo.com\/fr\/wp-json\/wp\/v2\/users\/8"}],"replies":[{"embeddable":true,"href":"https:\/\/omilo.com\/fr\/wp-json\/wp\/v2\/comments?post=6333"}],"version-history":[{"count":"4","href":"https:\/\/omilo.com\/fr\/wp-json\/wp\/v2\/pages\/6333\/revisions"}],"predecessor-version":[{"id":36318,"href":"https:\/\/omilo.com\/fr\/wp-json\/wp\/v2\/pages\/6333\/revisions\/36318"}],"up":[{"embeddable":true,"href":"https:\/\/omilo.com\/fr\/wp-json\/wp\/v2\/pages\/6311"}],"wp:attachment":[{"href":"https:\/\/omilo.com\/fr\/wp-json\/wp\/v2\/media?parent=6333"}],"curies":[{"name":"wp","href":"https:\/\/api.w.org\/{rel}","templated":true}]}}