{"id":6329,"date":"2025-10-06T16:42:19","date_gmt":"2025-10-06T13:42:19","guid":{"rendered":"http:\/\/www.thesandbox.eu\/fr\/greek-language-courses\/overview-individual-greek-courses\/"},"modified":"2025-10-19T16:48:13","modified_gmt":"2025-10-19T13:48:13","slug":"vue-ensemble-cours-de-grec-particuliers","status":"publish","type":"page","link":"https:\/\/omilo.com\/fr\/cours-de-grec\/vue-ensemble-cours-de-grec-particuliers\/","title":{"rendered":"Cours de grec particuliers et en ligne"},"content":{"rendered":"<div id='av_section_1'  class='avia-section main_color avia-section-default avia-no-border-styling  avia-full-stretch avia-bg-style-scroll  avia-builder-el-0  el_before_av_section  avia-builder-el-first   av-minimum-height av-minimum-height-custom  container_wrap sidebar_right' style='background-repeat: no-repeat; background-image: url(https:\/\/omilo.com\/wp-content\/uploads\/2016\/12\/omilo-overview-individual-001-1500x500.jpg);background-attachment: scroll; background-position: center center;  '  data-section-bg-repeat='stretch'><div class='container' style='height:260px'><main  role=\"main\" itemprop=\"mainContentOfPage\"  class='template-page content  av-content-small alpha units'><div class='post-entry post-entry-type-page post-entry-6329'><div class='entry-content-wrapper clearfix'>\n<\/div><\/div><\/main><!-- close content main element --><\/div><\/div><div id='top'  class='avia-section main_color avia-section-default avia-no-border-styling  avia-bg-style-scroll  avia-builder-el-1  el_after_av_section  avia-builder-el-last   container_wrap sidebar_right' style='background-color: #eeeeee;  '  ><div class='container' ><div class='template-page content  av-content-small alpha units'><div class='post-entry post-entry-type-page post-entry-6329'><div class='entry-content-wrapper clearfix'>\n<div class=\"flex_column av_one_half  flex_column_div av-zero-column-padding first  avia-builder-el-2  el_before_av_one_half  avia-builder-el-first  \" style='border-radius:0px; '><div  style='padding-bottom:10px; ' class='av-special-heading av-special-heading-h1  blockquote modern-quote  avia-builder-el-3  avia-builder-el-no-sibling  '><h1 class='av-special-heading-tag '  itemprop=\"headline\"  >cours de grec particuliers et en ligne<\/h1><div class ='av-subheading av-subheading_below  ' style='font-size:15px;'><p>Avancez \u00e0 votre rythme !<\/p>\n<p>Cours en ligne<\/p>\n<\/div><div class='special-heading-border'><div class='special-heading-inner-border' ><\/div><\/div><\/div><\/div><div class=\"flex_column av_one_half  flex_column_div av-zero-column-padding   avia-builder-el-4  el_after_av_one_half  avia-builder-el-last  \" style='border-radius:0px; '><p><section class=\"av_textblock_section \"  itemscope=\"itemscope\" itemtype=\"https:\/\/schema.org\/CreativeWork\" ><div class='avia_textblock  '   itemprop=\"text\" ><p><strong>Vous pr\u00e9f\u00e9rez avancer \u00e0 votre rythme, quand vous voulez et o\u00f9 vous voulez? <\/strong><\/p>\n<\/div><\/section><br \/>\n<div  class='avia-button-wrap avia-button-left  avia-builder-el-6  el_after_av_textblock  el_before_av_button ' ><a href='https:\/\/omilo.com\/fr\/cours\/cours-particuliers-de-grec\/'  class='avia-button av-icon-on-hover  avia-icon_select-yes-right-icon avia-size-small avia-position-left '  target=\"_blank\"  rel=\"noopener noreferrer\" style='background-color:#e3b505; border-color:#e3b505; color:#ffffff; ' ><span class='avia_iconbox_title' >Priv\u00e9 <\/span><span class='avia_button_icon avia_button_icon_right' aria-hidden='true' data-av_icon='\ue875' data-av_iconfont='entypo-fontello'><\/span><\/a><\/div><br \/>\n<div  class='avia-button-wrap avia-button-left  avia-builder-el-7  el_after_av_button  el_before_av_textblock ' ><a href='https:\/\/omilo.com\/fr\/cours\/cours-de-grec-via-skype\/'  class='avia-button av-icon-on-hover  avia-icon_select-yes-right-icon avia-size-small avia-position-left '  target=\"_blank\"  rel=\"noopener noreferrer\" style='background-color:#e3b505; border-color:#e3b505; color:#ffffff; ' ><span class='avia_iconbox_title' >cours en ligne<\/span><span class='avia_button_icon avia_button_icon_right' aria-hidden='true' data-av_icon='\ue875' data-av_iconfont='entypo-fontello'><\/span><\/a><\/div><br \/>\n<section class=\"av_textblock_section \"  itemscope=\"itemscope\" itemtype=\"https:\/\/schema.org\/CreativeWork\" ><div class='avia_textblock  '   itemprop=\"text\" ><p>Rien d\u2019impossible avec des cours particuliers \u2026<\/p>\n<ul>\n<li>d\u00e9veloppez les quatre comp\u00e9tences linguistiques: parler, \u00e9couter, lire et \u00e9crire;<\/li>\n<li>optez pour des cours sur mesure adapt\u00e9s \u00e0 vos besoins, vos int\u00e9r\u00eats et vos pr\u00e9f\u00e9rences;<\/li>\n<li>fixez vous-m\u00eame votre horaire;<\/li>\n<li>annulez un cours sans frais suppl\u00e9mentaires (\u00e0 condition de nous pr\u00e9venir 48 heures \u00e0 l\u2019avance);<\/li>\n<li>inscrivez-vous \u00e0 une semaine de cours intensifs si vous \u00eates de passage \u00e0 Ath\u00e8nes;<\/li>\n<li>choisissez entre des cours particuliers en Gr\u00e8ce ou des le\u00e7ons par Skype chez vous, ou combinez les deux;<\/li>\n<li>prenez des cours individuels, \u00e0 deux ou en groupe.<\/li>\n<\/ul>\n<\/div><\/section><\/p><\/div><\/div><\/div><\/div><!-- close content main div --><\/div><\/div><div id='after_section_2'  class='main_color av_default_container_wrap container_wrap sidebar_right' style=' '  ><div class='container' ><div class='template-page content  av-content-small alpha units'><div class='post-entry post-entry-type-page post-entry-6329'><div class='entry-content-wrapper clearfix'>\n","protected":false},"excerpt":{"rendered":"","protected":false},"author":8,"featured_media":0,"parent":6311,"menu_order":0,"comment_status":"closed","ping_status":"closed","template":"","meta":{"footnotes":""},"yoast_head":"<!-- This site is optimized with the Yoast SEO plugin v24.5 - https:\/\/yoast.com\/wordpress\/plugins\/seo\/ -->\n<title>Cours de grec particuliers et en ligne | Omilo<\/title>\n<meta name=\"description\" content=\"des cours de grec particuliers \u2026Cours particuliers ou en ligne\" \/>\n<meta name=\"robots\" content=\"index, follow, max-snippet:-1, max-image-preview:large, max-video-preview:-1\" \/>\n<link rel=\"canonical\" href=\"https:\/\/omilo.com\/fr\/cours-de-grec\/vue-ensemble-cours-de-grec-particuliers\/\" \/>\n<meta property=\"og:locale\" content=\"fr_FR\" \/>\n<meta property=\"og:type\" content=\"article\" \/>\n<meta property=\"og:title\" content=\"Cours de grec particuliers et en ligne | Omilo\" \/>\n<meta property=\"og:description\" content=\"des cours de grec particuliers \u2026Cours particuliers ou en ligne\" \/>\n<meta property=\"og:url\" content=\"https:\/\/omilo.com\/fr\/cours-de-grec\/vue-ensemble-cours-de-grec-particuliers\/\" \/>\n<meta property=\"og:site_name\" content=\"Omilo\" \/>\n<meta property=\"article:publisher\" content=\"https:\/\/www.facebook.com\/omilohellas\/\" \/>\n<meta property=\"article:modified_time\" content=\"2025-10-19T13:48:13+00:00\" \/>\n<meta property=\"og:image\" content=\"https:\/\/omilo.com\/wp-content\/uploads\/2017\/12\/fb-image.jpg\" \/>\n\t<meta property=\"og:image:width\" content=\"960\" \/>\n\t<meta property=\"og:image:height\" content=\"960\" \/>\n\t<meta property=\"og:image:type\" content=\"image\/jpeg\" \/>\n<meta name=\"twitter:card\" content=\"summary_large_image\" \/>\n<meta name=\"twitter:site\" content=\"@OmiloHellas\" \/>\n<meta name=\"twitter:label1\" content=\"Dur\u00e9e de lecture estim\u00e9e\" \/>\n\t<meta name=\"twitter:data1\" content=\"2 minutes\" \/>\n<script type=\"application\/ld+json\" class=\"yoast-schema-graph\">{\"@context\":\"https:\/\/schema.org\",\"@graph\":[{\"@type\":\"WebPage\",\"@id\":\"https:\/\/omilo.com\/fr\/cours-de-grec\/vue-ensemble-cours-de-grec-particuliers\/\",\"url\":\"https:\/\/omilo.com\/fr\/cours-de-grec\/vue-ensemble-cours-de-grec-particuliers\/\",\"name\":\"Cours de grec particuliers et en ligne | Omilo\",\"isPartOf\":{\"@id\":\"https:\/\/omilo.com\/fr\/#website\"},\"datePublished\":\"2025-10-06T13:42:19+00:00\",\"dateModified\":\"2025-10-19T13:48:13+00:00\",\"description\":\"des cours de grec particuliers \u2026Cours particuliers ou en ligne\",\"breadcrumb\":{\"@id\":\"https:\/\/omilo.com\/fr\/cours-de-grec\/vue-ensemble-cours-de-grec-particuliers\/#breadcrumb\"},\"inLanguage\":\"fr-FR\",\"potentialAction\":[{\"@type\":\"ReadAction\",\"target\":[\"https:\/\/omilo.com\/fr\/cours-de-grec\/vue-ensemble-cours-de-grec-particuliers\/\"]}]},{\"@type\":\"BreadcrumbList\",\"@id\":\"https:\/\/omilo.com\/fr\/cours-de-grec\/vue-ensemble-cours-de-grec-particuliers\/#breadcrumb\",\"itemListElement\":[{\"@type\":\"ListItem\",\"position\":1,\"name\":\"Home\",\"item\":\"https:\/\/omilo.com\/fr\/\"},{\"@type\":\"ListItem\",\"position\":2,\"name\":\"Cours de grec\",\"item\":\"https:\/\/omilo.com\/fr\/cours-de-grec\/\"},{\"@type\":\"ListItem\",\"position\":3,\"name\":\"Cours de grec particuliers et en ligne\"}]},{\"@type\":\"WebSite\",\"@id\":\"https:\/\/omilo.com\/fr\/#website\",\"url\":\"https:\/\/omilo.com\/fr\/\",\"name\":\"Omilo\",\"description\":\"Learning Greek in Greece\",\"publisher\":{\"@id\":\"https:\/\/omilo.com\/fr\/#organization\"},\"potentialAction\":[{\"@type\":\"SearchAction\",\"target\":{\"@type\":\"EntryPoint\",\"urlTemplate\":\"https:\/\/omilo.com\/fr\/?s={search_term_string}\"},\"query-input\":{\"@type\":\"PropertyValueSpecification\",\"valueRequired\":true,\"valueName\":\"search_term_string\"}}],\"inLanguage\":\"fr-FR\"},{\"@type\":\"Organization\",\"@id\":\"https:\/\/omilo.com\/fr\/#organization\",\"name\":\"Omilo | Greek Language & Culture\",\"url\":\"https:\/\/omilo.com\/fr\/\",\"logo\":{\"@type\":\"ImageObject\",\"inLanguage\":\"fr-FR\",\"@id\":\"https:\/\/omilo.com\/fr\/#\/schema\/logo\/image\/\",\"url\":\"https:\/\/omilo.com\/wp-content\/uploads\/2017\/12\/logo-landing.png\",\"contentUrl\":\"https:\/\/omilo.com\/wp-content\/uploads\/2017\/12\/logo-landing.png\",\"width\":280,\"height\":99,\"caption\":\"Omilo | Greek Language & Culture\"},\"image\":{\"@id\":\"https:\/\/omilo.com\/fr\/#\/schema\/logo\/image\/\"},\"sameAs\":[\"https:\/\/www.facebook.com\/omilohellas\/\",\"https:\/\/x.com\/OmiloHellas\",\"https:\/\/www.linkedin.com\/company\/omilo-greek-language-and-culture\",\"https:\/\/www.youtube.com\/user\/omiloteam\"]}]}<\/script>\n<!-- \/ Yoast SEO plugin. -->","yoast_head_json":{"title":"Cours de grec particuliers et en ligne | Omilo","description":"des cours de grec particuliers \u2026Cours particuliers ou en ligne","robots":{"index":"index","follow":"follow","max-snippet":"max-snippet:-1","max-image-preview":"max-image-preview:large","max-video-preview":"max-video-preview:-1"},"canonical":"https:\/\/omilo.com\/fr\/cours-de-grec\/vue-ensemble-cours-de-grec-particuliers\/","og_locale":"fr_FR","og_type":"article","og_title":"Cours de grec particuliers et en ligne | Omilo","og_description":"des cours de grec particuliers \u2026Cours particuliers ou en ligne","og_url":"https:\/\/omilo.com\/fr\/cours-de-grec\/vue-ensemble-cours-de-grec-particuliers\/","og_site_name":"Omilo","article_publisher":"https:\/\/www.facebook.com\/omilohellas\/","article_modified_time":"2025-10-19T13:48:13+00:00","og_image":[{"width":960,"height":960,"url":"https:\/\/omilo.com\/wp-content\/uploads\/2017\/12\/fb-image.jpg","type":"image\/jpeg"}],"twitter_card":"summary_large_image","twitter_site":"@OmiloHellas","twitter_misc":{"Dur\u00e9e de lecture estim\u00e9e":"2 minutes"},"schema":{"@context":"https:\/\/schema.org","@graph":[{"@type":"WebPage","@id":"https:\/\/omilo.com\/fr\/cours-de-grec\/vue-ensemble-cours-de-grec-particuliers\/","url":"https:\/\/omilo.com\/fr\/cours-de-grec\/vue-ensemble-cours-de-grec-particuliers\/","name":"Cours de grec particuliers et en ligne | Omilo","isPartOf":{"@id":"https:\/\/omilo.com\/fr\/#website"},"datePublished":"2025-10-06T13:42:19+00:00","dateModified":"2025-10-19T13:48:13+00:00","description":"des cours de grec particuliers \u2026Cours particuliers ou en ligne","breadcrumb":{"@id":"https:\/\/omilo.com\/fr\/cours-de-grec\/vue-ensemble-cours-de-grec-particuliers\/#breadcrumb"},"inLanguage":"fr-FR","potentialAction":[{"@type":"ReadAction","target":["https:\/\/omilo.com\/fr\/cours-de-grec\/vue-ensemble-cours-de-grec-particuliers\/"]}]},{"@type":"BreadcrumbList","@id":"https:\/\/omilo.com\/fr\/cours-de-grec\/vue-ensemble-cours-de-grec-particuliers\/#breadcrumb","itemListElement":[{"@type":"ListItem","position":1,"name":"Home","item":"https:\/\/omilo.com\/fr\/"},{"@type":"ListItem","position":2,"name":"Cours de grec","item":"https:\/\/omilo.com\/fr\/cours-de-grec\/"},{"@type":"ListItem","position":3,"name":"Cours de grec particuliers et en ligne"}]},{"@type":"WebSite","@id":"https:\/\/omilo.com\/fr\/#website","url":"https:\/\/omilo.com\/fr\/","name":"Omilo","description":"Learning Greek in Greece","publisher":{"@id":"https:\/\/omilo.com\/fr\/#organization"},"potentialAction":[{"@type":"SearchAction","target":{"@type":"EntryPoint","urlTemplate":"https:\/\/omilo.com\/fr\/?s={search_term_string}"},"query-input":{"@type":"PropertyValueSpecification","valueRequired":true,"valueName":"search_term_string"}}],"inLanguage":"fr-FR"},{"@type":"Organization","@id":"https:\/\/omilo.com\/fr\/#organization","name":"Omilo | Greek Language & Culture","url":"https:\/\/omilo.com\/fr\/","logo":{"@type":"ImageObject","inLanguage":"fr-FR","@id":"https:\/\/omilo.com\/fr\/#\/schema\/logo\/image\/","url":"https:\/\/omilo.com\/wp-content\/uploads\/2017\/12\/logo-landing.png","contentUrl":"https:\/\/omilo.com\/wp-content\/uploads\/2017\/12\/logo-landing.png","width":280,"height":99,"caption":"Omilo | Greek Language & Culture"},"image":{"@id":"https:\/\/omilo.com\/fr\/#\/schema\/logo\/image\/"},"sameAs":["https:\/\/www.facebook.com\/omilohellas\/","https:\/\/x.com\/OmiloHellas","https:\/\/www.linkedin.com\/company\/omilo-greek-language-and-culture","https:\/\/www.youtube.com\/user\/omiloteam"]}]}},"_links":{"self":[{"href":"https:\/\/omilo.com\/fr\/wp-json\/wp\/v2\/pages\/6329"}],"collection":[{"href":"https:\/\/omilo.com\/fr\/wp-json\/wp\/v2\/pages"}],"about":[{"href":"https:\/\/omilo.com\/fr\/wp-json\/wp\/v2\/types\/page"}],"author":[{"embeddable":true,"href":"https:\/\/omilo.com\/fr\/wp-json\/wp\/v2\/users\/8"}],"replies":[{"embeddable":true,"href":"https:\/\/omilo.com\/fr\/wp-json\/wp\/v2\/comments?post=6329"}],"version-history":[{"count":"3","href":"https:\/\/omilo.com\/fr\/wp-json\/wp\/v2\/pages\/6329\/revisions"}],"predecessor-version":[{"id":39920,"href":"https:\/\/omilo.com\/fr\/wp-json\/wp\/v2\/pages\/6329\/revisions\/39920"}],"up":[{"embeddable":true,"href":"https:\/\/omilo.com\/fr\/wp-json\/wp\/v2\/pages\/6311"}],"wp:attachment":[{"href":"https:\/\/omilo.com\/fr\/wp-json\/wp\/v2\/media?parent=6329"}],"curies":[{"name":"wp","href":"https:\/\/api.w.org\/{rel}","templated":true}]}}