{"id":6323,"date":"2016-07-06T18:19:53","date_gmt":"2016-07-06T15:19:53","guid":{"rendered":"http:\/\/www.thesandbox.eu\/fr\/greek-language-courses\/greek-language-levels\/"},"modified":"2022-10-01T18:13:58","modified_gmt":"2022-10-01T15:13:58","slug":"niveaux-de-langue-en-grec","status":"publish","type":"page","link":"https:\/\/omilo.com\/fr\/cours-de-grec\/niveaux-de-langue-en-grec\/","title":{"rendered":"Niveaux de langue en grec"},"content":{"rendered":"<div id='av_section_1'  class='avia-section main_color avia-section-default avia-no-border-styling  avia-full-stretch avia-bg-style-scroll  avia-builder-el-0  el_before_av_section  avia-builder-el-first   av-minimum-height av-minimum-height-custom  container_wrap sidebar_right' style='background-repeat: no-repeat; background-image: url(https:\/\/omilo.com\/wp-content\/uploads\/2016\/12\/omilo-language-level-001-1500x391.jpg);background-attachment: scroll; background-position: center center;  '  data-section-bg-repeat='stretch'><div class='container' style='height:350px'><main  role=\"main\" itemprop=\"mainContentOfPage\"  class='template-page content  av-content-small alpha units'><div class='post-entry post-entry-type-page post-entry-6323'><div class='entry-content-wrapper clearfix'>\n<\/div><\/div><\/main><!-- close content main element --><\/div><\/div><div id='top'  class='avia-section main_color avia-section-default avia-no-border-styling  avia-bg-style-scroll  avia-builder-el-1  el_after_av_section  el_before_av_section   container_wrap sidebar_right' style='background-color: #eeeeee;  '  ><div class='container' ><div class='template-page content  av-content-small alpha units'><div class='post-entry post-entry-type-page post-entry-6323'><div class='entry-content-wrapper clearfix'>\n<div class=\"flex_column av_one_half  flex_column_div av-zero-column-padding first  avia-builder-el-2  el_before_av_one_half  avia-builder-el-first  \" style='border-radius:0px; '><section class=\"av_textblock_section \"  itemscope=\"itemscope\" itemtype=\"https:\/\/schema.org\/CreativeWork\" ><div class='avia_textblock  '   itemprop=\"text\" ><h1>Niveaux de langue en grec<\/h1>\n<\/div><\/section><\/div><div class=\"flex_column av_one_half  flex_column_div av-zero-column-padding   avia-builder-el-4  el_after_av_one_half  avia-builder-el-last  \" style='border-radius:0px; '><section class=\"av_textblock_section \"  itemscope=\"itemscope\" itemtype=\"https:\/\/schema.org\/CreativeWork\" ><div class='avia_textblock  '   itemprop=\"text\" ><p>La description des niveaux de langue ci-dessous vous donnera une id\u00e9e plus pr\u00e9cise de ce qui est abord\u00e9 dans le cours collectif correspondant. (*)<\/p>\n<p>Dans le <a href=\"https:\/\/omilo.com\/fr\/inscription\/\">formulaire d&rsquo;inscription au cours,<\/a> il vous sera demand\u00e9 d&rsquo;indiquer votre niveau de langue, le nombre de mois ou d&rsquo;ann\u00e9es de pratique du grec ou encore les methodes de langue utilis\u00e9es dans le pass\u00e9.<br \/>\nMerci d&rsquo;indiquer le niveau de langue qui vous semble \u00eatre le v\u00f4tre (sur la base du descriptif dans le tableau ci-apr\u00e8s).<\/p>\n<p>Pour les \u00e9tudiants qui souhaitent obtenir un <a href=\"https:\/\/omilo.com\/fr\/cours\/preparation-aux-examens\/\">certificat de connaissance de la langue grecque<\/a>, les informations indiqu\u00e9es dans la colonne de droite vous permettront d&rsquo;identifier le niveau correspondant.<\/p>\n<p><em>(*) Afin de pouvoir couvrir le vocabulaire et la grammaire abord\u00e9s \u00e0 chaque niveau, un \u00e9tudiant aura en moyenne besoin de 40heures de cours ainsi que du travail personnel.<\/em><\/p>\n<\/div><\/section><\/div>\n\n<\/div><\/div><\/div><!-- close content main div --><\/div><\/div><div id='av_section_3'  class='avia-section main_color avia-section-default avia-no-border-styling  avia-bg-style-scroll  avia-builder-el-6  el_after_av_section  el_before_av_section   container_wrap sidebar_right' style=' '  ><div class='container' ><div class='template-page content  av-content-small alpha units'><div class='post-entry post-entry-type-page post-entry-6323'><div class='entry-content-wrapper clearfix'>\n<div class='avia-data-table-wrap avia_responsive_table'><table  class='avia-table avia-data-table avia-table-1  avia-builder-el-7  avia-builder-el-no-sibling  avia_pricing_default '  itemscope=\"itemscope\" itemtype=\"https:\/\/schema.org\/Table\" ><tbody><tr class='avia-heading-row'><th class='avia-center-col'>Level<\/th><th class='avia-center-col'>Description<\/th><th class='avia-center-col'>Corresponding EU- CEFR (Common European Framework of Reference)<\/th><\/tr><tr class=''><td class='avia-center-col'><strong>Absolute Beginner<br \/>\n(Abs. BEG)<\/strong><\/td><td class='avia-center-col'>Le niveau d\u00e9butant absolu se compose de 2 parties :<br \/>\nun. L&rsquo;introduction \u00e0 l&rsquo;alphabet grec (lecture &amp; \u00e9criture) et au vocabulaire de base (*)(**)<br \/>\nb. Vous \u00e9largirez votre vocabulaire et apprendrez les premi\u00e8res bases de la grammaire grecque.<\/p>\n<p>Vocabulaire : langage quotidien de base. Vous apprendrez \u00e0 saluer quelqu&rsquo;un, \u00e0 vous pr\u00e9senter (quel est votre nom, de quel pays vous venez, o\u00f9 vous habitez, quel m\u00e9tier vous faites, quelles langues vous parlez, quelle est votre situation familiale), \u00e0 \u200b\u200bfaire des courses (vocabulaire de base) . Vous vous familiariserez \u00e9galement avec les chiffres.<\/p>\n<p>Grammaire : verbes au pr\u00e9sent, articles, pronoms possessifs, adjectifs, nominatif<\/p>\n<p>(*) Vous avez la possibilit\u00e9 de faire cette partie avant de suivre un cours Omilo afin d&rsquo;\u00eatre pr\u00eat \u00e0 vous inscrire au niveau D\u00e9butants 1 (voir ci-dessous). Cliquez ici pour plus d&rsquo;informations.<\/p>\n<p>(**) Pour ceux qui ont \u00e9tudi\u00e9 le grec ancien au lyc\u00e9e, sachez que cela vous aidera beaucoup, mais il y a encore quelques diff\u00e9rences et il est certain que la prononciation en grec moderne est tr\u00e8s diff\u00e9rente de la prononciation du grec ancien ( enseign\u00e9 dans des \u00e9coles en dehors de la Gr\u00e8ce).<\/td><td class='avia-center-col'>\/<\/td><\/tr><tr class=''><td class='avia-center-col'><strong>D\u00e9butant 1<br \/>\n(BEG1)<\/strong><\/td><td class='avia-center-col'>Ce cours est pour ceux qui connaissent d\u00e9j\u00e0 l&rsquo;alphabet et le vocabulaire de base pour se pr\u00e9senter.<br \/>\nb. ceux qui ont suivi le cours d&rsquo;alphabet grec \u00e0 Omilo, au moins un mois avant votre cours intensif \u00e0 Omilo.<\/p>\n<p>Introduction \u00e0 l&rsquo;alphabet et \u00e0 la prononciation du grec moderne.<\/p>\n<p>Vocabulaire\u00a0: langage quotidien de base. Vous apprendrez \u00e0 saluer quelqu&rsquo;un, \u00e0 vous pr\u00e9senter (quel est votre nom, de quel pays vous venez, o\u00f9 vous habitez, quel m\u00e9tier vous faites, quelles langues vous parlez, quelle est votre situation familiale), \u00e0 \u200b\u200binterroger quelqu&rsquo;un sur toutes les informations pr\u00e9c\u00e9dentes (de mani\u00e8re formelle \u2013 informelle), faire des emplettes (vocabulaire de base), lire l&rsquo;heure, parler de vos routines et activit\u00e9s quotidiennes. Vous vous familiariserez \u00e9galement avec les chiffres.<\/p>\n<p>Grammair\u00a0: verbes au pr\u00e9sent, articles, pronoms possessifs, adjectifs, nominatif &#8211; accusatif, adverbes de fr\u00e9quence.<\/td><td class='avia-center-col'>A1 \u2013 Basic User<\/td><\/tr><tr class=''><td class='avia-center-col'><strong>D\u00e9butant 2<br \/>\n(BEG2)<\/strong><\/td><td class='avia-center-col'>Ce cours constitue la suite logique de D\u00e9butant \u2013 grec 1 (BEG1), avec un \u00e9largissement du vocabulaire et des connaissances grammaticales, ainsi que des aptitudes \u00e0 la lecture et \u00e0 l\u2019\u00e9criture. Il est \u00e9galement destin\u00e9 aux personnes qui ont un minimum de connaissances du grec moderne. Les participants apprendront \u00e0 ma\u00eetriser la plupart des situations de la vie quotidienne et \u00e0 faire part de leur avis, \u00e0 demander leur chemin et \u00e0 comprendre les r\u00e9ponses qui leur seront alors donn\u00e9es, \u00e0 demander des horaires, \u00e0 r\u00e9server un billet et un voyage, \u00e0 lire des brochures d\u2019information simples, etc. Introduction au futur et aux temps du pass\u00e9.<\/td><td class='avia-center-col'>A1 \u2013 Basic User<\/td><\/tr><tr class=''><td class='avia-center-col'><strong>Interm\u00e9diaire 1<br \/>\n(INT1)<\/strong><\/td><td class='avia-center-col'>Les personnes qui ma\u00eetrisent d\u00e9j\u00e0 un grec de base sont souvent effray\u00e9es \u00e0 l\u2019id\u00e9e de devoir utiliser la langue de mani\u00e8re active. Ce cours d\u00e9veloppe les comp\u00e9tences des participants en leur proposant une r\u00e9vision de la grammaire, en l\u2019approfondissant (le futur et le pass\u00e9), en \u00e9largissant le vocabulaire et en leur donnant des automatismes et des solutions pour d\u00e9crire et raconter au futur et au pass\u00e9. Des questions plus \u00e9pineuses de grammaire sont pr\u00e9sent\u00e9es et\/ou revues, comme le passif, les temps du pass\u00e9 (aoriste et imparfait), du futur (futur simple et continu), pronoms personnels.<\/td><td class='avia-center-col'>A2 \u2013 Basic User<\/td><\/tr><tr class=''><td class='avia-center-col'><strong>Interm\u00e9diaire 2<br \/>\n(INT2)<\/strong><\/td><td class='avia-center-col'>L\u2019objectif de ce cours est d\u2019aider les participants \u00e0 gagner en assurance, puis \u00e0 \u00e9largir sensiblement leurs acquis. Ils font de courtes pr\u00e9sentations sur divers sujets, qui feront l\u2019objet d\u2019un devoir \u00e9crit, r\u00e9vis\u00e9 ensuite en classe. Lecture de textes comme base de conversation. Exercices de compr\u00e9hension orale et conversations ouvertes sur des sujets non sp\u00e9cialis\u00e9s, apprendre \u00e0 argumenter, r\u00e9diger des courriers et \u00e9crire des histoires. Expressions et tournures. Les cours sont dispens\u00e9s en grec. A l\u2019issue de ce niveau, les participants peuvent commencer \u00e0 lire des extraits choisis de la litt\u00e9rature grecque et de petits articles tir\u00e9s de la presse quotidienne.<\/td><td class='avia-center-col'>A2 \u2013 Basic User and B1 \u2013 Independent User<\/td><\/tr><tr class=''><td class='avia-center-col'><strong>Avanc\u00e9 1<br \/>\n(ADV1)<\/strong><\/td><td class='avia-center-col'>Indispensable : \u00eatre capable de communiquer en grec dans des situations assez difficiles. Ce niveau \u00e9largit et affine les connaissances en langue grecque du participant et ses capacit\u00e9s \u00e0 communiquer. Entre autres, lectures choisies: textes politiques, culturels, \u00e9conomiques et sur des questions de la vie de tous les jours, mais aussi litt\u00e9rature, chansons, etc. Ach\u00e8vement de l\u2019apprentissage du passif et de la plupart des r\u00e8gles de grammaire. Discussions de classe ouvertes, exercice de compr\u00e9hension orale et d\u2019expression \u00e9crite. Les cours sont dispens\u00e9s en grec.<\/td><td class='avia-center-col'>B2 \u2013 Independent User<\/td><\/tr><tr class=''><td class='avia-center-col'><strong>Avanc\u00e9 2<br \/>\n(ADV2)<\/strong><\/td><td class='avia-center-col'>Indispensable: savoir tr\u00e8s bien s\u2019exprimer en grec dans la quasi-totalit\u00e9 des situations possibles. Le cours propose une \u00e9tude d\u00e9taill\u00e9e de textes en grec moderne (\u00e9crits et enregistrements) et quelque peu complexes, notamment de textes litt\u00e9raires et articles de journaux et magazines. Des \u00e9missions radio et des films r\u00e9cents pourront \u00e9galement \u00eatre envisag\u00e9s dans le cadre de ce cours. Les cours sont dispens\u00e9s en grec.<br \/>\nA l\u2019issue de ce cours, les participants sont capables de suivre des cours magistraux et d\u2019assister \u00e0 des pi\u00e8ces de th\u00e9\u00e2tre, de prendre part \u00e0 des discussions ouvertes sur des sujets des plus divers, professionnels ou sp\u00e9cialis\u00e9s, et de lire des romans et po\u00e8mes dans leur int\u00e9gralit\u00e9.<\/td><td class='avia-center-col'>C1 \u2013 Proficient User<\/td><\/tr><\/tbody><\/table><\/div><style type='text\/css'>.avia-table-1 td:nth-of-type(1):before { content: 'Level'; } .avia-table-1 td:nth-of-type(2):before { content: 'Description'; } .avia-table-1 td:nth-of-type(3):before { content: 'Corresponding EU- CEFR (Common European Framework of Reference)'; } <\/style>\n<\/div><\/div><\/div><!-- close content main div --><\/div><\/div><div id='av_section_4'  class='avia-section main_color avia-section-default avia-no-border-styling  avia-bg-style-scroll  avia-builder-el-8  el_after_av_section  avia-builder-el-last   container_wrap sidebar_right' style=' '  ><div class='container' ><div class='template-page content  av-content-small alpha units'><div class='post-entry post-entry-type-page post-entry-6323'><div class='entry-content-wrapper clearfix'><\/div><\/div><\/div><!-- close content main div --><\/div><\/div><div id='after_section_4'  class='main_color av_default_container_wrap container_wrap sidebar_right' style=' '  ><div class='container' ><div class='template-page content  av-content-small alpha units'><div class='post-entry post-entry-type-page post-entry-6323'><div class='entry-content-wrapper clearfix'><\/p>\n","protected":false},"excerpt":{"rendered":"","protected":false},"author":8,"featured_media":0,"parent":6311,"menu_order":0,"comment_status":"closed","ping_status":"closed","template":"","meta":{"footnotes":""},"yoast_head":"<!-- This site is optimized with the Yoast SEO plugin v24.5 - https:\/\/yoast.com\/wordpress\/plugins\/seo\/ -->\n<title>Niveaux de langue en grec | Omilo<\/title>\n<meta name=\"description\" content=\"La description des niveaux de langue ci-dessous vous donnera une id\u00e9e plus pr\u00e9cise de ce qui est abord\u00e9 dans le cours collectif correspondant.\" \/>\n<meta name=\"robots\" content=\"index, follow, max-snippet:-1, max-image-preview:large, max-video-preview:-1\" \/>\n<link rel=\"canonical\" href=\"https:\/\/omilo.com\/fr\/cours-de-grec\/niveaux-de-langue-en-grec\/\" \/>\n<meta property=\"og:locale\" content=\"fr_FR\" \/>\n<meta property=\"og:type\" content=\"article\" \/>\n<meta property=\"og:title\" content=\"Niveaux de langue en grec | Omilo\" \/>\n<meta property=\"og:description\" content=\"La description des niveaux de langue ci-dessous vous donnera une id\u00e9e plus pr\u00e9cise de ce qui est abord\u00e9 dans le cours collectif correspondant.\" \/>\n<meta property=\"og:url\" content=\"https:\/\/omilo.com\/fr\/cours-de-grec\/niveaux-de-langue-en-grec\/\" \/>\n<meta property=\"og:site_name\" content=\"Omilo\" \/>\n<meta property=\"article:publisher\" content=\"https:\/\/www.facebook.com\/omilohellas\/\" \/>\n<meta property=\"article:modified_time\" content=\"2022-10-01T15:13:58+00:00\" \/>\n<meta property=\"og:image\" content=\"https:\/\/omilo.com\/wp-content\/uploads\/2017\/12\/fb-image.jpg\" \/>\n\t<meta property=\"og:image:width\" content=\"960\" \/>\n\t<meta property=\"og:image:height\" content=\"960\" \/>\n\t<meta property=\"og:image:type\" content=\"image\/jpeg\" \/>\n<meta name=\"twitter:card\" content=\"summary_large_image\" \/>\n<meta name=\"twitter:site\" content=\"@OmiloHellas\" \/>\n<meta name=\"twitter:label1\" content=\"Dur\u00e9e de lecture estim\u00e9e\" \/>\n\t<meta name=\"twitter:data1\" content=\"9 minutes\" \/>\n<script type=\"application\/ld+json\" class=\"yoast-schema-graph\">{\"@context\":\"https:\/\/schema.org\",\"@graph\":[{\"@type\":\"WebPage\",\"@id\":\"https:\/\/omilo.com\/fr\/cours-de-grec\/niveaux-de-langue-en-grec\/\",\"url\":\"https:\/\/omilo.com\/fr\/cours-de-grec\/niveaux-de-langue-en-grec\/\",\"name\":\"Niveaux de langue en grec | Omilo\",\"isPartOf\":{\"@id\":\"https:\/\/omilo.com\/fr\/#website\"},\"datePublished\":\"2016-07-06T15:19:53+00:00\",\"dateModified\":\"2022-10-01T15:13:58+00:00\",\"description\":\"La description des niveaux de langue ci-dessous vous donnera une id\u00e9e plus pr\u00e9cise de ce qui est abord\u00e9 dans le cours collectif correspondant.\",\"breadcrumb\":{\"@id\":\"https:\/\/omilo.com\/fr\/cours-de-grec\/niveaux-de-langue-en-grec\/#breadcrumb\"},\"inLanguage\":\"fr-FR\",\"potentialAction\":[{\"@type\":\"ReadAction\",\"target\":[\"https:\/\/omilo.com\/fr\/cours-de-grec\/niveaux-de-langue-en-grec\/\"]}]},{\"@type\":\"BreadcrumbList\",\"@id\":\"https:\/\/omilo.com\/fr\/cours-de-grec\/niveaux-de-langue-en-grec\/#breadcrumb\",\"itemListElement\":[{\"@type\":\"ListItem\",\"position\":1,\"name\":\"Home\",\"item\":\"https:\/\/omilo.com\/fr\/\"},{\"@type\":\"ListItem\",\"position\":2,\"name\":\"Cours de grec\",\"item\":\"https:\/\/omilo.com\/fr\/cours-de-grec\/\"},{\"@type\":\"ListItem\",\"position\":3,\"name\":\"Niveaux de langue en grec\"}]},{\"@type\":\"WebSite\",\"@id\":\"https:\/\/omilo.com\/fr\/#website\",\"url\":\"https:\/\/omilo.com\/fr\/\",\"name\":\"Omilo\",\"description\":\"Learning Greek in Greece\",\"publisher\":{\"@id\":\"https:\/\/omilo.com\/fr\/#organization\"},\"potentialAction\":[{\"@type\":\"SearchAction\",\"target\":{\"@type\":\"EntryPoint\",\"urlTemplate\":\"https:\/\/omilo.com\/fr\/?s={search_term_string}\"},\"query-input\":{\"@type\":\"PropertyValueSpecification\",\"valueRequired\":true,\"valueName\":\"search_term_string\"}}],\"inLanguage\":\"fr-FR\"},{\"@type\":\"Organization\",\"@id\":\"https:\/\/omilo.com\/fr\/#organization\",\"name\":\"Omilo | Greek Language & Culture\",\"url\":\"https:\/\/omilo.com\/fr\/\",\"logo\":{\"@type\":\"ImageObject\",\"inLanguage\":\"fr-FR\",\"@id\":\"https:\/\/omilo.com\/fr\/#\/schema\/logo\/image\/\",\"url\":\"https:\/\/omilo.com\/wp-content\/uploads\/2017\/12\/logo-landing.png\",\"contentUrl\":\"https:\/\/omilo.com\/wp-content\/uploads\/2017\/12\/logo-landing.png\",\"width\":280,\"height\":99,\"caption\":\"Omilo | Greek Language & Culture\"},\"image\":{\"@id\":\"https:\/\/omilo.com\/fr\/#\/schema\/logo\/image\/\"},\"sameAs\":[\"https:\/\/www.facebook.com\/omilohellas\/\",\"https:\/\/x.com\/OmiloHellas\",\"https:\/\/www.linkedin.com\/company\/omilo-greek-language-and-culture\",\"https:\/\/www.youtube.com\/user\/omiloteam\"]}]}<\/script>\n<!-- \/ Yoast SEO plugin. -->","yoast_head_json":{"title":"Niveaux de langue en grec | Omilo","description":"La description des niveaux de langue ci-dessous vous donnera une id\u00e9e plus pr\u00e9cise de ce qui est abord\u00e9 dans le cours collectif correspondant.","robots":{"index":"index","follow":"follow","max-snippet":"max-snippet:-1","max-image-preview":"max-image-preview:large","max-video-preview":"max-video-preview:-1"},"canonical":"https:\/\/omilo.com\/fr\/cours-de-grec\/niveaux-de-langue-en-grec\/","og_locale":"fr_FR","og_type":"article","og_title":"Niveaux de langue en grec | Omilo","og_description":"La description des niveaux de langue ci-dessous vous donnera une id\u00e9e plus pr\u00e9cise de ce qui est abord\u00e9 dans le cours collectif correspondant.","og_url":"https:\/\/omilo.com\/fr\/cours-de-grec\/niveaux-de-langue-en-grec\/","og_site_name":"Omilo","article_publisher":"https:\/\/www.facebook.com\/omilohellas\/","article_modified_time":"2022-10-01T15:13:58+00:00","og_image":[{"width":960,"height":960,"url":"https:\/\/omilo.com\/wp-content\/uploads\/2017\/12\/fb-image.jpg","type":"image\/jpeg"}],"twitter_card":"summary_large_image","twitter_site":"@OmiloHellas","twitter_misc":{"Dur\u00e9e de lecture estim\u00e9e":"9 minutes"},"schema":{"@context":"https:\/\/schema.org","@graph":[{"@type":"WebPage","@id":"https:\/\/omilo.com\/fr\/cours-de-grec\/niveaux-de-langue-en-grec\/","url":"https:\/\/omilo.com\/fr\/cours-de-grec\/niveaux-de-langue-en-grec\/","name":"Niveaux de langue en grec | Omilo","isPartOf":{"@id":"https:\/\/omilo.com\/fr\/#website"},"datePublished":"2016-07-06T15:19:53+00:00","dateModified":"2022-10-01T15:13:58+00:00","description":"La description des niveaux de langue ci-dessous vous donnera une id\u00e9e plus pr\u00e9cise de ce qui est abord\u00e9 dans le cours collectif correspondant.","breadcrumb":{"@id":"https:\/\/omilo.com\/fr\/cours-de-grec\/niveaux-de-langue-en-grec\/#breadcrumb"},"inLanguage":"fr-FR","potentialAction":[{"@type":"ReadAction","target":["https:\/\/omilo.com\/fr\/cours-de-grec\/niveaux-de-langue-en-grec\/"]}]},{"@type":"BreadcrumbList","@id":"https:\/\/omilo.com\/fr\/cours-de-grec\/niveaux-de-langue-en-grec\/#breadcrumb","itemListElement":[{"@type":"ListItem","position":1,"name":"Home","item":"https:\/\/omilo.com\/fr\/"},{"@type":"ListItem","position":2,"name":"Cours de grec","item":"https:\/\/omilo.com\/fr\/cours-de-grec\/"},{"@type":"ListItem","position":3,"name":"Niveaux de langue en grec"}]},{"@type":"WebSite","@id":"https:\/\/omilo.com\/fr\/#website","url":"https:\/\/omilo.com\/fr\/","name":"Omilo","description":"Learning Greek in Greece","publisher":{"@id":"https:\/\/omilo.com\/fr\/#organization"},"potentialAction":[{"@type":"SearchAction","target":{"@type":"EntryPoint","urlTemplate":"https:\/\/omilo.com\/fr\/?s={search_term_string}"},"query-input":{"@type":"PropertyValueSpecification","valueRequired":true,"valueName":"search_term_string"}}],"inLanguage":"fr-FR"},{"@type":"Organization","@id":"https:\/\/omilo.com\/fr\/#organization","name":"Omilo | Greek Language & Culture","url":"https:\/\/omilo.com\/fr\/","logo":{"@type":"ImageObject","inLanguage":"fr-FR","@id":"https:\/\/omilo.com\/fr\/#\/schema\/logo\/image\/","url":"https:\/\/omilo.com\/wp-content\/uploads\/2017\/12\/logo-landing.png","contentUrl":"https:\/\/omilo.com\/wp-content\/uploads\/2017\/12\/logo-landing.png","width":280,"height":99,"caption":"Omilo | Greek Language & Culture"},"image":{"@id":"https:\/\/omilo.com\/fr\/#\/schema\/logo\/image\/"},"sameAs":["https:\/\/www.facebook.com\/omilohellas\/","https:\/\/x.com\/OmiloHellas","https:\/\/www.linkedin.com\/company\/omilo-greek-language-and-culture","https:\/\/www.youtube.com\/user\/omiloteam"]}]}},"_links":{"self":[{"href":"https:\/\/omilo.com\/fr\/wp-json\/wp\/v2\/pages\/6323"}],"collection":[{"href":"https:\/\/omilo.com\/fr\/wp-json\/wp\/v2\/pages"}],"about":[{"href":"https:\/\/omilo.com\/fr\/wp-json\/wp\/v2\/types\/page"}],"author":[{"embeddable":true,"href":"https:\/\/omilo.com\/fr\/wp-json\/wp\/v2\/users\/8"}],"replies":[{"embeddable":true,"href":"https:\/\/omilo.com\/fr\/wp-json\/wp\/v2\/comments?post=6323"}],"version-history":[{"count":"2","href":"https:\/\/omilo.com\/fr\/wp-json\/wp\/v2\/pages\/6323\/revisions"}],"predecessor-version":[{"id":32956,"href":"https:\/\/omilo.com\/fr\/wp-json\/wp\/v2\/pages\/6323\/revisions\/32956"}],"up":[{"embeddable":true,"href":"https:\/\/omilo.com\/fr\/wp-json\/wp\/v2\/pages\/6311"}],"wp:attachment":[{"href":"https:\/\/omilo.com\/fr\/wp-json\/wp\/v2\/media?parent=6323"}],"curies":[{"name":"wp","href":"https:\/\/api.w.org\/{rel}","templated":true}]}}