{"id":6168,"date":"2016-05-20T21:35:19","date_gmt":"2016-05-20T18:35:19","guid":{"rendered":"http:\/\/www.thesandbox.eu\/fr\/contact\/"},"modified":"2017-12-06T03:11:15","modified_gmt":"2017-12-06T01:11:15","slug":"contact","status":"publish","type":"page","link":"https:\/\/omilo.com\/fr\/contact\/","title":{"rendered":"Contact"},"content":{"rendered":"<div id='av_section_1'  class='avia-section main_color avia-section-default avia-no-border-styling  avia-full-stretch avia-bg-style-scroll  avia-builder-el-0  el_before_av_section  avia-builder-el-first   av-minimum-height av-minimum-height-custom  container_wrap sidebar_right' style='background-repeat: no-repeat; background-image: url(https:\/\/omilo.com\/wp-content\/uploads\/2017\/02\/omilo-contact-header-001.com_.jpg);background-attachment: scroll; background-position: center center;  '  data-section-bg-repeat='stretch'><div class='container' style='height:260px'><main  role=\"main\" itemprop=\"mainContentOfPage\"  class='template-page content  av-content-small alpha units'><div class='post-entry post-entry-type-page post-entry-6168'><div class='entry-content-wrapper clearfix'>\n<\/div><\/div><\/main><!-- close content main element --><\/div><\/div><div id='newsletter-subscription'  class='avia-section main_color avia-section-default avia-no-border-styling  avia-bg-style-scroll  avia-builder-el-1  el_after_av_section  el_before_av_google_map   container_wrap sidebar_right' style='background-color: #eeeeee;  '  ><div class='container' ><div class='template-page content  av-content-small alpha units'><div class='post-entry post-entry-type-page post-entry-6168'><div class='entry-content-wrapper clearfix'>\n<div class=\"flex_column av_one_third  flex_column_div av-zero-column-padding first  avia-builder-el-2  el_before_av_one_third  avia-builder-el-first  \" style='border-radius:0px; '><section class=\"av_textblock_section \"  itemscope=\"itemscope\" itemtype=\"https:\/\/schema.org\/CreativeWork\" ><div class='avia_textblock  '   itemprop=\"text\" ><h1>Contact Omilo<\/h1>\n<\/div><\/section><br \/>\n<section class=\"av_textblock_section \"  itemscope=\"itemscope\" itemtype=\"https:\/\/schema.org\/CreativeWork\" ><div class='avia_textblock  '   itemprop=\"text\" ><p>Les cours ont lieu \u00e0 Ath\u00e8nes (de octobre \u00e0 juin), Nauplie (vacances de P\u00e2ques), et dans les \u00eeles de Leucade (juin) et Syros (juillet, ao\u00fbt, septembre). Voir \u00e9galement Google ci-dessous.<\/p>\n<p>L\u2019administration est situ\u00e9e \u00e0 l\u2019\u00e9cole d\u2019Ath\u00e8nes, qui peut se visiter de octobre jusqu\u2019au d\u00e9but du mois de juillet, sur rendez-vous.<\/p>\n<\/div><\/section><br \/>\n<div  style=' margin-top:0px; margin-bottom:10px;'  class='hr hr-custom hr-center hr-icon-no   avia-builder-el-5  el_after_av_textblock  el_before_av_button '><span class='hr-inner  inner-border-av-border-thin' style=' width:100%;' ><span class='hr-inner-style'><\/span><\/span><\/div><br \/>\n<div  class='avia-button-wrap avia-button-left  avia-builder-el-6  el_after_av_hr  avia-builder-el-last ' ><a href='\/fr\/newsletter\/'  class='avia-button av-icon-on-hover  avia-icon_select-yes-right-icon avia-size-medium avia-position-left '  style='background-color:#e3b505; border-color:#e3b505; color:#ffffff; ' ><span class='avia_iconbox_title' >Inscription Newsletter<\/span><span class='avia_button_icon avia_button_icon_right' aria-hidden='true' data-av_icon='\ue875' data-av_iconfont='entypo-fontello'><\/span><\/a><\/div><\/p><\/div><div class=\"flex_column av_one_third  flex_column_div av-zero-column-padding   avia-builder-el-7  el_after_av_one_third  el_before_av_one_third  \" style='border-radius:0px; '><section class=\"av_textblock_section \"  itemscope=\"itemscope\" itemtype=\"https:\/\/schema.org\/CreativeWork\" ><div class='avia_textblock  '   itemprop=\"text\" ><h2>Info<\/h2>\n<\/div><\/section><br \/>\n<div  style=' margin-top:0px; margin-bottom:10px;'  class='hr hr-custom hr-center hr-icon-no   avia-builder-el-9  el_after_av_textblock  el_before_av_textblock '><span class='hr-inner  inner-border-av-border-thin' style=' width:100%;' ><span class='hr-inner-style'><\/span><\/span><\/div><br \/>\n<section class=\"av_textblock_section \"  itemscope=\"itemscope\" itemtype=\"https:\/\/schema.org\/CreativeWork\" ><div class='avia_textblock  '   itemprop=\"text\" ><p><strong>e:<\/strong> info@omilo.com<br \/>\n<strong>t:<\/strong> [+30] 210 61 22 896<br \/>\n<strong>s:<\/strong>\u00a0skype name<\/p>\n<p>&#8212;<\/p>\n<p><strong>Adresse postale:<\/strong><br \/>\nOMILO | P.O. Box 61070<br \/>\nMaroussi (North Athens)<br \/>\n15101 | Gr\u00e8ce<\/p>\n<p>&#8212;<\/p>\n<p><strong>Adresse de visite:<\/strong><br \/>\n13 Panagi Tsaldari | 4\u00e8me \u00e9tage<br \/>\nMaroussi (North Athens)<br \/>\n15122 | Gr\u00e8ce<\/p>\n<p>Le moyen le plus simple est de prendre le m\u00e9tro, car l\u2019\u00e9cole se trouve a \u00e0 peine 300 m\u00e8tres de la station de Maroussi. Maroussi est situ\u00e9 sur la ligne verte ou ligne 1 (ISAP) qui va du Pir\u00e9e \u00e0 Kifissia. Du centre d\u2019Ath\u00e8nes, il faut environ 30 minutes pour arriver \u00e0 l\u2019\u00e9cole Omilo. <a href=\"https:\/\/omilo.com\/fr\/contact\/localisation-ecole\/\">Cliquez ici<\/a> pour trouver plusieurs itin\u00e9raires\/moyens de transport pour arriver \u00e0 notre \u00e9cole.<\/p>\n<\/div><\/section><br \/>\n<div  style='height:25px' class='hr hr-invisible   avia-builder-el-11  el_after_av_textblock  avia-builder-el-last '><span class='hr-inner ' ><span class='hr-inner-style'><\/span><\/span><\/div><\/p><\/div><div class=\"flex_column av_one_third  flex_column_div av-zero-column-padding   avia-builder-el-12  el_after_av_one_third  avia-builder-el-last  \" style='border-radius:0px; '><section class=\"av_textblock_section \"  itemscope=\"itemscope\" itemtype=\"https:\/\/schema.org\/CreativeWork\" ><div class='avia_textblock  '   itemprop=\"text\" ><h2>Formulaire de contact<\/h2>\n<\/div><\/section><br \/>\n<div  style=' margin-top:0px; margin-bottom:10px;'  class='hr hr-custom hr-center hr-icon-no   avia-builder-el-14  el_after_av_textblock  el_before_av_textblock '><span class='hr-inner  inner-border-av-border-thin' style=' width:100%;' ><span class='hr-inner-style'><\/span><\/span><\/div><br \/>\n<section class=\"av_textblock_section \"  itemscope=\"itemscope\" itemtype=\"https:\/\/schema.org\/CreativeWork\" ><div class='avia_textblock  '   itemprop=\"text\" >\n<\/div><\/section><\/p><\/div><div  class='av_gmaps_sc_main_wrap av_gmaps_main_wrap '><div id='av_gmap_0' class='avia-google-map-container avia-google-map-sc av_gmaps_show_unconditionally av-no-fallback-img ' data-mapid='av_gmap_0'  style='height: 450px;'><a class=\"av_gmaps_browser_disabled av_text_confirm_link av_text_confirm_link_visible\" href=\"https:\/\/www.google.com\/maps\/search\/?api=1&#038;query=Panagi%20Tsaldari%2013,%20Maro\u00fassi,%20151%2022%20%20Maroussi%20%20Greece\" target=\"_blank\" rel=\"noopener\">Maps were disabled by the visitor on this site. Click to open the map in a new window.<\/a><\/div><\/div><\/p>\n","protected":false},"excerpt":{"rendered":"","protected":false},"author":8,"featured_media":0,"parent":0,"menu_order":0,"comment_status":"closed","ping_status":"closed","template":"","meta":{"footnotes":""},"yoast_head":"<!-- This site is optimized with the Yoast SEO plugin v24.5 - https:\/\/yoast.com\/wordpress\/plugins\/seo\/ -->\n<title>Contact | Omilo<\/title>\n<meta name=\"description\" content=\"Vous pouvez contacter Omilo par t\u00e9l\u00e9phone: (+30)210 61 22 896, en remplissant le formulaire de contact ou par visiter l&#039;\u00e9cole Maroussi.\" \/>\n<meta name=\"robots\" content=\"index, follow, max-snippet:-1, max-image-preview:large, max-video-preview:-1\" \/>\n<link rel=\"canonical\" href=\"https:\/\/omilo.com\/fr\/contact\/\" \/>\n<meta property=\"og:locale\" content=\"fr_FR\" \/>\n<meta property=\"og:type\" content=\"article\" \/>\n<meta property=\"og:title\" content=\"Contact | Omilo\" \/>\n<meta property=\"og:description\" content=\"Vous pouvez contacter Omilo par t\u00e9l\u00e9phone: (+30)210 61 22 896, en remplissant le formulaire de contact ou par visiter l&#039;\u00e9cole Maroussi.\" \/>\n<meta property=\"og:url\" content=\"https:\/\/omilo.com\/fr\/contact\/\" \/>\n<meta property=\"og:site_name\" content=\"Omilo\" \/>\n<meta property=\"article:publisher\" content=\"https:\/\/www.facebook.com\/omilohellas\/\" \/>\n<meta property=\"article:modified_time\" content=\"2017-12-06T01:11:15+00:00\" \/>\n<meta property=\"og:image\" content=\"https:\/\/omilo.com\/wp-content\/uploads\/2017\/12\/fb-image.jpg\" \/>\n\t<meta property=\"og:image:width\" content=\"960\" \/>\n\t<meta property=\"og:image:height\" content=\"960\" \/>\n\t<meta property=\"og:image:type\" content=\"image\/jpeg\" \/>\n<meta name=\"twitter:card\" content=\"summary_large_image\" \/>\n<meta name=\"twitter:site\" content=\"@OmiloHellas\" \/>\n<meta name=\"twitter:label1\" content=\"Dur\u00e9e de lecture estim\u00e9e\" \/>\n\t<meta name=\"twitter:data1\" content=\"5 minutes\" \/>\n<script type=\"application\/ld+json\" class=\"yoast-schema-graph\">{\"@context\":\"https:\/\/schema.org\",\"@graph\":[{\"@type\":\"WebPage\",\"@id\":\"https:\/\/omilo.com\/fr\/contact\/\",\"url\":\"https:\/\/omilo.com\/fr\/contact\/\",\"name\":\"Contact | Omilo\",\"isPartOf\":{\"@id\":\"https:\/\/omilo.com\/fr\/#website\"},\"datePublished\":\"2016-05-20T18:35:19+00:00\",\"dateModified\":\"2017-12-06T01:11:15+00:00\",\"description\":\"Vous pouvez contacter Omilo par t\u00e9l\u00e9phone: (+30)210 61 22 896, en remplissant le formulaire de contact ou par visiter l'\u00e9cole Maroussi.\",\"breadcrumb\":{\"@id\":\"https:\/\/omilo.com\/fr\/contact\/#breadcrumb\"},\"inLanguage\":\"fr-FR\",\"potentialAction\":[{\"@type\":\"ReadAction\",\"target\":[\"https:\/\/omilo.com\/fr\/contact\/\"]}]},{\"@type\":\"BreadcrumbList\",\"@id\":\"https:\/\/omilo.com\/fr\/contact\/#breadcrumb\",\"itemListElement\":[{\"@type\":\"ListItem\",\"position\":1,\"name\":\"Home\",\"item\":\"https:\/\/omilo.com\/fr\/\"},{\"@type\":\"ListItem\",\"position\":2,\"name\":\"Contact\"}]},{\"@type\":\"WebSite\",\"@id\":\"https:\/\/omilo.com\/fr\/#website\",\"url\":\"https:\/\/omilo.com\/fr\/\",\"name\":\"Omilo\",\"description\":\"Learning Greek in Greece\",\"publisher\":{\"@id\":\"https:\/\/omilo.com\/fr\/#organization\"},\"potentialAction\":[{\"@type\":\"SearchAction\",\"target\":{\"@type\":\"EntryPoint\",\"urlTemplate\":\"https:\/\/omilo.com\/fr\/?s={search_term_string}\"},\"query-input\":{\"@type\":\"PropertyValueSpecification\",\"valueRequired\":true,\"valueName\":\"search_term_string\"}}],\"inLanguage\":\"fr-FR\"},{\"@type\":\"Organization\",\"@id\":\"https:\/\/omilo.com\/fr\/#organization\",\"name\":\"Omilo | Greek Language & Culture\",\"url\":\"https:\/\/omilo.com\/fr\/\",\"logo\":{\"@type\":\"ImageObject\",\"inLanguage\":\"fr-FR\",\"@id\":\"https:\/\/omilo.com\/fr\/#\/schema\/logo\/image\/\",\"url\":\"https:\/\/omilo.com\/wp-content\/uploads\/2017\/12\/logo-landing.png\",\"contentUrl\":\"https:\/\/omilo.com\/wp-content\/uploads\/2017\/12\/logo-landing.png\",\"width\":280,\"height\":99,\"caption\":\"Omilo | Greek Language & Culture\"},\"image\":{\"@id\":\"https:\/\/omilo.com\/fr\/#\/schema\/logo\/image\/\"},\"sameAs\":[\"https:\/\/www.facebook.com\/omilohellas\/\",\"https:\/\/x.com\/OmiloHellas\",\"https:\/\/www.linkedin.com\/company\/omilo-greek-language-and-culture\",\"https:\/\/www.youtube.com\/user\/omiloteam\"]}]}<\/script>\n<!-- \/ Yoast SEO plugin. -->","yoast_head_json":{"title":"Contact | Omilo","description":"Vous pouvez contacter Omilo par t\u00e9l\u00e9phone: (+30)210 61 22 896, en remplissant le formulaire de contact ou par visiter l'\u00e9cole Maroussi.","robots":{"index":"index","follow":"follow","max-snippet":"max-snippet:-1","max-image-preview":"max-image-preview:large","max-video-preview":"max-video-preview:-1"},"canonical":"https:\/\/omilo.com\/fr\/contact\/","og_locale":"fr_FR","og_type":"article","og_title":"Contact | Omilo","og_description":"Vous pouvez contacter Omilo par t\u00e9l\u00e9phone: (+30)210 61 22 896, en remplissant le formulaire de contact ou par visiter l'\u00e9cole Maroussi.","og_url":"https:\/\/omilo.com\/fr\/contact\/","og_site_name":"Omilo","article_publisher":"https:\/\/www.facebook.com\/omilohellas\/","article_modified_time":"2017-12-06T01:11:15+00:00","og_image":[{"width":960,"height":960,"url":"https:\/\/omilo.com\/wp-content\/uploads\/2017\/12\/fb-image.jpg","type":"image\/jpeg"}],"twitter_card":"summary_large_image","twitter_site":"@OmiloHellas","twitter_misc":{"Dur\u00e9e de lecture estim\u00e9e":"5 minutes"},"schema":{"@context":"https:\/\/schema.org","@graph":[{"@type":"WebPage","@id":"https:\/\/omilo.com\/fr\/contact\/","url":"https:\/\/omilo.com\/fr\/contact\/","name":"Contact | Omilo","isPartOf":{"@id":"https:\/\/omilo.com\/fr\/#website"},"datePublished":"2016-05-20T18:35:19+00:00","dateModified":"2017-12-06T01:11:15+00:00","description":"Vous pouvez contacter Omilo par t\u00e9l\u00e9phone: (+30)210 61 22 896, en remplissant le formulaire de contact ou par visiter l'\u00e9cole Maroussi.","breadcrumb":{"@id":"https:\/\/omilo.com\/fr\/contact\/#breadcrumb"},"inLanguage":"fr-FR","potentialAction":[{"@type":"ReadAction","target":["https:\/\/omilo.com\/fr\/contact\/"]}]},{"@type":"BreadcrumbList","@id":"https:\/\/omilo.com\/fr\/contact\/#breadcrumb","itemListElement":[{"@type":"ListItem","position":1,"name":"Home","item":"https:\/\/omilo.com\/fr\/"},{"@type":"ListItem","position":2,"name":"Contact"}]},{"@type":"WebSite","@id":"https:\/\/omilo.com\/fr\/#website","url":"https:\/\/omilo.com\/fr\/","name":"Omilo","description":"Learning Greek in Greece","publisher":{"@id":"https:\/\/omilo.com\/fr\/#organization"},"potentialAction":[{"@type":"SearchAction","target":{"@type":"EntryPoint","urlTemplate":"https:\/\/omilo.com\/fr\/?s={search_term_string}"},"query-input":{"@type":"PropertyValueSpecification","valueRequired":true,"valueName":"search_term_string"}}],"inLanguage":"fr-FR"},{"@type":"Organization","@id":"https:\/\/omilo.com\/fr\/#organization","name":"Omilo | Greek Language & Culture","url":"https:\/\/omilo.com\/fr\/","logo":{"@type":"ImageObject","inLanguage":"fr-FR","@id":"https:\/\/omilo.com\/fr\/#\/schema\/logo\/image\/","url":"https:\/\/omilo.com\/wp-content\/uploads\/2017\/12\/logo-landing.png","contentUrl":"https:\/\/omilo.com\/wp-content\/uploads\/2017\/12\/logo-landing.png","width":280,"height":99,"caption":"Omilo | Greek Language & Culture"},"image":{"@id":"https:\/\/omilo.com\/fr\/#\/schema\/logo\/image\/"},"sameAs":["https:\/\/www.facebook.com\/omilohellas\/","https:\/\/x.com\/OmiloHellas","https:\/\/www.linkedin.com\/company\/omilo-greek-language-and-culture","https:\/\/www.youtube.com\/user\/omiloteam"]}]}},"_links":{"self":[{"href":"https:\/\/omilo.com\/fr\/wp-json\/wp\/v2\/pages\/6168"}],"collection":[{"href":"https:\/\/omilo.com\/fr\/wp-json\/wp\/v2\/pages"}],"about":[{"href":"https:\/\/omilo.com\/fr\/wp-json\/wp\/v2\/types\/page"}],"author":[{"embeddable":true,"href":"https:\/\/omilo.com\/fr\/wp-json\/wp\/v2\/users\/8"}],"replies":[{"embeddable":true,"href":"https:\/\/omilo.com\/fr\/wp-json\/wp\/v2\/comments?post=6168"}],"version-history":[{"count":0,"href":"https:\/\/omilo.com\/fr\/wp-json\/wp\/v2\/pages\/6168\/revisions"}],"wp:attachment":[{"href":"https:\/\/omilo.com\/fr\/wp-json\/wp\/v2\/media?parent=6168"}],"curies":[{"name":"wp","href":"https:\/\/api.w.org\/{rel}","templated":true}]}}