{"id":6144,"date":"2016-07-06T18:01:59","date_gmt":"2016-07-06T15:01:59","guid":{"rendered":"http:\/\/www.thesandbox.eu\/fr\/about\/our-students\/"},"modified":"2022-10-10T13:50:26","modified_gmt":"2022-10-10T10:50:26","slug":"nos-etudiants","status":"publish","type":"page","link":"https:\/\/omilo.com\/fr\/a-propos-de-nous\/nos-etudiants\/","title":{"rendered":"Nos \u00e9tudiants"},"content":{"rendered":"<div id='av_section_1'  class='avia-section main_color avia-section-default avia-no-border-styling  avia-full-stretch avia-bg-style-scroll  avia-builder-el-0  el_before_av_section  avia-builder-el-first   av-minimum-height av-minimum-height-custom  container_wrap sidebar_right' style='background-repeat: no-repeat; background-image: url(https:\/\/omilo.com\/wp-content\/uploads\/2022\/10\/omilo-students-1920px-x-500-px-1500x430.jpg);background-attachment: scroll; background-position: center center;  '  data-section-bg-repeat='stretch'><div class='container' style='height:350px'><main  role=\"main\" itemprop=\"mainContentOfPage\"  class='template-page content  av-content-small alpha units'><div class='post-entry post-entry-type-page post-entry-6144'><div class='entry-content-wrapper clearfix'>\n<\/div><\/div><\/main><!-- close content main element --><\/div><\/div><div id='top'  class='avia-section main_color avia-section-default avia-no-border-styling  avia-bg-style-scroll  avia-builder-el-1  el_after_av_section  el_before_av_textblock   container_wrap sidebar_right' style='background-color: #eeeeee;  '  ><div class='container' ><div class='template-page content  av-content-small alpha units'><div class='post-entry post-entry-type-page post-entry-6144'><div class='entry-content-wrapper clearfix'>\n<div class=\"flex_column av_one_half  flex_column_div av-zero-column-padding first  avia-builder-el-2  el_before_av_one_half  avia-builder-el-first  \" style='border-radius:0px; '><section class=\"av_textblock_section \"  itemscope=\"itemscope\" itemtype=\"https:\/\/schema.org\/CreativeWork\" ><div class='avia_textblock  '   itemprop=\"text\" ><h1>Nos \u00e9tudiants<\/h1>\n<\/div><\/section><\/div><div class=\"flex_column av_one_half  flex_column_div av-zero-column-padding   avia-builder-el-4  el_after_av_one_half  avia-builder-el-last  \" style='border-radius:0px; '><section class=\"av_textblock_section \"  itemscope=\"itemscope\" itemtype=\"https:\/\/schema.org\/CreativeWork\" ><div class='avia_textblock  '   itemprop=\"text\" ><p>Les \u00e9tudiants d\u2019Omilo viennent du monde entier (80% d\u2019Europe), ce qui cr\u00e9e une ambiance int\u00e9ressante, amicale, ouverte et internationale. Tous ceux qui s\u2019int\u00e9ressent \u00e0 la langue et \u00e0 la culture grecques sont les bienvenus, quels que soient leur \u00e2ge (25+), leur nationalit\u00e9 et leur formation.<\/p>\n<\/div><\/section><\/div>\n<\/div><\/div><\/div><!-- close content main div --><\/div><\/div><div id='after_section_2'  class='main_color av_default_container_wrap container_wrap sidebar_right' style=' '  ><div class='container' ><div class='template-page content  av-content-small alpha units'><div class='post-entry post-entry-type-page post-entry-6144'><div class='entry-content-wrapper clearfix'>\n<section class=\"av_textblock_section \"  itemscope=\"itemscope\" itemtype=\"https:\/\/schema.org\/CreativeWork\" ><div class='avia_textblock  '   itemprop=\"text\" ><p><a href=\"https:\/\/omilo.com\/fr\/cours-de-grec\/vue-ensemble-cours-de-grec-intensifs-une-semaine\/\">Les cours intensifs d\u2019une ou deux semaines<\/a> sont tr\u00e8s populaires parmi les \u00e9tudiants, y compris les seniors, de toute nationalit\u00e9 et de divers niveaux de connaissances. La plupart de nos \u00e9tudiants ont d\u00e9j\u00e0 commenc\u00e9 \u00e0 apprendre le grec dans leur pays et viennent \u00e0 Omilo pour booster leur pratique de la langue tout en d\u00e9couvrant \u00abla Gr\u00e8ce authentique\u00bb par le biais d\u2019activit\u00e9s culturelles. Ils aiment la Gr\u00e8ce et ont h\u00e2te de communiquer avec les habitants de la r\u00e9gion tout en prenant des vacances et en rencontrant des gens du monde entier.<\/p>\n<p>D\u2019autres \u00e9tudiants pr\u00e9f\u00e8rent <a href=\"https:\/\/omilo.com\/fr\/cours-de-grec\/vue-ensemble-cours-de-grec-particuliers\/\">les cours particuliers<\/a>, seuls ou avec un camarade. Ils choisissent cette option parce que les dates des cours collectifs ne leur conviennent pas, parce qu\u2019ils d\u00e9sirent avancer \u00e0 leur propre rythme, ou se concentrer sur un th\u00e8me bien pr\u00e9cis.<\/p>\n<p>Les enfants et les adolescents de moins de 18 ans sont \u00e9galement les bienvenus pour des cours particuliers pendant les cours intensifs donn\u00e9s en \u00e9t\u00e9 \u00e0 Ath\u00e8nes, pour autant qu\u2019il soient accompagn\u00e9s d\u2019un adulte.<\/p>\n<p>De nombreux \u00e9tudiants d\u2019Omilo prennent <a href=\"https:\/\/omilo.com\/fr\/cours\/cours-de-grec-via-skype\/\">des cours par Skype<\/a> apr\u00e8s leur cours de vacances en Gr\u00e8ce, afin d\u2019entretenir ce qu\u2019ils ont appris jusqu\u2019\u00e0 leur prochain s\u00e9jour. Ceux qui n\u2019ont pas l\u2019occasion de venir r\u00e9guli\u00e8rement en Gr\u00e8ce, mais fr\u00e9quentent des Grecs dans leur propre pays, d\u00e9cident souvent de prendre des le\u00e7ons par Skype.<\/p>\n<p>Si vous d\u00e9sirez savoir ce que disent\/\u00e9crivent nos \u00e9tudiants, <a href=\"https:\/\/omilo.com\/fr\/a-propos-de-nous\/lavis-des-etudiants\/\">cliquez ici<\/a>.<br \/>\nVous trouverez d\u2019autres commentaires dans les <a href=\"https:\/\/www.google.gr\/search?q=omilo&amp;oq=omilo+&amp;aqs=chrome..69i57j69i60l4j69i59.2743j0j7&amp;sourceid=chrome&amp;ie=UTF-8#lrd=0x14a198d3040ce2c1:0xe04cdc9e53a956c2,1,\">Google reviews<\/a>.<\/p>\n<\/div><\/section>\n<\/div><\/div><\/div><!-- close content main div --><\/div><\/div><div id='av_section_3'  class='avia-section main_color avia-section-huge avia-no-border-styling  avia-full-stretch avia-bg-style-scroll  avia-builder-el-7  el_after_av_textblock  el_before_av_section  full-image-section  av-minimum-height av-minimum-height-25  container_wrap sidebar_right' style='background-repeat: no-repeat; background-image: url(https:\/\/omilo.com\/wp-content\/uploads\/2018\/08\/omilo-our-students-middle-001.jpg);background-attachment: scroll; background-position: top center;  '  data-section-bg-repeat='stretch' data-av_minimum_height_pc='25'><div class='container' ><div class='template-page content  av-content-small alpha units'><div class='post-entry post-entry-type-page post-entry-6144'><div class='entry-content-wrapper clearfix'>\n<\/div><\/div><\/div><!-- close content main div --><\/div><\/div><div id='explore'  class='avia-section main_color avia-section-default avia-no-border-styling  avia-bg-style-scroll  avia-builder-el-8  el_after_av_section  avia-builder-el-last   container_wrap sidebar_right' style='background-color: #eeeeee;  '  ><div class='container' ><div class='template-page content  av-content-small alpha units'><div class='post-entry post-entry-type-page post-entry-6144'><div class='entry-content-wrapper clearfix'>\n<div class=\"flex_column av_three_fourth  flex_column_div av-zero-column-padding first  avia-builder-el-9  el_before_av_one_half  avia-builder-el-first  \" style='border-radius:0px; '><section class=\"av_textblock_section \"  itemscope=\"itemscope\" itemtype=\"https:\/\/schema.org\/CreativeWork\" ><div class='avia_textblock  '   itemprop=\"text\" ><h2>15 raisons pour lesquelles nos \u00e9tudiants ont d\u00e9cid\u00e9 d\u2019apprendre le grec!<\/h2>\n<\/div><\/section><\/div><div class=\"flex_column av_one_half  flex_column_div av-zero-column-padding first  avia-builder-el-11  el_after_av_three_fourth  el_before_av_one_half  column-top-margin\" style='border-radius:0px; '><section class=\"av_textblock_section \"  itemscope=\"itemscope\" itemtype=\"https:\/\/schema.org\/CreativeWork\" ><div class='avia_textblock  '   itemprop=\"text\" ><p><strong>\u00a0Il y a d\u2019innombrables raisons pour apprendre le grec, bien plus que ce que nous imaginions quand nous avons fond\u00e9 Omilo <a href=\"https:\/\/omilo.com\/fr\/a-propos-de-nous\/omilo-fete-ses-20-ans\/\">il y a 20 ans<\/a>! En voici 15 parmi les plus courantes!<br \/>\n<\/strong><\/p>\n<h3>Pour ceux qui passent leurs vacances en Gr\u00e8ce<\/h3>\n<ul>\n<li>J\u2019aime la Gr\u00e8ce et visite la Gr\u00e8ce chaque ann\u00e9e.<\/li>\n<li>Nous avons une maison en Gr\u00e8ce et voulons pouvoir communiquer avec les voisins.<\/li>\n<li>Nous visitons chaque ann\u00e9e un autre pays et nous pr\u00e9parons en suivant un cours qui nous permettra d\u2019\u00e9tablir un contact avec les habitants de la r\u00e9gion.<\/li>\n<\/ul>\n<h3>Pour ceux qui d\u00e9sirent entretenir une relation<\/h3>\n<ul>\n<li>J\u2019ai des racines grecques, ou mon partenaire, et je veux pouvoir communiquer avec la famille grecque dans leur langue.<\/li>\n<li>Je me suis fait beaucoup d\u2019amis grecs au cours de mes vacances et j\u2019aimerais pouvoir converser avec eux en grec.<\/li>\n<li>Notre fille a \u00e9pous\u00e9 un Grec, et nous aimerions parler le grec avec sa belle-famille.<\/li>\n<\/ul>\n<h3><\/h3>\n<h3><\/h3>\n<\/div><\/section><\/div><div class=\"flex_column av_one_half  flex_column_div av-zero-column-padding   avia-builder-el-13  el_after_av_one_half  avia-builder-el-last  column-top-margin\" style='border-radius:0px; '><section class=\"av_textblock_section \"  itemscope=\"itemscope\" itemtype=\"https:\/\/schema.org\/CreativeWork\" ><div class='avia_textblock  '   itemprop=\"text\" ><h3><\/h3>\n<h3><\/h3>\n<h3>Pour ceux qui sont attir\u00e9s par la culture grecque<\/h3>\n<ul>\n<li>Je suis professeur de grec ancien, je voudrais apprendre le grec moderne.<\/li>\n<li>J\u2019aime la musique grecque, je chante dans une chorale grecque dans mon pays. Cela me plairait de comprendre ce que je chante et d\u2019am\u00e9liorer ma prononciation.<\/li>\n<li>Je m\u2019int\u00e9resse \u00e0 la philosophie grecque. La langue est un outil formidable pour s\u2019impr\u00e9gner de la culture et de la mentalit\u00e9 d\u2019un peuple.<\/li>\n<li>J\u2019adore les danses grecques, et apprendre le grec en m\u00eame temps rend l\u2019exp\u00e9rience d\u2019autant plus authentique!<\/li>\n<\/ul>\n<h3>Pour ceux qui cherchent l&rsquo;aventure<\/h3>\n<ul>\n<li>Je vieillis\u2026 apprendre et m\u00e9moriser me maintient en forme.<\/li>\n<li>J\u2019ai envie de faire quelque chose d\u2019amusant et d\u2019int\u00e9ressant, qui me fasse d\u00e9passer mes limites!<\/li>\n<\/ul>\n<h3>Et pour ceux qui en ont besoin!<\/h3>\n<ul>\n<li>Je vis en Gr\u00e8ce et ma vie serait bien plus agr\u00e9able si je comprenais la langue.<\/li>\n<li>Je voudrais d\u00e9crocher le certificat de langue grecque pour trouver plus facilement du travail.<\/li>\n<li>Mon petit ami ne parle que le grec! J\u2019ai besoin d\u2019un cours super intensif!<\/li>\n<\/ul>\n<p><strong>Nous sommes persuad\u00e9s qu\u2019il y a encore plein de raisons d\u2019apprendre le grec, et nous sommes pr\u00eats \u00e0 vous aider \u00e0 r\u00e9aliser votre r\u00eave!<\/strong><\/p>\n<h3><\/h3>\n<\/div><\/section><\/div>\n<\/div><\/div><\/div><!-- close content main div --><\/div><\/div><div id='after_section_4'  class='main_color av_default_container_wrap container_wrap sidebar_right' style=' '  ><div class='container' ><div class='template-page content  av-content-small alpha units'><div class='post-entry post-entry-type-page post-entry-6144'><div class='entry-content-wrapper clearfix'>\n","protected":false},"excerpt":{"rendered":"","protected":false},"author":8,"featured_media":0,"parent":6099,"menu_order":0,"comment_status":"closed","ping_status":"closed","template":"","meta":{"footnotes":""},"yoast_head":"<!-- This site is optimized with the Yoast SEO plugin v24.5 - https:\/\/yoast.com\/wordpress\/plugins\/seo\/ -->\n<title>Nos \u00e9tudiants | Omilo<\/title>\n<meta name=\"description\" content=\"Les \u00e9tudiants d\u2019Omilo viennent du monde entier (80% d\u2019Europe), ce qui cr\u00e9e une ambiance int\u00e9ressante, amicale, ouverte et internationale.\" \/>\n<meta name=\"robots\" content=\"index, follow, max-snippet:-1, max-image-preview:large, max-video-preview:-1\" \/>\n<link rel=\"canonical\" href=\"https:\/\/omilo.com\/fr\/a-propos-de-nous\/nos-etudiants\/\" \/>\n<meta property=\"og:locale\" content=\"fr_FR\" \/>\n<meta property=\"og:type\" content=\"article\" \/>\n<meta property=\"og:title\" content=\"Nos \u00e9tudiants | Omilo\" \/>\n<meta property=\"og:description\" content=\"Les \u00e9tudiants d\u2019Omilo viennent du monde entier (80% d\u2019Europe), ce qui cr\u00e9e une ambiance int\u00e9ressante, amicale, ouverte et internationale.\" \/>\n<meta property=\"og:url\" content=\"https:\/\/omilo.com\/fr\/a-propos-de-nous\/nos-etudiants\/\" \/>\n<meta property=\"og:site_name\" content=\"Omilo\" \/>\n<meta property=\"article:publisher\" content=\"https:\/\/www.facebook.com\/omilohellas\/\" \/>\n<meta property=\"article:modified_time\" content=\"2022-10-10T10:50:26+00:00\" \/>\n<meta property=\"og:image\" content=\"https:\/\/omilo.com\/wp-content\/uploads\/2017\/12\/fb-image.jpg\" \/>\n\t<meta property=\"og:image:width\" content=\"960\" \/>\n\t<meta property=\"og:image:height\" content=\"960\" \/>\n\t<meta property=\"og:image:type\" content=\"image\/jpeg\" \/>\n<meta name=\"twitter:card\" content=\"summary_large_image\" \/>\n<meta name=\"twitter:site\" content=\"@OmiloHellas\" \/>\n<meta name=\"twitter:label1\" content=\"Dur\u00e9e de lecture estim\u00e9e\" \/>\n\t<meta name=\"twitter:data1\" content=\"7 minutes\" \/>\n<script type=\"application\/ld+json\" class=\"yoast-schema-graph\">{\"@context\":\"https:\/\/schema.org\",\"@graph\":[{\"@type\":\"WebPage\",\"@id\":\"https:\/\/omilo.com\/fr\/a-propos-de-nous\/nos-etudiants\/\",\"url\":\"https:\/\/omilo.com\/fr\/a-propos-de-nous\/nos-etudiants\/\",\"name\":\"Nos \u00e9tudiants | Omilo\",\"isPartOf\":{\"@id\":\"https:\/\/omilo.com\/fr\/#website\"},\"datePublished\":\"2016-07-06T15:01:59+00:00\",\"dateModified\":\"2022-10-10T10:50:26+00:00\",\"description\":\"Les \u00e9tudiants d\u2019Omilo viennent du monde entier (80% d\u2019Europe), ce qui cr\u00e9e une ambiance int\u00e9ressante, amicale, ouverte et internationale.\",\"breadcrumb\":{\"@id\":\"https:\/\/omilo.com\/fr\/a-propos-de-nous\/nos-etudiants\/#breadcrumb\"},\"inLanguage\":\"fr-FR\",\"potentialAction\":[{\"@type\":\"ReadAction\",\"target\":[\"https:\/\/omilo.com\/fr\/a-propos-de-nous\/nos-etudiants\/\"]}]},{\"@type\":\"BreadcrumbList\",\"@id\":\"https:\/\/omilo.com\/fr\/a-propos-de-nous\/nos-etudiants\/#breadcrumb\",\"itemListElement\":[{\"@type\":\"ListItem\",\"position\":1,\"name\":\"Home\",\"item\":\"https:\/\/omilo.com\/fr\/\"},{\"@type\":\"ListItem\",\"position\":2,\"name\":\"\u00c0 propos de nous\",\"item\":\"https:\/\/omilo.com\/fr\/a-propos-de-nous\/\"},{\"@type\":\"ListItem\",\"position\":3,\"name\":\"Nos \u00e9tudiants\"}]},{\"@type\":\"WebSite\",\"@id\":\"https:\/\/omilo.com\/fr\/#website\",\"url\":\"https:\/\/omilo.com\/fr\/\",\"name\":\"Omilo\",\"description\":\"Learning Greek in Greece\",\"publisher\":{\"@id\":\"https:\/\/omilo.com\/fr\/#organization\"},\"potentialAction\":[{\"@type\":\"SearchAction\",\"target\":{\"@type\":\"EntryPoint\",\"urlTemplate\":\"https:\/\/omilo.com\/fr\/?s={search_term_string}\"},\"query-input\":{\"@type\":\"PropertyValueSpecification\",\"valueRequired\":true,\"valueName\":\"search_term_string\"}}],\"inLanguage\":\"fr-FR\"},{\"@type\":\"Organization\",\"@id\":\"https:\/\/omilo.com\/fr\/#organization\",\"name\":\"Omilo | Greek Language & Culture\",\"url\":\"https:\/\/omilo.com\/fr\/\",\"logo\":{\"@type\":\"ImageObject\",\"inLanguage\":\"fr-FR\",\"@id\":\"https:\/\/omilo.com\/fr\/#\/schema\/logo\/image\/\",\"url\":\"https:\/\/omilo.com\/wp-content\/uploads\/2017\/12\/logo-landing.png\",\"contentUrl\":\"https:\/\/omilo.com\/wp-content\/uploads\/2017\/12\/logo-landing.png\",\"width\":280,\"height\":99,\"caption\":\"Omilo | Greek Language & Culture\"},\"image\":{\"@id\":\"https:\/\/omilo.com\/fr\/#\/schema\/logo\/image\/\"},\"sameAs\":[\"https:\/\/www.facebook.com\/omilohellas\/\",\"https:\/\/x.com\/OmiloHellas\",\"https:\/\/www.linkedin.com\/company\/omilo-greek-language-and-culture\",\"https:\/\/www.youtube.com\/user\/omiloteam\"]}]}<\/script>\n<!-- \/ Yoast SEO plugin. -->","yoast_head_json":{"title":"Nos \u00e9tudiants | Omilo","description":"Les \u00e9tudiants d\u2019Omilo viennent du monde entier (80% d\u2019Europe), ce qui cr\u00e9e une ambiance int\u00e9ressante, amicale, ouverte et internationale.","robots":{"index":"index","follow":"follow","max-snippet":"max-snippet:-1","max-image-preview":"max-image-preview:large","max-video-preview":"max-video-preview:-1"},"canonical":"https:\/\/omilo.com\/fr\/a-propos-de-nous\/nos-etudiants\/","og_locale":"fr_FR","og_type":"article","og_title":"Nos \u00e9tudiants | Omilo","og_description":"Les \u00e9tudiants d\u2019Omilo viennent du monde entier (80% d\u2019Europe), ce qui cr\u00e9e une ambiance int\u00e9ressante, amicale, ouverte et internationale.","og_url":"https:\/\/omilo.com\/fr\/a-propos-de-nous\/nos-etudiants\/","og_site_name":"Omilo","article_publisher":"https:\/\/www.facebook.com\/omilohellas\/","article_modified_time":"2022-10-10T10:50:26+00:00","og_image":[{"width":960,"height":960,"url":"https:\/\/omilo.com\/wp-content\/uploads\/2017\/12\/fb-image.jpg","type":"image\/jpeg"}],"twitter_card":"summary_large_image","twitter_site":"@OmiloHellas","twitter_misc":{"Dur\u00e9e de lecture estim\u00e9e":"7 minutes"},"schema":{"@context":"https:\/\/schema.org","@graph":[{"@type":"WebPage","@id":"https:\/\/omilo.com\/fr\/a-propos-de-nous\/nos-etudiants\/","url":"https:\/\/omilo.com\/fr\/a-propos-de-nous\/nos-etudiants\/","name":"Nos \u00e9tudiants | Omilo","isPartOf":{"@id":"https:\/\/omilo.com\/fr\/#website"},"datePublished":"2016-07-06T15:01:59+00:00","dateModified":"2022-10-10T10:50:26+00:00","description":"Les \u00e9tudiants d\u2019Omilo viennent du monde entier (80% d\u2019Europe), ce qui cr\u00e9e une ambiance int\u00e9ressante, amicale, ouverte et internationale.","breadcrumb":{"@id":"https:\/\/omilo.com\/fr\/a-propos-de-nous\/nos-etudiants\/#breadcrumb"},"inLanguage":"fr-FR","potentialAction":[{"@type":"ReadAction","target":["https:\/\/omilo.com\/fr\/a-propos-de-nous\/nos-etudiants\/"]}]},{"@type":"BreadcrumbList","@id":"https:\/\/omilo.com\/fr\/a-propos-de-nous\/nos-etudiants\/#breadcrumb","itemListElement":[{"@type":"ListItem","position":1,"name":"Home","item":"https:\/\/omilo.com\/fr\/"},{"@type":"ListItem","position":2,"name":"\u00c0 propos de nous","item":"https:\/\/omilo.com\/fr\/a-propos-de-nous\/"},{"@type":"ListItem","position":3,"name":"Nos \u00e9tudiants"}]},{"@type":"WebSite","@id":"https:\/\/omilo.com\/fr\/#website","url":"https:\/\/omilo.com\/fr\/","name":"Omilo","description":"Learning Greek in Greece","publisher":{"@id":"https:\/\/omilo.com\/fr\/#organization"},"potentialAction":[{"@type":"SearchAction","target":{"@type":"EntryPoint","urlTemplate":"https:\/\/omilo.com\/fr\/?s={search_term_string}"},"query-input":{"@type":"PropertyValueSpecification","valueRequired":true,"valueName":"search_term_string"}}],"inLanguage":"fr-FR"},{"@type":"Organization","@id":"https:\/\/omilo.com\/fr\/#organization","name":"Omilo | Greek Language & Culture","url":"https:\/\/omilo.com\/fr\/","logo":{"@type":"ImageObject","inLanguage":"fr-FR","@id":"https:\/\/omilo.com\/fr\/#\/schema\/logo\/image\/","url":"https:\/\/omilo.com\/wp-content\/uploads\/2017\/12\/logo-landing.png","contentUrl":"https:\/\/omilo.com\/wp-content\/uploads\/2017\/12\/logo-landing.png","width":280,"height":99,"caption":"Omilo | Greek Language & Culture"},"image":{"@id":"https:\/\/omilo.com\/fr\/#\/schema\/logo\/image\/"},"sameAs":["https:\/\/www.facebook.com\/omilohellas\/","https:\/\/x.com\/OmiloHellas","https:\/\/www.linkedin.com\/company\/omilo-greek-language-and-culture","https:\/\/www.youtube.com\/user\/omiloteam"]}]}},"_links":{"self":[{"href":"https:\/\/omilo.com\/fr\/wp-json\/wp\/v2\/pages\/6144"}],"collection":[{"href":"https:\/\/omilo.com\/fr\/wp-json\/wp\/v2\/pages"}],"about":[{"href":"https:\/\/omilo.com\/fr\/wp-json\/wp\/v2\/types\/page"}],"author":[{"embeddable":true,"href":"https:\/\/omilo.com\/fr\/wp-json\/wp\/v2\/users\/8"}],"replies":[{"embeddable":true,"href":"https:\/\/omilo.com\/fr\/wp-json\/wp\/v2\/comments?post=6144"}],"version-history":[{"count":"3","href":"https:\/\/omilo.com\/fr\/wp-json\/wp\/v2\/pages\/6144\/revisions"}],"predecessor-version":[{"id":33507,"href":"https:\/\/omilo.com\/fr\/wp-json\/wp\/v2\/pages\/6144\/revisions\/33507"}],"up":[{"embeddable":true,"href":"https:\/\/omilo.com\/fr\/wp-json\/wp\/v2\/pages\/6099"}],"wp:attachment":[{"href":"https:\/\/omilo.com\/fr\/wp-json\/wp\/v2\/media?parent=6144"}],"curies":[{"name":"wp","href":"https:\/\/api.w.org\/{rel}","templated":true}]}}