{"id":6125,"date":"2016-07-06T18:00:39","date_gmt":"2016-07-06T15:00:39","guid":{"rendered":"http:\/\/www.thesandbox.eu\/fr\/about\/20-years-omilo\/"},"modified":"2025-10-19T23:42:13","modified_gmt":"2025-10-19T20:42:13","slug":"omilo-fete-ses-25-ans","status":"publish","type":"page","link":"https:\/\/omilo.com\/fr\/a-propos-de-nous\/omilo-fete-ses-25-ans\/","title":{"rendered":"Omilo f\u00eate ses 25 ans"},"content":{"rendered":"<div id='av_section_1'  class='avia-section main_color avia-section-default avia-no-border-styling  avia-full-stretch avia-bg-style-scroll  avia-builder-el-0  el_before_av_section  avia-builder-el-first   av-minimum-height av-minimum-height-custom  container_wrap sidebar_right' style='background-repeat: no-repeat; background-image: url(https:\/\/omilo.com\/wp-content\/uploads\/2018\/08\/omilo-20-years-new-001.jpg);background-attachment: scroll; background-position: top center;  '  data-section-bg-repeat='stretch'><div class='container' style='height:350px'><main  role=\"main\" itemprop=\"mainContentOfPage\"  class='template-page content  av-content-small alpha units'><div class='post-entry post-entry-type-page post-entry-6125'><div class='entry-content-wrapper clearfix'>\n<\/div><\/div><\/main><!-- close content main element --><\/div><\/div><div id='top'  class='avia-section main_color avia-section-default avia-no-border-styling  avia-bg-style-scroll  avia-builder-el-1  el_after_av_section  el_before_av_section   container_wrap sidebar_right' style='background-color: #eeeeee;  '  ><div class='container' ><div class='template-page content  av-content-small alpha units'><div class='post-entry post-entry-type-page post-entry-6125'><div class='entry-content-wrapper clearfix'>\n<div class=\"flex_column av_one_full  flex_column_div av-zero-column-padding first  avia-builder-el-2  el_before_av_one_full  avia-builder-el-first  \" style='border-radius:0px; '><section class=\"av_textblock_section \"  itemscope=\"itemscope\" itemtype=\"https:\/\/schema.org\/CreativeWork\" ><div class='avia_textblock  '   itemprop=\"text\" ><h1>29 Ans d\u2019Omilo \u2013 Notre histoire<\/h1>\n<\/div><\/section><br \/>\n<section class=\"av_textblock_section \"  itemscope=\"itemscope\" itemtype=\"https:\/\/schema.org\/CreativeWork\" ><div class='avia_textblock  '   itemprop=\"text\" ><h3>Plus de 29 ans ont pass\u00e9 depuis<br \/>\nle d\u00e9but de notre entreprise!<\/h3>\n<\/div><\/section><br \/>\n<div  style='height:50px' class='hr hr-invisible   avia-builder-el-5  el_after_av_textblock  el_before_av_image '><span class='hr-inner ' ><span class='hr-inner-style'><\/span><\/span><\/div><br \/>\n<div  class='avia-image-container avia_animated_image avia_animate_when_almost_visible top-to-bottom av-styling-no-styling    avia-builder-el-6  el_after_av_hr  avia-builder-el-last  avia-align-left '  itemprop=\"image\" itemscope=\"itemscope\" itemtype=\"https:\/\/schema.org\/ImageObject\"  ><div class='avia-image-container-inner'><div class='avia-image-overlay-wrap'><a href='https:\/\/www.youtube.com\/watch?v=pPC0HHVPUm4' class='avia_image'  ><img decoding=\"async\" width=\"845\" height=\"321\" class='wp-image-33311 avia-img-lazy-loading-not-33311 avia_image' src=\"https:\/\/omilo.com\/wp-content\/uploads\/2022\/10\/website-team-compressed-845x321.jpg\" alt='Omilo teachers and staff' title='Omilo teachers and staff'  itemprop=\"thumbnailUrl\"  \/><\/a><\/div><\/div><\/div><\/p><\/div><div class=\"flex_column av_one_full  flex_column_div av-zero-column-padding first  avia-builder-el-7  el_after_av_one_full  avia-builder-el-last  column-top-margin\" style='border-radius:0px; '><section class=\"av_textblock_section \"  itemscope=\"itemscope\" itemtype=\"https:\/\/schema.org\/CreativeWork\" ><div class='avia_textblock  '   itemprop=\"text\" ><p><strong>Pas plus qu\u2019un r\u00eave il y a 29 ans, Omilo est aujourd\u2019hui une \u00e9cole de langue bien \u00e9tablie, qui propose des cours de langue et de culture grecques \u00e0 des \u00e9tudiants du monde entier.<\/strong><\/p>\n<p>Tout commence en 1996, quand Dimitris et Maya Andreadis fondent Omilo. Dimitris est l\u2019un des professeurs, mais il est aussi responsable de l\u2019organisation et de l\u2019aspect financier de l\u2019entreprise. Maya, quant \u00e0 elle, se charge des activit\u00e9s culturelles, de l\u2019administration, du marketing, des r\u00e9seaux sociaux et du site web. Ils ont \u00e9tudi\u00e9 l\u2019une en Belgique, l\u2019autre en Gr\u00e8ce, tous les deux aux \u00c9tats-Unis, et ces exp\u00e9riences internationales leur sont tr\u00e8s utiles pour diriger ce passionnant projet \u00e9ducatif.<br \/>\nOmilo propose une approche unique de l\u2019enseignement du grec moderne, dispens\u00e9 par une \u00e9quipe d\u2019enseignants tri\u00e9s sur le volet. L\u2019ambiance d\u00e9tendue et informelle des cours d\u2019Omilo font de l\u2019apprentissage du grec une exp\u00e9rience agr\u00e9able et fructueuse. Notre objectif premier est de dispenser un enseignement de qualit\u00e9, tout en faisant d\u00e9couvrir \u00e0 nos \u00e9tudiants les coutumes locales, l\u2019histoire et la culture par le biais d\u2019excursions et d\u2019activit\u00e9s culturelles.<br \/>\nDepuis 1997, Omilo a propos\u00e9 des cours \u00e0 Ath\u00e8nes, Nea Makri (Attique), Limni (Eub\u00e9e ou Evia) et Nauplie, ainsi que dans les \u00eeles de Hydra, Syros, Andros et Leucade. Nous n\u2019avons pas cess\u00e9 de chercher de nouveaux endroits o\u00f9 donner nos cours.<\/p>\n<p><iframe loading=\"lazy\" title=\"YouTube video player\" src=\"https:\/\/www.youtube.com\/embed\/RivcKuo9hXI\" width=\"560\" height=\"315\" frameborder=\"0\" allowfullscreen=\"allowfullscreen\"><\/iframe><\/p>\n<\/div><\/section><\/div><\/div><\/div><\/div><!-- close content main div --><\/div><\/div><div id='about'  class='avia-section main_color avia-section-default avia-no-border-styling  avia-bg-style-scroll  avia-builder-el-9  el_after_av_section  el_before_av_section   container_wrap sidebar_right' style='background-color: #eeeeee;  '  ><div class='container' ><div class='template-page content  av-content-small alpha units'><div class='post-entry post-entry-type-page post-entry-6125'><div class='entry-content-wrapper clearfix'>\n<div class=\"flex_column av_four_fifth  flex_column_div av-zero-column-padding first  avia-builder-el-10  avia-builder-el-no-sibling  \" style='border-radius:0px; '><section class=\"av_textblock_section \"  itemscope=\"itemscope\" itemtype=\"https:\/\/schema.org\/CreativeWork\" ><div class='avia_textblock  '   itemprop=\"text\" ><p><strong>\u00abComment avez-vous r\u00e9ussi \u00e0 garder votre enthousiasme et votre \u00e9nergie pendant toutes ces ann\u00e9es?\u00bb est une question que l\u2019on nous pose souvent.\u00a0<\/strong><\/p>\n<p>La r\u00e9ponse est simple:<\/p>\n<p>a. nous travaillons avec une super <a href=\"https:\/\/omilo.com\/fr\/a-propos-de-nous\/notre-equipe-enseignants\/\">\u00e9quipe de professeurs<\/a>;<br \/>\nb. nous recevons souvent des <a href=\"https:\/\/omilo.com\/fr\/a-propos-de-nous\/lavis-des-etudiants\/\">courriels de remerciements<\/a>;<br \/>\nc. nous voyons le sourire qui illumine le visage de <a href=\"https:\/\/omilo.com\/fr\/a-propos-de-nous\/nos-etudiants\/\">nos \u00e9tudiants<\/a>;<br \/>\nd. nous accueillons de nouveaux \u00e9tudiants, mais aussi beaucoup d\u2019\u00abanciens\u00bb qui reviennent chaque ann\u00e9e;<br \/>\ne. nous jouissons de la beaut\u00e9 naturelle des lieux o\u00f9 sont donn\u00e9s <a href=\"https:\/\/omilo.com\/fr\/cours-de-grec\/\">les cours<\/a> et des \u00e9v\u00e9nements culturels qui s\u2019y d\u00e9roulent;<br \/>\nf. nous rencontrons des gens formidables venus des quatre coins du monde;<br \/>\ng. et les t\u00e9moignages de nos \u00e9tudiants nous font chaud au c\u0153ur.<\/p>\n<p>Tout cela repr\u00e9sente pour nous une grande source d\u2019inspiration et d\u2019\u00e9nergie, et c\u2019est avec enthousiasme que nous envisageons les 20 ann\u00e9es suivantes! Nous sommes fiers de ce que nous avons r\u00e9alis\u00e9 et consid\u00e9rons Omilo comme \u00abun de nos enfants\u00bb. Nous adorons notre travail. Notre objectif principal est de proposer des cours de langue de haute qualit\u00e9 et une exp\u00e9rience culturelle \u00e0 tous nos \u00e9tudiants pendant leur s\u00e9jour en Gr\u00e8ce.<\/p>\n<p>Maya et Dimitris Andreadis<\/p>\n<p><iframe loading=\"lazy\" title=\"YouTube video player\" src=\"https:\/\/www.youtube.com\/embed\/m6py0WCPJZw\" width=\"560\" height=\"315\" frameborder=\"0\" allowfullscreen=\"allowfullscreen\"><\/iframe><\/p>\n<\/div><\/section><\/div>\n<\/p>\n<\/div><\/div><\/div><!-- close content main div --><\/div><\/div><div id='av_section_4'  class='avia-section main_color avia-section-huge avia-no-border-styling  av-parallax-section avia-bg-style-parallax  avia-builder-el-12  el_after_av_section  avia-builder-el-last   av-minimum-height av-minimum-height-25  container_wrap sidebar_right' style=' '  data-section-bg-repeat='no-repeat' data-av_minimum_height_pc='25'><div class='av-parallax' data-avia-parallax-ratio='0.3' ><div class='av-parallax-inner main_color  avia-full-stretch' style = 'background-repeat: no-repeat; background-image: url(https:\/\/omilo.com\/wp-content\/uploads\/2016\/07\/page-header-image-500px-014.jpg);background-attachment: scroll; background-position: top left; ' ><\/div><\/div><div class='container' ><div class='template-page content  av-content-small alpha units'><div class='post-entry post-entry-type-page post-entry-6125'><div class='entry-content-wrapper clearfix'>\n<div  class='avia-button-wrap avia-button-center  avia-builder-el-13  avia-builder-el-no-sibling ' ><a href='https:\/\/www.flickr.com\/photos\/omilohellas\/albums' class='avia-button avia-button-fullwidth   avia-icon_select-no avia-color-custom '  style='color:#ffffff; background-color:#db504a; ' ><div class='av-button-description av-button-description-above'><p>Ces 20 ans ont vol\u00e9! C\u00e9l\u00e9brons ensemble cet anniversaire et partageons nos souvenirs!<\/p>\n<\/div><span class='avia_iconbox_title' >Flickr album<\/span><span class='avia_button_background avia-button avia-button-fullwidth avia-color-custom' style='background-color:#084c61;'><\/span><\/a><\/div>\n<\/div><\/div><\/div><!-- close content main div --><\/div><\/div><div id='after_section_4'  class='main_color av_default_container_wrap container_wrap sidebar_right' style=' '  ><div class='container' ><div class='template-page content  av-content-small alpha units'><div class='post-entry post-entry-type-page post-entry-6125'><div class='entry-content-wrapper clearfix'>\n","protected":false},"excerpt":{"rendered":"","protected":false},"author":8,"featured_media":0,"parent":6099,"menu_order":0,"comment_status":"closed","ping_status":"closed","template":"","meta":{"footnotes":""},"yoast_head":"<!-- This site is optimized with the Yoast SEO plugin v24.5 - https:\/\/yoast.com\/wordpress\/plugins\/seo\/ -->\n<title>Omilo f\u00eate ses 25 ans | Omilo<\/title>\n<meta name=\"description\" content=\"Pas plus qu\u2019un r\u00eave il y a un peu plus de 29 ans, Omilo est aujourd\u2019hui une \u00e9cole de langue bien \u00e9tablie, qui propose des cours de langue &amp; de culture grecques.\" \/>\n<meta name=\"robots\" content=\"index, follow, max-snippet:-1, max-image-preview:large, max-video-preview:-1\" \/>\n<link rel=\"canonical\" href=\"https:\/\/omilo.com\/fr\/a-propos-de-nous\/omilo-fete-ses-25-ans\/\" \/>\n<meta property=\"og:locale\" content=\"fr_FR\" \/>\n<meta property=\"og:type\" content=\"article\" \/>\n<meta property=\"og:title\" content=\"Omilo f\u00eate ses 25 ans | Omilo\" \/>\n<meta property=\"og:description\" content=\"Pas plus qu\u2019un r\u00eave il y a un peu plus de 29 ans, Omilo est aujourd\u2019hui une \u00e9cole de langue bien \u00e9tablie, qui propose des cours de langue &amp; de culture grecques.\" \/>\n<meta property=\"og:url\" content=\"https:\/\/omilo.com\/fr\/a-propos-de-nous\/omilo-fete-ses-25-ans\/\" \/>\n<meta property=\"og:site_name\" content=\"Omilo\" \/>\n<meta property=\"article:publisher\" content=\"https:\/\/www.facebook.com\/omilohellas\/\" \/>\n<meta property=\"article:modified_time\" content=\"2025-10-19T20:42:13+00:00\" \/>\n<meta property=\"og:image\" content=\"https:\/\/omilo.com\/wp-content\/uploads\/2017\/12\/fb-image.jpg\" \/>\n\t<meta property=\"og:image:width\" content=\"960\" \/>\n\t<meta property=\"og:image:height\" content=\"960\" \/>\n\t<meta property=\"og:image:type\" content=\"image\/jpeg\" \/>\n<meta name=\"twitter:card\" content=\"summary_large_image\" \/>\n<meta name=\"twitter:site\" content=\"@OmiloHellas\" \/>\n<meta name=\"twitter:label1\" content=\"Dur\u00e9e de lecture estim\u00e9e\" \/>\n\t<meta name=\"twitter:data1\" content=\"4 minutes\" \/>\n<script type=\"application\/ld+json\" class=\"yoast-schema-graph\">{\"@context\":\"https:\/\/schema.org\",\"@graph\":[{\"@type\":\"WebPage\",\"@id\":\"https:\/\/omilo.com\/fr\/a-propos-de-nous\/omilo-fete-ses-25-ans\/\",\"url\":\"https:\/\/omilo.com\/fr\/a-propos-de-nous\/omilo-fete-ses-25-ans\/\",\"name\":\"Omilo f\u00eate ses 25 ans | Omilo\",\"isPartOf\":{\"@id\":\"https:\/\/omilo.com\/fr\/#website\"},\"datePublished\":\"2016-07-06T15:00:39+00:00\",\"dateModified\":\"2025-10-19T20:42:13+00:00\",\"description\":\"Pas plus qu\u2019un r\u00eave il y a un peu plus de 29 ans, Omilo est aujourd\u2019hui une \u00e9cole de langue bien \u00e9tablie, qui propose des cours de langue & de culture grecques.\",\"breadcrumb\":{\"@id\":\"https:\/\/omilo.com\/fr\/a-propos-de-nous\/omilo-fete-ses-25-ans\/#breadcrumb\"},\"inLanguage\":\"fr-FR\",\"potentialAction\":[{\"@type\":\"ReadAction\",\"target\":[\"https:\/\/omilo.com\/fr\/a-propos-de-nous\/omilo-fete-ses-25-ans\/\"]}]},{\"@type\":\"BreadcrumbList\",\"@id\":\"https:\/\/omilo.com\/fr\/a-propos-de-nous\/omilo-fete-ses-25-ans\/#breadcrumb\",\"itemListElement\":[{\"@type\":\"ListItem\",\"position\":1,\"name\":\"Home\",\"item\":\"https:\/\/omilo.com\/fr\/\"},{\"@type\":\"ListItem\",\"position\":2,\"name\":\"\u00c0 propos de nous\",\"item\":\"https:\/\/omilo.com\/fr\/a-propos-de-nous\/\"},{\"@type\":\"ListItem\",\"position\":3,\"name\":\"Omilo f\u00eate ses 25 ans\"}]},{\"@type\":\"WebSite\",\"@id\":\"https:\/\/omilo.com\/fr\/#website\",\"url\":\"https:\/\/omilo.com\/fr\/\",\"name\":\"Omilo\",\"description\":\"Learning Greek in Greece\",\"publisher\":{\"@id\":\"https:\/\/omilo.com\/fr\/#organization\"},\"potentialAction\":[{\"@type\":\"SearchAction\",\"target\":{\"@type\":\"EntryPoint\",\"urlTemplate\":\"https:\/\/omilo.com\/fr\/?s={search_term_string}\"},\"query-input\":{\"@type\":\"PropertyValueSpecification\",\"valueRequired\":true,\"valueName\":\"search_term_string\"}}],\"inLanguage\":\"fr-FR\"},{\"@type\":\"Organization\",\"@id\":\"https:\/\/omilo.com\/fr\/#organization\",\"name\":\"Omilo | Greek Language & Culture\",\"url\":\"https:\/\/omilo.com\/fr\/\",\"logo\":{\"@type\":\"ImageObject\",\"inLanguage\":\"fr-FR\",\"@id\":\"https:\/\/omilo.com\/fr\/#\/schema\/logo\/image\/\",\"url\":\"https:\/\/omilo.com\/wp-content\/uploads\/2017\/12\/logo-landing.png\",\"contentUrl\":\"https:\/\/omilo.com\/wp-content\/uploads\/2017\/12\/logo-landing.png\",\"width\":280,\"height\":99,\"caption\":\"Omilo | Greek Language & Culture\"},\"image\":{\"@id\":\"https:\/\/omilo.com\/fr\/#\/schema\/logo\/image\/\"},\"sameAs\":[\"https:\/\/www.facebook.com\/omilohellas\/\",\"https:\/\/x.com\/OmiloHellas\",\"https:\/\/www.linkedin.com\/company\/omilo-greek-language-and-culture\",\"https:\/\/www.youtube.com\/user\/omiloteam\"]}]}<\/script>\n<!-- \/ Yoast SEO plugin. -->","yoast_head_json":{"title":"Omilo f\u00eate ses 25 ans | Omilo","description":"Pas plus qu\u2019un r\u00eave il y a un peu plus de 29 ans, Omilo est aujourd\u2019hui une \u00e9cole de langue bien \u00e9tablie, qui propose des cours de langue & de culture grecques.","robots":{"index":"index","follow":"follow","max-snippet":"max-snippet:-1","max-image-preview":"max-image-preview:large","max-video-preview":"max-video-preview:-1"},"canonical":"https:\/\/omilo.com\/fr\/a-propos-de-nous\/omilo-fete-ses-25-ans\/","og_locale":"fr_FR","og_type":"article","og_title":"Omilo f\u00eate ses 25 ans | Omilo","og_description":"Pas plus qu\u2019un r\u00eave il y a un peu plus de 29 ans, Omilo est aujourd\u2019hui une \u00e9cole de langue bien \u00e9tablie, qui propose des cours de langue & de culture grecques.","og_url":"https:\/\/omilo.com\/fr\/a-propos-de-nous\/omilo-fete-ses-25-ans\/","og_site_name":"Omilo","article_publisher":"https:\/\/www.facebook.com\/omilohellas\/","article_modified_time":"2025-10-19T20:42:13+00:00","og_image":[{"width":960,"height":960,"url":"https:\/\/omilo.com\/wp-content\/uploads\/2017\/12\/fb-image.jpg","type":"image\/jpeg"}],"twitter_card":"summary_large_image","twitter_site":"@OmiloHellas","twitter_misc":{"Dur\u00e9e de lecture estim\u00e9e":"4 minutes"},"schema":{"@context":"https:\/\/schema.org","@graph":[{"@type":"WebPage","@id":"https:\/\/omilo.com\/fr\/a-propos-de-nous\/omilo-fete-ses-25-ans\/","url":"https:\/\/omilo.com\/fr\/a-propos-de-nous\/omilo-fete-ses-25-ans\/","name":"Omilo f\u00eate ses 25 ans | Omilo","isPartOf":{"@id":"https:\/\/omilo.com\/fr\/#website"},"datePublished":"2016-07-06T15:00:39+00:00","dateModified":"2025-10-19T20:42:13+00:00","description":"Pas plus qu\u2019un r\u00eave il y a un peu plus de 29 ans, Omilo est aujourd\u2019hui une \u00e9cole de langue bien \u00e9tablie, qui propose des cours de langue & de culture grecques.","breadcrumb":{"@id":"https:\/\/omilo.com\/fr\/a-propos-de-nous\/omilo-fete-ses-25-ans\/#breadcrumb"},"inLanguage":"fr-FR","potentialAction":[{"@type":"ReadAction","target":["https:\/\/omilo.com\/fr\/a-propos-de-nous\/omilo-fete-ses-25-ans\/"]}]},{"@type":"BreadcrumbList","@id":"https:\/\/omilo.com\/fr\/a-propos-de-nous\/omilo-fete-ses-25-ans\/#breadcrumb","itemListElement":[{"@type":"ListItem","position":1,"name":"Home","item":"https:\/\/omilo.com\/fr\/"},{"@type":"ListItem","position":2,"name":"\u00c0 propos de nous","item":"https:\/\/omilo.com\/fr\/a-propos-de-nous\/"},{"@type":"ListItem","position":3,"name":"Omilo f\u00eate ses 25 ans"}]},{"@type":"WebSite","@id":"https:\/\/omilo.com\/fr\/#website","url":"https:\/\/omilo.com\/fr\/","name":"Omilo","description":"Learning Greek in Greece","publisher":{"@id":"https:\/\/omilo.com\/fr\/#organization"},"potentialAction":[{"@type":"SearchAction","target":{"@type":"EntryPoint","urlTemplate":"https:\/\/omilo.com\/fr\/?s={search_term_string}"},"query-input":{"@type":"PropertyValueSpecification","valueRequired":true,"valueName":"search_term_string"}}],"inLanguage":"fr-FR"},{"@type":"Organization","@id":"https:\/\/omilo.com\/fr\/#organization","name":"Omilo | Greek Language & Culture","url":"https:\/\/omilo.com\/fr\/","logo":{"@type":"ImageObject","inLanguage":"fr-FR","@id":"https:\/\/omilo.com\/fr\/#\/schema\/logo\/image\/","url":"https:\/\/omilo.com\/wp-content\/uploads\/2017\/12\/logo-landing.png","contentUrl":"https:\/\/omilo.com\/wp-content\/uploads\/2017\/12\/logo-landing.png","width":280,"height":99,"caption":"Omilo | Greek Language & Culture"},"image":{"@id":"https:\/\/omilo.com\/fr\/#\/schema\/logo\/image\/"},"sameAs":["https:\/\/www.facebook.com\/omilohellas\/","https:\/\/x.com\/OmiloHellas","https:\/\/www.linkedin.com\/company\/omilo-greek-language-and-culture","https:\/\/www.youtube.com\/user\/omiloteam"]}]}},"_links":{"self":[{"href":"https:\/\/omilo.com\/fr\/wp-json\/wp\/v2\/pages\/6125"}],"collection":[{"href":"https:\/\/omilo.com\/fr\/wp-json\/wp\/v2\/pages"}],"about":[{"href":"https:\/\/omilo.com\/fr\/wp-json\/wp\/v2\/types\/page"}],"author":[{"embeddable":true,"href":"https:\/\/omilo.com\/fr\/wp-json\/wp\/v2\/users\/8"}],"replies":[{"embeddable":true,"href":"https:\/\/omilo.com\/fr\/wp-json\/wp\/v2\/comments?post=6125"}],"version-history":[{"count":"3","href":"https:\/\/omilo.com\/fr\/wp-json\/wp\/v2\/pages\/6125\/revisions"}],"predecessor-version":[{"id":39958,"href":"https:\/\/omilo.com\/fr\/wp-json\/wp\/v2\/pages\/6125\/revisions\/39958"}],"up":[{"embeddable":true,"href":"https:\/\/omilo.com\/fr\/wp-json\/wp\/v2\/pages\/6099"}],"wp:attachment":[{"href":"https:\/\/omilo.com\/fr\/wp-json\/wp\/v2\/media?parent=6125"}],"curies":[{"name":"wp","href":"https:\/\/api.w.org\/{rel}","templated":true}]}}