{"id":6338,"date":"2016-07-06T16:39:11","date_gmt":"2016-07-06T13:39:11","guid":{"rendered":"http:\/\/www.thesandbox.eu\/de\/greek-language-courses\/two-week-intensive-greek-courses\/"},"modified":"2023-10-17T17:14:46","modified_gmt":"2023-10-17T14:14:46","slug":"ueberblick-zweiwoechige-intensive-griechischkurse","status":"publish","type":"page","link":"https:\/\/omilo.com\/de\/ueberblick-griechischkursen\/ueberblick-zweiwoechige-intensive-griechischkurse\/","title":{"rendered":"Intensive Griechischkurse in Griechenland &#8211; Zwei Wochen"},"content":{"rendered":"<div id='av_section_1'  class='avia-section main_color avia-section-default avia-no-border-styling  avia-full-stretch avia-bg-style-scroll  avia-builder-el-0  el_before_av_section  avia-builder-el-first   av-minimum-height av-minimum-height-custom  container_wrap sidebar_right' style='background-repeat: no-repeat; background-image: url(https:\/\/omilo.com\/wp-content\/uploads\/2016\/12\/omilo-overview-header-003-1500x375.jpg);background-attachment: scroll; background-position: center center;  '  data-section-bg-repeat='stretch'><div class='container' style='height:260px'><main  role=\"main\" itemprop=\"mainContentOfPage\"  class='template-page content  av-content-small alpha units'><div class='post-entry post-entry-type-page post-entry-6338'><div class='entry-content-wrapper clearfix'>\n<\/div><\/div><\/main><!-- close content main element --><\/div><\/div><div id='top'  class='avia-section main_color avia-section-default avia-no-border-styling  avia-bg-style-scroll  avia-builder-el-1  el_after_av_section  avia-builder-el-last   container_wrap sidebar_right' style='background-color: #eeeeee;  '  ><div class='container' ><div class='template-page content  av-content-small alpha units'><div class='post-entry post-entry-type-page post-entry-6338'><div class='entry-content-wrapper clearfix'>\n<div class=\"flex_column av_one_half  flex_column_div av-zero-column-padding first  avia-builder-el-2  el_before_av_one_half  avia-builder-el-first  \" style='border-radius:0px; '><div  style='padding-bottom:10px; ' class='av-special-heading av-special-heading-h1  blockquote modern-quote  avia-builder-el-3  avia-builder-el-no-sibling  '><h1 class='av-special-heading-tag '  itemprop=\"headline\"  >Intensive Griechischkurse in Griechenland &#8211; Zwei Wochen <\/h1><div class ='av-subheading av-subheading_below  ' style='font-size:15px;'><p>40 Stunden Griechischunterricht (10 Unterrichtstage und 2 unterrichtsfreie Tage);<br \/>\nKulturelle Aktivit\u00e4ten an den Nachmittagen (gratis);<br \/>\nSprachkurse f\u00fcr Erwachsene ab 26 Jahre und \u00e4lter auch Senioren jeder Nationalit\u00e4t und jeden Alters sind herzlich willkommen<\/p>\n<\/div><div class='special-heading-border'><div class='special-heading-inner-border' ><\/div><\/div><\/div><\/div><div class=\"flex_column av_one_half  flex_column_div av-zero-column-padding   avia-builder-el-4  el_after_av_one_half  avia-builder-el-last  \" style='border-radius:0px; '><p><section class=\"av_textblock_section \"  itemscope=\"itemscope\" itemtype=\"https:\/\/schema.org\/CreativeWork\" ><div class='avia_textblock  '   itemprop=\"text\" ><p><strong>Sie lieben Griechenland? Und Sie m\u00f6chten w\u00e4hrend Ihres Urlaubes in Griechenland auch Griechisch lernen und sprechen?<\/strong><\/p>\n<\/div><\/section><br \/>\n<section class=\"av_textblock_section \"  itemscope=\"itemscope\" itemtype=\"https:\/\/schema.org\/CreativeWork\" ><div class='avia_textblock  '   itemprop=\"text\" ><h3>Zweiw\u00f6chige Intensivkurse k\u00f6nnen an folgenden Orten gebucht werden:<\/h3>\n<\/div><\/section><br \/>\n<div  class='avia-button-wrap avia-button-center  avia-builder-el-7  el_after_av_textblock  el_before_av_button ' ><a href='https:\/\/omilo.com\/de\/kurs\/zwei-woechiger-sprachkurs-athen\/'  class='avia-button av-icon-on-hover  avia-icon_select-yes-right-icon avia-size-small avia-position-center '  target=\"_blank\"  rel=\"noopener noreferrer\" style='background-color:#db504a; border-color:#db504a; color:#ffffff; ' ><span class='avia_iconbox_title' >Athen <\/span><span class='avia_button_icon avia_button_icon_right' aria-hidden='true' data-av_icon='\ue875' data-av_iconfont='entypo-fontello'><\/span><\/a><\/div><br \/>\n<div  class='avia-button-wrap avia-button-center  avia-builder-el-8  el_after_av_button  el_before_av_button ' ><a href='https:\/\/omilo.com\/de\/kurs\/zwei-woechiger-sprachkurs-insel-lefkada\/'  class='avia-button av-icon-on-hover  avia-icon_select-yes-right-icon avia-size-small avia-position-center '  target=\"_blank\"  rel=\"noopener noreferrer\" style='background-color:#db504a; border-color:#db504a; color:#ffffff; ' ><span class='avia_iconbox_title' >Insel Lefkada (Juni)<\/span><span class='avia_button_icon avia_button_icon_right' aria-hidden='true' data-av_icon='\ue875' data-av_iconfont='entypo-fontello'><\/span><\/a><\/div><br \/>\n<div  class='avia-button-wrap avia-button-center  avia-builder-el-9  el_after_av_button  el_before_av_textblock ' ><a href='https:\/\/omilo.com\/de\/kurs\/zwei-woechiger-sprachkurs-insel-syros\/'  class='avia-button av-icon-on-hover  avia-icon_select-yes-right-icon avia-size-small avia-position-center '  target=\"_blank\"  rel=\"noopener noreferrer\" style='background-color:#db504a; border-color:#db504a; color:#ffffff; ' ><span class='avia_iconbox_title' >Insel Syros (Juni bis September)<\/span><span class='avia_button_icon avia_button_icon_right' aria-hidden='true' data-av_icon='\ue875' data-av_iconfont='entypo-fontello'><\/span><\/a><\/div><br \/>\n<section class=\"av_textblock_section \"  itemscope=\"itemscope\" itemtype=\"https:\/\/schema.org\/CreativeWork\" ><div class='avia_textblock  '   itemprop=\"text\" ><p>Innerhalb dieser zwei Wochen\u2026<\/p>\n<ul>\n<li>lernen und sprechen Sie t\u00e4glich Griechisch;<\/li>\n<li>bauen Sie Ihre Grammatik- und Wortschatzkenntnisse durch anregende und interaktive Vormittagskurse aus;<\/li>\n<li>beginnen Sie, vom griechischen Umfeld inspiriert, ganz selbstverst\u00e4ndlich, mit den Einheimischen zu kommunizieren;<\/li>\n<li>werden Sie durch eine griechische Tanzstunde, einen traditionellen Abend in einer Taverne und einer faszinierenden Lesung in die griechische Kultur eingef\u00fchrt;<\/li>\n<li>entdecken Sie w\u00e4hrend eines gef\u00fchrten Spaziergangs und kultureller Zusatzaktivit\u00e4ten die Sch\u00f6nheit der griechischen Landschaften;<\/li>\n<li>lernen Sie Menschen aus aller Herren L\u00e4nder kennen, die dieselbe Leidenschaft f\u00fcr Griechenland teilen;<\/li>\n<li>werden Sie motiviert sein, weitere Sprachkurse in Ihrer Heimat zu besuchen;<\/li>\n<li>werden Sie die Angst verlieren, Griechisch zu sprechen<\/li>\n<li>verbringen Sie wundervolle Urlaubstage an einem sch\u00f6nen griechischen Ort.<a href=\"https:\/\/youtube.com\/playlist?list=PLjg3sKfCihkrcxBfXIpbwy3EFhv_Mhnxy\" target=\"_blank\" rel=\"noopener noreferrer\">Besuchen Sie unseren YouTube-Kanal und h\u00f6ren Sie, was unsere Studenten \u00fcber ihre Erfahrungen mit Omilo sagen<\/a><\/li>\n<\/ul>\n<\/div><\/section><\/p><\/div><\/div><\/div><\/div><!-- close content main div --><\/div><\/div><div id='after_section_2'  class='main_color av_default_container_wrap container_wrap sidebar_right' style=' '  ><div class='container' ><div class='template-page content  av-content-small alpha units'><div class='post-entry post-entry-type-page post-entry-6338'><div class='entry-content-wrapper clearfix'>\n","protected":false},"excerpt":{"rendered":"","protected":false},"author":8,"featured_media":0,"parent":6312,"menu_order":0,"comment_status":"closed","ping_status":"closed","template":"","meta":{"footnotes":""},"yoast_head":"<!-- This site is optimized with the Yoast SEO plugin v24.5 - https:\/\/yoast.com\/wordpress\/plugins\/seo\/ -->\n<title>Intensive Griechischkurse in Griechenland - Zwei Wochen | Omilo<\/title>\n<meta name=\"description\" content=\"Griechishkurse in Griechenland. Die 2-w\u00f6chige Griechischkurse sind perfekt um Griechisch w\u00e4hrend Ihres Urlaubs zu lernen.\" \/>\n<meta name=\"robots\" content=\"index, follow, max-snippet:-1, max-image-preview:large, max-video-preview:-1\" \/>\n<link rel=\"canonical\" href=\"https:\/\/omilo.com\/de\/ueberblick-griechischkursen\/ueberblick-zweiwoechige-intensive-griechischkurse\/\" \/>\n<meta property=\"og:locale\" content=\"de_DE\" \/>\n<meta property=\"og:type\" content=\"article\" \/>\n<meta property=\"og:title\" content=\"Intensive Griechischkurse in Griechenland - Zwei Wochen | Omilo\" \/>\n<meta property=\"og:description\" content=\"Griechishkurse in Griechenland. Die 2-w\u00f6chige Griechischkurse sind perfekt um Griechisch w\u00e4hrend Ihres Urlaubs zu lernen.\" \/>\n<meta property=\"og:url\" content=\"https:\/\/omilo.com\/de\/ueberblick-griechischkursen\/ueberblick-zweiwoechige-intensive-griechischkurse\/\" \/>\n<meta property=\"og:site_name\" content=\"Omilo\" \/>\n<meta property=\"article:publisher\" content=\"https:\/\/www.facebook.com\/omilohellas\/\" \/>\n<meta property=\"article:modified_time\" content=\"2023-10-17T14:14:46+00:00\" \/>\n<meta property=\"og:image\" content=\"https:\/\/omilo.com\/wp-content\/uploads\/2017\/12\/fb-image.jpg\" \/>\n\t<meta property=\"og:image:width\" content=\"960\" \/>\n\t<meta property=\"og:image:height\" content=\"960\" \/>\n\t<meta property=\"og:image:type\" content=\"image\/jpeg\" \/>\n<meta name=\"twitter:card\" content=\"summary_large_image\" \/>\n<meta name=\"twitter:site\" content=\"@OmiloHellas\" \/>\n<meta name=\"twitter:label1\" content=\"Gesch\u00e4tzte Lesezeit\" \/>\n\t<meta name=\"twitter:data1\" content=\"4\u00a0Minuten\" \/>\n<script type=\"application\/ld+json\" class=\"yoast-schema-graph\">{\"@context\":\"https:\/\/schema.org\",\"@graph\":[{\"@type\":\"WebPage\",\"@id\":\"https:\/\/omilo.com\/de\/ueberblick-griechischkursen\/ueberblick-zweiwoechige-intensive-griechischkurse\/\",\"url\":\"https:\/\/omilo.com\/de\/ueberblick-griechischkursen\/ueberblick-zweiwoechige-intensive-griechischkurse\/\",\"name\":\"Intensive Griechischkurse in Griechenland - Zwei Wochen | Omilo\",\"isPartOf\":{\"@id\":\"https:\/\/omilo.com\/de\/#website\"},\"datePublished\":\"2016-07-06T13:39:11+00:00\",\"dateModified\":\"2023-10-17T14:14:46+00:00\",\"description\":\"Griechishkurse in Griechenland. Die 2-w\u00f6chige Griechischkurse sind perfekt um Griechisch w\u00e4hrend Ihres Urlaubs zu lernen.\",\"breadcrumb\":{\"@id\":\"https:\/\/omilo.com\/de\/ueberblick-griechischkursen\/ueberblick-zweiwoechige-intensive-griechischkurse\/#breadcrumb\"},\"inLanguage\":\"de\",\"potentialAction\":[{\"@type\":\"ReadAction\",\"target\":[\"https:\/\/omilo.com\/de\/ueberblick-griechischkursen\/ueberblick-zweiwoechige-intensive-griechischkurse\/\"]}]},{\"@type\":\"BreadcrumbList\",\"@id\":\"https:\/\/omilo.com\/de\/ueberblick-griechischkursen\/ueberblick-zweiwoechige-intensive-griechischkurse\/#breadcrumb\",\"itemListElement\":[{\"@type\":\"ListItem\",\"position\":1,\"name\":\"Home\",\"item\":\"https:\/\/omilo.com\/de\/\"},{\"@type\":\"ListItem\",\"position\":2,\"name\":\"\u00dcberblick zu unseren Griechischkursen\",\"item\":\"https:\/\/omilo.com\/de\/ueberblick-griechischkursen\/\"},{\"@type\":\"ListItem\",\"position\":3,\"name\":\"Intensive Griechischkurse in Griechenland &#8211; Zwei Wochen\"}]},{\"@type\":\"WebSite\",\"@id\":\"https:\/\/omilo.com\/de\/#website\",\"url\":\"https:\/\/omilo.com\/de\/\",\"name\":\"Omilo\",\"description\":\"Learning Greek in Greece\",\"publisher\":{\"@id\":\"https:\/\/omilo.com\/de\/#organization\"},\"potentialAction\":[{\"@type\":\"SearchAction\",\"target\":{\"@type\":\"EntryPoint\",\"urlTemplate\":\"https:\/\/omilo.com\/de\/?s={search_term_string}\"},\"query-input\":{\"@type\":\"PropertyValueSpecification\",\"valueRequired\":true,\"valueName\":\"search_term_string\"}}],\"inLanguage\":\"de\"},{\"@type\":\"Organization\",\"@id\":\"https:\/\/omilo.com\/de\/#organization\",\"name\":\"Omilo | Greek Language & Culture\",\"url\":\"https:\/\/omilo.com\/de\/\",\"logo\":{\"@type\":\"ImageObject\",\"inLanguage\":\"de\",\"@id\":\"https:\/\/omilo.com\/de\/#\/schema\/logo\/image\/\",\"url\":\"https:\/\/omilo.com\/wp-content\/uploads\/2017\/12\/logo-landing.png\",\"contentUrl\":\"https:\/\/omilo.com\/wp-content\/uploads\/2017\/12\/logo-landing.png\",\"width\":280,\"height\":99,\"caption\":\"Omilo | Greek Language & Culture\"},\"image\":{\"@id\":\"https:\/\/omilo.com\/de\/#\/schema\/logo\/image\/\"},\"sameAs\":[\"https:\/\/www.facebook.com\/omilohellas\/\",\"https:\/\/x.com\/OmiloHellas\",\"https:\/\/www.linkedin.com\/company\/omilo-greek-language-and-culture\",\"https:\/\/www.youtube.com\/user\/omiloteam\"]}]}<\/script>\n<!-- \/ Yoast SEO plugin. -->","yoast_head_json":{"title":"Intensive Griechischkurse in Griechenland - Zwei Wochen | Omilo","description":"Griechishkurse in Griechenland. Die 2-w\u00f6chige Griechischkurse sind perfekt um Griechisch w\u00e4hrend Ihres Urlaubs zu lernen.","robots":{"index":"index","follow":"follow","max-snippet":"max-snippet:-1","max-image-preview":"max-image-preview:large","max-video-preview":"max-video-preview:-1"},"canonical":"https:\/\/omilo.com\/de\/ueberblick-griechischkursen\/ueberblick-zweiwoechige-intensive-griechischkurse\/","og_locale":"de_DE","og_type":"article","og_title":"Intensive Griechischkurse in Griechenland - Zwei Wochen | Omilo","og_description":"Griechishkurse in Griechenland. Die 2-w\u00f6chige Griechischkurse sind perfekt um Griechisch w\u00e4hrend Ihres Urlaubs zu lernen.","og_url":"https:\/\/omilo.com\/de\/ueberblick-griechischkursen\/ueberblick-zweiwoechige-intensive-griechischkurse\/","og_site_name":"Omilo","article_publisher":"https:\/\/www.facebook.com\/omilohellas\/","article_modified_time":"2023-10-17T14:14:46+00:00","og_image":[{"width":960,"height":960,"url":"https:\/\/omilo.com\/wp-content\/uploads\/2017\/12\/fb-image.jpg","type":"image\/jpeg"}],"twitter_card":"summary_large_image","twitter_site":"@OmiloHellas","twitter_misc":{"Gesch\u00e4tzte Lesezeit":"4\u00a0Minuten"},"schema":{"@context":"https:\/\/schema.org","@graph":[{"@type":"WebPage","@id":"https:\/\/omilo.com\/de\/ueberblick-griechischkursen\/ueberblick-zweiwoechige-intensive-griechischkurse\/","url":"https:\/\/omilo.com\/de\/ueberblick-griechischkursen\/ueberblick-zweiwoechige-intensive-griechischkurse\/","name":"Intensive Griechischkurse in Griechenland - Zwei Wochen | Omilo","isPartOf":{"@id":"https:\/\/omilo.com\/de\/#website"},"datePublished":"2016-07-06T13:39:11+00:00","dateModified":"2023-10-17T14:14:46+00:00","description":"Griechishkurse in Griechenland. Die 2-w\u00f6chige Griechischkurse sind perfekt um Griechisch w\u00e4hrend Ihres Urlaubs zu lernen.","breadcrumb":{"@id":"https:\/\/omilo.com\/de\/ueberblick-griechischkursen\/ueberblick-zweiwoechige-intensive-griechischkurse\/#breadcrumb"},"inLanguage":"de","potentialAction":[{"@type":"ReadAction","target":["https:\/\/omilo.com\/de\/ueberblick-griechischkursen\/ueberblick-zweiwoechige-intensive-griechischkurse\/"]}]},{"@type":"BreadcrumbList","@id":"https:\/\/omilo.com\/de\/ueberblick-griechischkursen\/ueberblick-zweiwoechige-intensive-griechischkurse\/#breadcrumb","itemListElement":[{"@type":"ListItem","position":1,"name":"Home","item":"https:\/\/omilo.com\/de\/"},{"@type":"ListItem","position":2,"name":"\u00dcberblick zu unseren Griechischkursen","item":"https:\/\/omilo.com\/de\/ueberblick-griechischkursen\/"},{"@type":"ListItem","position":3,"name":"Intensive Griechischkurse in Griechenland &#8211; Zwei Wochen"}]},{"@type":"WebSite","@id":"https:\/\/omilo.com\/de\/#website","url":"https:\/\/omilo.com\/de\/","name":"Omilo","description":"Learning Greek in Greece","publisher":{"@id":"https:\/\/omilo.com\/de\/#organization"},"potentialAction":[{"@type":"SearchAction","target":{"@type":"EntryPoint","urlTemplate":"https:\/\/omilo.com\/de\/?s={search_term_string}"},"query-input":{"@type":"PropertyValueSpecification","valueRequired":true,"valueName":"search_term_string"}}],"inLanguage":"de"},{"@type":"Organization","@id":"https:\/\/omilo.com\/de\/#organization","name":"Omilo | Greek Language & Culture","url":"https:\/\/omilo.com\/de\/","logo":{"@type":"ImageObject","inLanguage":"de","@id":"https:\/\/omilo.com\/de\/#\/schema\/logo\/image\/","url":"https:\/\/omilo.com\/wp-content\/uploads\/2017\/12\/logo-landing.png","contentUrl":"https:\/\/omilo.com\/wp-content\/uploads\/2017\/12\/logo-landing.png","width":280,"height":99,"caption":"Omilo | Greek Language & Culture"},"image":{"@id":"https:\/\/omilo.com\/de\/#\/schema\/logo\/image\/"},"sameAs":["https:\/\/www.facebook.com\/omilohellas\/","https:\/\/x.com\/OmiloHellas","https:\/\/www.linkedin.com\/company\/omilo-greek-language-and-culture","https:\/\/www.youtube.com\/user\/omiloteam"]}]}},"_links":{"self":[{"href":"https:\/\/omilo.com\/de\/wp-json\/wp\/v2\/pages\/6338"}],"collection":[{"href":"https:\/\/omilo.com\/de\/wp-json\/wp\/v2\/pages"}],"about":[{"href":"https:\/\/omilo.com\/de\/wp-json\/wp\/v2\/types\/page"}],"author":[{"embeddable":true,"href":"https:\/\/omilo.com\/de\/wp-json\/wp\/v2\/users\/8"}],"replies":[{"embeddable":true,"href":"https:\/\/omilo.com\/de\/wp-json\/wp\/v2\/comments?post=6338"}],"version-history":[{"count":"3","href":"https:\/\/omilo.com\/de\/wp-json\/wp\/v2\/pages\/6338\/revisions"}],"predecessor-version":[{"id":36347,"href":"https:\/\/omilo.com\/de\/wp-json\/wp\/v2\/pages\/6338\/revisions\/36347"}],"up":[{"embeddable":true,"href":"https:\/\/omilo.com\/de\/wp-json\/wp\/v2\/pages\/6312"}],"wp:attachment":[{"href":"https:\/\/omilo.com\/de\/wp-json\/wp\/v2\/media?parent=6338"}],"curies":[{"name":"wp","href":"https:\/\/api.w.org\/{rel}","templated":true}]}}