{"id":6324,"date":"2016-07-06T18:19:53","date_gmt":"2016-07-06T15:19:53","guid":{"rendered":"http:\/\/www.thesandbox.eu\/de\/greek-language-courses\/greek-language-levels\/"},"modified":"2017-11-16T11:22:44","modified_gmt":"2017-11-16T09:22:44","slug":"sprachniveaus","status":"publish","type":"page","link":"https:\/\/omilo.com\/de\/ueberblick-griechischkursen\/sprachniveaus\/","title":{"rendered":"Sprachniveaus"},"content":{"rendered":"<div id='av_section_1'  class='avia-section main_color avia-section-default avia-no-border-styling  avia-full-stretch avia-bg-style-scroll  avia-builder-el-0  el_before_av_section  avia-builder-el-first   av-minimum-height av-minimum-height-custom  container_wrap sidebar_right' style='background-repeat: no-repeat; background-image: url(https:\/\/omilo.com\/wp-content\/uploads\/2016\/12\/omilo-language-level-001-1500x391.jpg);background-attachment: scroll; background-position: center center;  '  data-section-bg-repeat='stretch'><div class='container' style='height:350px'><main  role=\"main\" itemprop=\"mainContentOfPage\"  class='template-page content  av-content-small alpha units'><div class='post-entry post-entry-type-page post-entry-6324'><div class='entry-content-wrapper clearfix'>\n<\/div><\/div><\/main><!-- close content main element --><\/div><\/div><div id='top'  class='avia-section main_color avia-section-default avia-no-border-styling  avia-bg-style-scroll  avia-builder-el-1  el_after_av_section  el_before_av_section   container_wrap sidebar_right' style='background-color: #eeeeee;  '  ><div class='container' ><div class='template-page content  av-content-small alpha units'><div class='post-entry post-entry-type-page post-entry-6324'><div class='entry-content-wrapper clearfix'>\n<div class=\"flex_column av_one_half  flex_column_div av-zero-column-padding first  avia-builder-el-2  el_before_av_one_half  avia-builder-el-first  \" style='border-radius:0px; '><section class=\"av_textblock_section \"  itemscope=\"itemscope\" itemtype=\"https:\/\/schema.org\/CreativeWork\" ><div class='avia_textblock  '   itemprop=\"text\" ><h1>Sprachniveaus<\/h1>\n<\/div><\/section><\/div><div class=\"flex_column av_one_half  flex_column_div av-zero-column-padding   avia-builder-el-4  el_after_av_one_half  avia-builder-el-last  \" style='border-radius:0px; '><section class=\"av_textblock_section \"  itemscope=\"itemscope\" itemtype=\"https:\/\/schema.org\/CreativeWork\" ><div class='avia_textblock  '   itemprop=\"text\" ><p>Die unten beschriebenen Sprachniveaus bieten Ihnen die M\u00f6glichkeit, sich ein besseres Bild dar\u00fcber zu machen, welche Inhalte in unseren Gruppenkursen (*) angeboten werden. Im Anmeldeformular Ihrer <a href=\"https:\/\/omilo.com\/de\/anmeldung\/\">Kursanmeldung <\/a>bitten wir Sie um Bekanntgabe Ihres derzeitigen Sprachniveaus und um zus\u00e4tzliche Information zu bereits verwendeten Materialien, besuchten Kursen, usw. zu geben. Die folgenden Beschreibungen k\u00f6nnen Ihnen helfen, Ihr Sprachniveau genau festzumachen.<br \/>\nStudenten, die Interesse daran haben, die Pr\u00fcfung zum <a href=\"https:\/\/omilo.com\/de\/kurs\/vorbereitungskurse-griechische-sprachzertifikat\/\">Zertifikat zum Nachweis von Griechischkenntnissen\u00a0<\/a>abzulegen, erhalten in der rechten Spalte einen genauen Einblick in die Anforderungen der jeweiligen Niveaus.<\/p>\n<p><em>(*)Um all die unten genannten Anforderungen in Vokabular und Grammatik zu erf\u00fcllen, ben\u00f6tigt man durchschnittlich (und mit zus\u00e4tzlichem Lernaufwand zuhause) 40 Unterrichtsstunden.<\/em><\/p>\n<\/div><\/section><\/div>\n\n<\/div><\/div><\/div><!-- close content main div --><\/div><\/div><div id='av_section_3'  class='avia-section main_color avia-section-default avia-no-border-styling  avia-bg-style-scroll  avia-builder-el-6  el_after_av_section  el_before_av_section   container_wrap sidebar_right' style=' '  ><div class='container' ><div class='template-page content  av-content-small alpha units'><div class='post-entry post-entry-type-page post-entry-6324'><div class='entry-content-wrapper clearfix'>\n<div class='avia-data-table-wrap avia_responsive_table'><table  class='avia-table avia-data-table avia-table-1  avia-builder-el-7  avia-builder-el-no-sibling  avia_pricing_default '  itemscope=\"itemscope\" itemtype=\"https:\/\/schema.org\/Table\" ><tbody><tr class='avia-heading-row'><th class='avia-center-col'>Niveau<\/th><th class='avia-center-col'>Beschreibung<\/th><th class='avia-center-col'>Entspricht dem Europ\u00e4ischen Referenzrahmen f\u00fcr Sprachen (CEFR)<\/th><\/tr><tr class=''><td class='avia-center-col'><strong>Absolute Beginner<br \/>\n(Abs. BEG)<\/strong><\/td><td class='avia-center-col'>The absolute beginners level consists of 2 parts:<\/p>\n<p>a. The introduction into the Greek alphabet (reading &amp; writing) and basic vocabulary (*)(**)<br \/>\nb. You will expand your vocabulary and learn the first basics of the Greek grammar.<\/p>\n<p><strong>Vocabulary:<\/strong> basic daily language. You will learn how to greet somebody, to present yourself (what your name is, which country you come from, where you live, what job you do, which languages you speak, what your family status is), to shop (basic vocabulary). You will also get familiar with numbers.<\/p>\n<p><strong>Grammar:<\/strong> verbs in present tense, articles, possessive pronouns, adjectives, nominative<\/p>\n<p>(*) You have the option to do this part before attending an Omilo course so you are ready to register for the Beginners 1 level (see below). <a href=\"https:\/\/omilo.com\/course\/greek-alphabet-course\/\">Click here for more info.<\/a><\/p>\n<p>(**) For those that have studied some ancient Greek in high school, please be aware this will help you very much, but there are still some differences and for sure the pronunciation in Modern Greek is very different from the pronunciation of Ancient Greek (taught in schools outside Greece).<br \/>\n<\/td><td class='avia-center-col'>\/<\/td><\/tr><tr class=''><td class='avia-center-col'><strong>Anf\u00e4nger 1<br \/>\n(BEG1)<\/strong><\/td><td class='avia-center-col'>This course is for<\/p>\n<p>a. those who already know the alphabet and basic vocabulary to present themselves.<br \/>\nb. those who have taken <a href=\"https:\/\/omilo.com\/course\/greek-alphabet-course\/\">the Greek Alphabet Course at Omilo<\/a>, at least one month before your intensive course at Omilo.<\/p>\n<p>Introduction to the alphabet and pronunciation of Modern Greek.<\/p>\n<p><strong>Vocabulary<\/strong>: basic daily language. You will learn how to greet somebody, to present yourself (what your name is, which country you come from, where you live, what job you do, which languages you speak, what your family status is), to ask somebody about all the previous information (in a formal \u2013 informal way), to shop (basic vocabulary), to tell the time, to talk about your daily routines and activities. You will also get familiar with numbers.<\/p>\n<p><strong>Grammar<\/strong>: verbs in present tense, articles, possessive pronouns, adjectives, nominative \u2013 accusative, adverbs of frequency.<\/td><td class='avia-center-col'>A1 \u2013 Basic User<\/td><\/tr><tr class=''><td class='avia-center-col'><strong>Anf\u00e4nger 2<br \/>\n(BEG2)<\/strong><\/td><td class='avia-center-col'>Dieser Kurs ist der Fortsetzungskurs zu Anf\u00e4nger 1. Hier werden sowohl Grammatik und Vokabular als auch die F\u00e4higkeiten Sprechen und Schreiben weiter ausgebaut. Um Sie zum Sprechen mit den Einheimischen zu motivieren, greifen unsere Lehrer hier auf sehr viele Sprech\u00fcbungen und interaktive Spiele zur\u00fcck.<\/p>\n<p><strong>Vokabel:<\/strong> Sie werden sicher im Umgang mit griechischem Alltagsvokabular und im Ausdruck zur eigenen Meinung und Standpunkten, z.B. durch Wegbeschreibungen, Bestellungen in einem Restaurant, Eink\u00e4ufe (Obst, Gem\u00fcse, K\u00e4se, Fleisch, Fisch, aber auch Kleidung und Schuhe etc.), Kaufen von Tickets in Reiseagenturen, Hotelbuchungen, Ortsbeschreibungen, griechische Gepflogenheiten.<\/p>\n<p><strong>Grammatik:<\/strong> Plural, Futur, Konjunktiv, Einf\u00fchrung in die Vergangenheitsformen<\/td><td class='avia-center-col'>A1 \u2013 Basic User<\/td><\/tr><tr class=''><td class='avia-center-col'><strong>M\u00e4\u00dfig Fortgeschrittene 1<br \/>\n(INT1)<\/strong><\/td><td class='avia-center-col'>Sie verf\u00fcgen bereits \u00fcber eine solide Basis des Griechischen, aber Sie f\u00fchlen sich noch unsicher im Sprachgebrauch. Auf diesem Sprachniveau legen wir daher besonders viel Wert auf die F\u00e4higkeiten H\u00f6ren und Sprechen. Diese werden durch kommunikative Situationen, H\u00f6r\u00fcbungen und Rollenspiele verst\u00e4rkt ge\u00fcbt, um Ihnen Sicherheit in der Anwendung und im Gebrauch des bereits gelernten Vokabulars zu geben. Der Unterricht findet gr\u00f6\u00dftenteils auf Griechisch statt, sodass Sie schon im Unterricht mit m\u00f6glichst viel gesprochener Sprache konfrontiert werden.<\/p>\n<p><strong>Vokabel:<\/strong> Verbesserung und Ausbau des Wortschatzes, z.B. in den Bereichen Reisen, Feiern (Geburtstage und Namenstage), Wetter, Personenbeschreibungen, Alltagssituationen in der Bank und Post, Ausf\u00fcllen von Formularen, Familie, Beschreibungen von Wohnsituationen, M\u00f6beln und Dekor, Annehmen und Ablehnen von Einladungen, etc. Ganz allgemein liegt der Schwerpunkt auf Strategien zum Erz\u00e4hlen von zuk\u00fcnftigen und vergangenen Ereignissen.<\/p>\n<p><strong>Grammatik:<\/strong> Dieser Kurs wiederholt wichtige Grammatikpunkte des Vorg\u00e4ngerkurses (Anf\u00e4nger 2) und macht Sie mit neuen Grammatikpunkten vertraut, so z.B. mit dem Perfekt und Imperfekt, Diminutiv, Komparativ und Superlativ, Konditionals\u00e4tzen, Genetiv, Imperativ, Personalpronomen und zus\u00e4tzlichen Adjektiv- und Substantivgruppen.<br \/>\n<\/td><td class='avia-center-col'>A2 \u2013 Basic User<\/td><\/tr><tr class=''><td class='avia-center-col'><strong>M\u00e4\u00dfig Fortgeschrittene 2<br \/>\n(INT2)<\/strong><\/td><td class='avia-center-col'>Ziel dieses Kurses ist es, Ihre bereits erlangten Kenntnisse der vorherigen Niveaus zu festigen und auszubauen. Die Lehrer werden Sie vom ersten Tag an dazu ermutigen, zu sprechen und das Vokabular, das Sie passiv schon verstehen, auch aktiv zu nutzen. Diese Kurse finden ausschlie\u00dflich in griechischer Sprache statt.<\/p>\n<p><strong>Vokabel:<\/strong> Lesen von Texten, H\u00f6r\u00fcbungen, Rollenspiele, Lieder, Interviews, etc. bilden den Grundstock dieser Kurse, um Sie zu ermutigen zu sprechen, Ihr Wissen, Ihre eigene Meinung und Ihren Standpunkt zu einem Thema darzulegen und mit den anderen zu teilen. Die Themen betreffen einfachere Sujets wie das Sprechen \u00fcber t\u00e4gliche Routinen und Aktivit\u00e4ten, Sport oder Kochen, aber behandeln auch komplexere Bereiche wie die Beschreibung von Orten und deren Geschichte, Br\u00e4uche, Bildung, Gesundheitssystem, Arbeitslosigkeit, Kultur, Medien, etc.<\/p>\n<p><strong>Grammatik:<\/strong> Komplexere Grammatikpunkte werden eingef\u00fchrt wie z.B. Reflexivpronomen, Verlaufsformen, kompliziertere Substantiv- und Adjektivgruppen, alle Vergangenheits- und Zukunftsformen, direkte und indirekte Rede, Passiv.<br \/>\n<\/td><td class='avia-center-col'>A2 \u2013 Basic User and B1 \u2013 Independent User<\/td><\/tr><tr class=''><td class='avia-center-col'><strong>Weit Fortgeschrittene 1<br \/>\n(ADV1)<\/strong><\/td><td class='avia-center-col'>Wenn Sie sich bereits in herausfordernden Gespr\u00e4chssituationen zurecht finden, dann ist dieser Kurs der richtige f\u00fcr Sie. Dieses Niveau erweitert und vertieft Ihr Wissen \u00fcber die griechische Sprache und Ihre kommunikativen F\u00e4higkeiten. Die Kurse beinhalten ausgesuchte Lekt\u00fcre \u00fcber Politik, Kultur, \u00d6konomie und Alltagswissen aber auch literarische Texte und Lieder etc.<\/p>\n<p><strong>Grammatik:<\/strong> Verfeinerung des Wissens \u00fcber das Passiv und komplexe Aspekte der Grammatik. Ausf\u00fchrliche Diskussionen, Lese- und H\u00f6rverst\u00e4ndnis\u00fcbungen.<br \/>\nWir fokussieren auch auf das Lernen und den Umgang mit allt\u00e4glichen Ausdr\u00fccken, die in Lehrb\u00fcchern oft nicht erw\u00e4hnt werden.<br \/>\nDer Unterricht findet ausschlie\u00dflich auf Griechisch statt.<br \/>\nNach Absolvierung dieses Sprachniveaus k\u00f6nnen Sie ausgew\u00e4hlte literarische Passagen und kurze Zeitungsartikel lesen.<br \/>\n<\/td><td class='avia-center-col'>B2 \u2013 Independent User<\/td><\/tr><tr class=''><td class='avia-center-col'><strong>Weit Fortgeschrittene 2<br \/>\n(ADV2)<\/strong><\/td><td class='avia-center-col'>Sie k\u00f6nnen sich effizient und gewandt in fast allen Situationen auf Griechisch unterhalten. Dieser Kurs konzentriert sich auf das genaue Studium des gesprochenen Neugriechisch und auf das Lesen komplexer Texte wie Literatur, Zeitungs- oder Zeitschriftenartikel. Das H\u00f6ren von Radiosendungen oder Filmvorf\u00fchrungen kann auch Teil dieses Kurses sein. Die Lehrer animieren Sie dazu, ausschlie\u00dflich auf Griechisch zu kommunizieren und machen Sie mit komplizierteren Alltagsausdr\u00fccken vertraut (z.B. ausgefalleneren Sprichw\u00f6rtern), die h\u00e4ufig in Lehrb\u00fcchern nicht behandelt werden.<br \/>\nDer Unterricht findet ausschlie\u00dflich auf Griechisch statt.<br \/>\nNach Abschluss dieses Kurses k\u00f6nnen Sie sehr spezialisierte, hochwertige Diskussionen auf weit gef\u00e4cherten Gebieten f\u00fchren und Artikel oder Romane vollst\u00e4ndig auf Griechisch lesen.<br \/>\n<\/td><td class='avia-center-col'>C1 \u2013 Proficient User<\/td><\/tr><\/tbody><\/table><\/div><style type='text\/css'>.avia-table-1 td:nth-of-type(1):before { content: 'Niveau'; } .avia-table-1 td:nth-of-type(2):before { content: 'Beschreibung'; } .avia-table-1 td:nth-of-type(3):before { content: 'Entspricht dem Europ\u00e4ischen Referenzrahmen f\u00fcr Sprachen (CEFR)'; } <\/style>\n<\/div><\/div><\/div><!-- close content main div --><\/div><\/div><div id='av_section_4'  class='avia-section main_color avia-section-default avia-no-border-styling  avia-bg-style-scroll  avia-builder-el-8  el_after_av_section  avia-builder-el-last   container_wrap sidebar_right' style=' '  ><div class='container' ><div class='template-page content  av-content-small alpha units'><div class='post-entry post-entry-type-page post-entry-6324'><div class='entry-content-wrapper clearfix'><\/div><\/div><\/div><!-- close content main div --><\/div><\/div><div id='after_section_4'  class='main_color av_default_container_wrap container_wrap sidebar_right' style=' '  ><div class='container' ><div class='template-page content  av-content-small alpha units'><div class='post-entry post-entry-type-page post-entry-6324'><div class='entry-content-wrapper clearfix'><\/p>\n","protected":false},"excerpt":{"rendered":"","protected":false},"author":8,"featured_media":0,"parent":6312,"menu_order":0,"comment_status":"closed","ping_status":"closed","template":"","meta":{"footnotes":""},"yoast_head":"<!-- This site is optimized with the Yoast SEO plugin v24.5 - https:\/\/yoast.com\/wordpress\/plugins\/seo\/ -->\n<title>Sprachniveaus | Omilo<\/title>\n<meta name=\"description\" content=\"Die Sprachniveaus bieten Ihnen die M\u00f6glichkeit, sich ein besseres Bild dar\u00fcber zu machen, welche Inhalte in unseren Gruppenkursen angeboten werden.\" \/>\n<meta name=\"robots\" content=\"index, follow, max-snippet:-1, max-image-preview:large, max-video-preview:-1\" \/>\n<link rel=\"canonical\" href=\"https:\/\/omilo.com\/de\/ueberblick-griechischkursen\/sprachniveaus\/\" \/>\n<meta property=\"og:locale\" content=\"de_DE\" \/>\n<meta property=\"og:type\" content=\"article\" \/>\n<meta property=\"og:title\" content=\"Sprachniveaus | Omilo\" \/>\n<meta property=\"og:description\" content=\"Die Sprachniveaus bieten Ihnen die M\u00f6glichkeit, sich ein besseres Bild dar\u00fcber zu machen, welche Inhalte in unseren Gruppenkursen angeboten werden.\" \/>\n<meta property=\"og:url\" content=\"https:\/\/omilo.com\/de\/ueberblick-griechischkursen\/sprachniveaus\/\" \/>\n<meta property=\"og:site_name\" content=\"Omilo\" \/>\n<meta property=\"article:publisher\" content=\"https:\/\/www.facebook.com\/omilohellas\/\" \/>\n<meta property=\"article:modified_time\" content=\"2017-11-16T09:22:44+00:00\" \/>\n<meta property=\"og:image\" content=\"https:\/\/omilo.com\/wp-content\/uploads\/2017\/12\/fb-image.jpg\" \/>\n\t<meta property=\"og:image:width\" content=\"960\" \/>\n\t<meta property=\"og:image:height\" content=\"960\" \/>\n\t<meta property=\"og:image:type\" content=\"image\/jpeg\" \/>\n<meta name=\"twitter:card\" content=\"summary_large_image\" \/>\n<meta name=\"twitter:site\" content=\"@OmiloHellas\" \/>\n<meta name=\"twitter:label1\" content=\"Gesch\u00e4tzte Lesezeit\" \/>\n\t<meta name=\"twitter:data1\" content=\"9\u00a0Minuten\" \/>\n<script type=\"application\/ld+json\" class=\"yoast-schema-graph\">{\"@context\":\"https:\/\/schema.org\",\"@graph\":[{\"@type\":\"WebPage\",\"@id\":\"https:\/\/omilo.com\/de\/ueberblick-griechischkursen\/sprachniveaus\/\",\"url\":\"https:\/\/omilo.com\/de\/ueberblick-griechischkursen\/sprachniveaus\/\",\"name\":\"Sprachniveaus | Omilo\",\"isPartOf\":{\"@id\":\"https:\/\/omilo.com\/de\/#website\"},\"datePublished\":\"2016-07-06T15:19:53+00:00\",\"dateModified\":\"2017-11-16T09:22:44+00:00\",\"description\":\"Die Sprachniveaus bieten Ihnen die M\u00f6glichkeit, sich ein besseres Bild dar\u00fcber zu machen, welche Inhalte in unseren Gruppenkursen angeboten werden.\",\"breadcrumb\":{\"@id\":\"https:\/\/omilo.com\/de\/ueberblick-griechischkursen\/sprachniveaus\/#breadcrumb\"},\"inLanguage\":\"de\",\"potentialAction\":[{\"@type\":\"ReadAction\",\"target\":[\"https:\/\/omilo.com\/de\/ueberblick-griechischkursen\/sprachniveaus\/\"]}]},{\"@type\":\"BreadcrumbList\",\"@id\":\"https:\/\/omilo.com\/de\/ueberblick-griechischkursen\/sprachniveaus\/#breadcrumb\",\"itemListElement\":[{\"@type\":\"ListItem\",\"position\":1,\"name\":\"Home\",\"item\":\"https:\/\/omilo.com\/de\/\"},{\"@type\":\"ListItem\",\"position\":2,\"name\":\"\u00dcberblick zu unseren Griechischkursen\",\"item\":\"https:\/\/omilo.com\/de\/ueberblick-griechischkursen\/\"},{\"@type\":\"ListItem\",\"position\":3,\"name\":\"Sprachniveaus\"}]},{\"@type\":\"WebSite\",\"@id\":\"https:\/\/omilo.com\/de\/#website\",\"url\":\"https:\/\/omilo.com\/de\/\",\"name\":\"Omilo\",\"description\":\"Learning Greek in Greece\",\"publisher\":{\"@id\":\"https:\/\/omilo.com\/de\/#organization\"},\"potentialAction\":[{\"@type\":\"SearchAction\",\"target\":{\"@type\":\"EntryPoint\",\"urlTemplate\":\"https:\/\/omilo.com\/de\/?s={search_term_string}\"},\"query-input\":{\"@type\":\"PropertyValueSpecification\",\"valueRequired\":true,\"valueName\":\"search_term_string\"}}],\"inLanguage\":\"de\"},{\"@type\":\"Organization\",\"@id\":\"https:\/\/omilo.com\/de\/#organization\",\"name\":\"Omilo | Greek Language & Culture\",\"url\":\"https:\/\/omilo.com\/de\/\",\"logo\":{\"@type\":\"ImageObject\",\"inLanguage\":\"de\",\"@id\":\"https:\/\/omilo.com\/de\/#\/schema\/logo\/image\/\",\"url\":\"https:\/\/omilo.com\/wp-content\/uploads\/2017\/12\/logo-landing.png\",\"contentUrl\":\"https:\/\/omilo.com\/wp-content\/uploads\/2017\/12\/logo-landing.png\",\"width\":280,\"height\":99,\"caption\":\"Omilo | Greek Language & Culture\"},\"image\":{\"@id\":\"https:\/\/omilo.com\/de\/#\/schema\/logo\/image\/\"},\"sameAs\":[\"https:\/\/www.facebook.com\/omilohellas\/\",\"https:\/\/x.com\/OmiloHellas\",\"https:\/\/www.linkedin.com\/company\/omilo-greek-language-and-culture\",\"https:\/\/www.youtube.com\/user\/omiloteam\"]}]}<\/script>\n<!-- \/ Yoast SEO plugin. -->","yoast_head_json":{"title":"Sprachniveaus | Omilo","description":"Die Sprachniveaus bieten Ihnen die M\u00f6glichkeit, sich ein besseres Bild dar\u00fcber zu machen, welche Inhalte in unseren Gruppenkursen angeboten werden.","robots":{"index":"index","follow":"follow","max-snippet":"max-snippet:-1","max-image-preview":"max-image-preview:large","max-video-preview":"max-video-preview:-1"},"canonical":"https:\/\/omilo.com\/de\/ueberblick-griechischkursen\/sprachniveaus\/","og_locale":"de_DE","og_type":"article","og_title":"Sprachniveaus | Omilo","og_description":"Die Sprachniveaus bieten Ihnen die M\u00f6glichkeit, sich ein besseres Bild dar\u00fcber zu machen, welche Inhalte in unseren Gruppenkursen angeboten werden.","og_url":"https:\/\/omilo.com\/de\/ueberblick-griechischkursen\/sprachniveaus\/","og_site_name":"Omilo","article_publisher":"https:\/\/www.facebook.com\/omilohellas\/","article_modified_time":"2017-11-16T09:22:44+00:00","og_image":[{"width":960,"height":960,"url":"https:\/\/omilo.com\/wp-content\/uploads\/2017\/12\/fb-image.jpg","type":"image\/jpeg"}],"twitter_card":"summary_large_image","twitter_site":"@OmiloHellas","twitter_misc":{"Gesch\u00e4tzte Lesezeit":"9\u00a0Minuten"},"schema":{"@context":"https:\/\/schema.org","@graph":[{"@type":"WebPage","@id":"https:\/\/omilo.com\/de\/ueberblick-griechischkursen\/sprachniveaus\/","url":"https:\/\/omilo.com\/de\/ueberblick-griechischkursen\/sprachniveaus\/","name":"Sprachniveaus | Omilo","isPartOf":{"@id":"https:\/\/omilo.com\/de\/#website"},"datePublished":"2016-07-06T15:19:53+00:00","dateModified":"2017-11-16T09:22:44+00:00","description":"Die Sprachniveaus bieten Ihnen die M\u00f6glichkeit, sich ein besseres Bild dar\u00fcber zu machen, welche Inhalte in unseren Gruppenkursen angeboten werden.","breadcrumb":{"@id":"https:\/\/omilo.com\/de\/ueberblick-griechischkursen\/sprachniveaus\/#breadcrumb"},"inLanguage":"de","potentialAction":[{"@type":"ReadAction","target":["https:\/\/omilo.com\/de\/ueberblick-griechischkursen\/sprachniveaus\/"]}]},{"@type":"BreadcrumbList","@id":"https:\/\/omilo.com\/de\/ueberblick-griechischkursen\/sprachniveaus\/#breadcrumb","itemListElement":[{"@type":"ListItem","position":1,"name":"Home","item":"https:\/\/omilo.com\/de\/"},{"@type":"ListItem","position":2,"name":"\u00dcberblick zu unseren Griechischkursen","item":"https:\/\/omilo.com\/de\/ueberblick-griechischkursen\/"},{"@type":"ListItem","position":3,"name":"Sprachniveaus"}]},{"@type":"WebSite","@id":"https:\/\/omilo.com\/de\/#website","url":"https:\/\/omilo.com\/de\/","name":"Omilo","description":"Learning Greek in Greece","publisher":{"@id":"https:\/\/omilo.com\/de\/#organization"},"potentialAction":[{"@type":"SearchAction","target":{"@type":"EntryPoint","urlTemplate":"https:\/\/omilo.com\/de\/?s={search_term_string}"},"query-input":{"@type":"PropertyValueSpecification","valueRequired":true,"valueName":"search_term_string"}}],"inLanguage":"de"},{"@type":"Organization","@id":"https:\/\/omilo.com\/de\/#organization","name":"Omilo | Greek Language & Culture","url":"https:\/\/omilo.com\/de\/","logo":{"@type":"ImageObject","inLanguage":"de","@id":"https:\/\/omilo.com\/de\/#\/schema\/logo\/image\/","url":"https:\/\/omilo.com\/wp-content\/uploads\/2017\/12\/logo-landing.png","contentUrl":"https:\/\/omilo.com\/wp-content\/uploads\/2017\/12\/logo-landing.png","width":280,"height":99,"caption":"Omilo | Greek Language & Culture"},"image":{"@id":"https:\/\/omilo.com\/de\/#\/schema\/logo\/image\/"},"sameAs":["https:\/\/www.facebook.com\/omilohellas\/","https:\/\/x.com\/OmiloHellas","https:\/\/www.linkedin.com\/company\/omilo-greek-language-and-culture","https:\/\/www.youtube.com\/user\/omiloteam"]}]}},"_links":{"self":[{"href":"https:\/\/omilo.com\/de\/wp-json\/wp\/v2\/pages\/6324"}],"collection":[{"href":"https:\/\/omilo.com\/de\/wp-json\/wp\/v2\/pages"}],"about":[{"href":"https:\/\/omilo.com\/de\/wp-json\/wp\/v2\/types\/page"}],"author":[{"embeddable":true,"href":"https:\/\/omilo.com\/de\/wp-json\/wp\/v2\/users\/8"}],"replies":[{"embeddable":true,"href":"https:\/\/omilo.com\/de\/wp-json\/wp\/v2\/comments?post=6324"}],"version-history":[{"count":0,"href":"https:\/\/omilo.com\/de\/wp-json\/wp\/v2\/pages\/6324\/revisions"}],"up":[{"embeddable":true,"href":"https:\/\/omilo.com\/de\/wp-json\/wp\/v2\/pages\/6312"}],"wp:attachment":[{"href":"https:\/\/omilo.com\/de\/wp-json\/wp\/v2\/media?parent=6324"}],"curies":[{"name":"wp","href":"https:\/\/api.w.org\/{rel}","templated":true}]}}