{"id":6174,"date":"2016-11-21T13:16:42","date_gmt":"2016-11-21T11:16:42","guid":{"rendered":"http:\/\/www.thesandbox.eu\/de\/contact\/school-location\/"},"modified":"2016-12-09T10:46:34","modified_gmt":"2016-12-09T08:46:34","slug":"wegbeschreibung","status":"publish","type":"page","link":"https:\/\/omilo.com\/de\/kontakt\/wegbeschreibung\/","title":{"rendered":"Wegbeschreibung"},"content":{"rendered":"<div id='av_section_1'  class='avia-section main_color avia-section-default avia-no-border-styling  avia-full-stretch avia-bg-style-scroll  avia-builder-el-0  el_before_av_section  avia-builder-el-first   av-minimum-height av-minimum-height-custom  container_wrap sidebar_right' style='background-repeat: no-repeat; background-image: url(https:\/\/omilo.com\/wp-content\/uploads\/2016\/12\/omilo-directions-header-002-1500x401.jpg);background-attachment: scroll; background-position: center center;  '  data-section-bg-repeat='stretch'><div class='container' style='height:350px'><main  role=\"main\" itemprop=\"mainContentOfPage\"  class='template-page content  av-content-small alpha units'><div class='post-entry post-entry-type-page post-entry-6174'><div class='entry-content-wrapper clearfix'>\n<\/div><\/div><\/main><!-- close content main element --><\/div><\/div><div id='av_section_2'  class='avia-section main_color avia-section-default avia-no-border-styling  avia-bg-style-scroll  avia-builder-el-1  el_after_av_section  el_before_av_section   container_wrap sidebar_right' style='background-color: #eeeeee;  '  ><div class='container' ><div class='template-page content  av-content-small alpha units'><div class='post-entry post-entry-type-page post-entry-6174'><div class='entry-content-wrapper clearfix'>\n<div class=\"flex_column av_one_half  flex_column_div av-zero-column-padding first  avia-builder-el-2  el_before_av_one_half  avia-builder-el-first  \" style='border-radius:0px; '><section class=\"av_textblock_section \"  itemscope=\"itemscope\" itemtype=\"https:\/\/schema.org\/CreativeWork\" ><div class='avia_textblock  '   itemprop=\"text\" ><h1>Wegbeschreibung<\/h1>\n<\/div><\/section><\/div><div class=\"flex_column av_one_half  flex_column_div av-zero-column-padding   avia-builder-el-4  el_after_av_one_half  avia-builder-el-last  \" style='border-radius:0px; '><section class=\"av_textblock_section \"  itemscope=\"itemscope\" itemtype=\"https:\/\/schema.org\/CreativeWork\" ><div class='avia_textblock  '   itemprop=\"text\" ><p><strong>Eine helfende Hand, um Ihren Weg zu unserer Schule in Maroussi, Athen (Griechenland) zu finden.<\/strong><\/p>\n<\/div><\/section><\/div>\n\n<\/div><\/div><\/div><!-- close content main div --><\/div><\/div><div id='av_section_3'  class='avia-section main_color avia-section-default avia-no-border-styling  avia-full-stretch avia-bg-style-scroll  avia-builder-el-6  el_after_av_section  el_before_av_section   av-minimum-height av-minimum-height-custom  container_wrap sidebar_right' style='background-repeat: no-repeat; background-image: url(https:\/\/omilo.com\/wp-content\/uploads\/2016\/12\/omilo-directions-header-003-1500x393.jpg);background-attachment: scroll; background-position: center center;  '  data-section-bg-repeat='stretch'><div class='container' style='height:350px'><div class='template-page content  av-content-small alpha units'><div class='post-entry post-entry-type-page post-entry-6174'><div class='entry-content-wrapper clearfix'>\n<\/div><\/div><\/div><!-- close content main div --><\/div><\/div><div id='av_section_4'  class='avia-section main_color avia-section-default avia-no-border-styling  avia-bg-style-scroll  avia-builder-el-7  el_after_av_section  el_before_av_section   container_wrap sidebar_right' style=' '  ><div class='container' ><div class='template-page content  av-content-small alpha units'><div class='post-entry post-entry-type-page post-entry-6174'><div class='entry-content-wrapper clearfix'>\n<div class=\"flex_column av_three_fifth  flex_column_div av-zero-column-padding first  avia-builder-el-8  el_before_av_four_fifth  avia-builder-el-first  \" style='border-radius:0px; '><section class=\"av_textblock_section \"  itemscope=\"itemscope\" itemtype=\"https:\/\/schema.org\/CreativeWork\" ><div class='avia_textblock  '   itemprop=\"text\" ><h2>Schuladresse<\/h2>\n<\/div><\/section><br \/>\n<div  style='height:25px' class='hr hr-invisible   avia-builder-el-10  el_after_av_textblock  avia-builder-el-last '><span class='hr-inner ' ><span class='hr-inner-style'><\/span><\/span><\/div><\/p><\/div><div class=\"flex_column av_four_fifth  flex_column_div av-zero-column-padding first  avia-builder-el-11  el_after_av_three_fifth  el_before_av_three_fifth  \" style='border-radius:0px; '><section class=\"av_textblock_section \"  itemscope=\"itemscope\" itemtype=\"https:\/\/schema.org\/CreativeWork\" ><div class='avia_textblock  '   itemprop=\"text\" ><p>Panagi Tsaldari 13, 15122 Maroussi (Athens, Attiki, Greece)<\/p>\n<h3><\/h3>\n<\/div><\/section><\/div><div class=\"flex_column av_three_fifth  flex_column_div av-zero-column-padding first  avia-builder-el-13  el_after_av_four_fifth  el_before_av_four_fifth  \" style='border-radius:0px; '><section class=\"av_textblock_section \"  itemscope=\"itemscope\" itemtype=\"https:\/\/schema.org\/CreativeWork\" ><div class='avia_textblock  '   itemprop=\"text\" ><h2>Mit der Metro (&#8222;Elektriko&#8220;)<\/h2>\n<\/div><\/section><br \/>\n<div  style='height:25px' class='hr hr-invisible   avia-builder-el-15  el_after_av_textblock  avia-builder-el-last '><span class='hr-inner ' ><span class='hr-inner-style'><\/span><\/span><\/div><\/p><\/div><div class=\"flex_column av_four_fifth  flex_column_div av-zero-column-padding first  avia-builder-el-16  el_after_av_three_fifth  avia-builder-el-last  \" style='border-radius:0px; '><section class=\"av_textblock_section \"  itemscope=\"itemscope\" itemtype=\"https:\/\/schema.org\/CreativeWork\" ><div class='avia_textblock  '   itemprop=\"text\" ><p>Unser B\u00fcro ist am Einfachsten mit der Metro zu erreichen, da es nur 300 m von der Maroussi Metro-Station entfernt liegt. Die Maroussi-Station liegt an der Gr\u00fcnen Linie oder Linie 1 (Isap) von Pir\u00e4us nach Kifissia. Informationen: www.isap.gr (gruene Linie 1) und fuer die Linie2 und Linie 3 : www.ametro.gr<\/p>\n<p>Vom Zentrum Athens aus besteigen Sie die gr\u00fcne Metro-Linie in Richtung Kifissia. Steigen Sie bei der Maroussi-Station aus und nehmen Sie die Perikleous-Strasse gleich beim Platz an der Station (Richtung \u201ePefki Municipality). Dann biegen Sie in die erste Strasse links, die Panagi Tsaldari Strasse, ein. Einen Block weiter befindet sich Omilo\u00a0im Apartmenthaus in der N\u00e4he der Ecke Themistokleous Strasse. An der Ecke sehen Sie einen Blumenladen, unser Eingang ist jedoch in der Panagi Tsaldari Strasse Nr. 13. Auf dem Klingelschild steht \u201eOmilo \u2013 Andreadis\u201c. Omilo\u00a0liegt im 4. Stock.<\/p>\n<h3><\/h3>\n<\/div><\/section><\/div>\n\n<\/div><\/div><\/div><!-- close content main div --><\/div><\/div><div id='av_section_5'  class='avia-section main_color avia-section-default avia-no-border-styling  avia-bg-style-scroll  avia-builder-el-18  el_after_av_section  el_before_av_section   container_wrap sidebar_right' style=' '  ><div class='container' ><div class='template-page content  av-content-small alpha units'><div class='post-entry post-entry-type-page post-entry-6174'><div class='entry-content-wrapper clearfix'>\n<div class=\"flex_column av_three_fifth  flex_column_div av-zero-column-padding first  avia-builder-el-19  el_before_av_four_fifth  avia-builder-el-first  \" style='border-radius:0px; '><section class=\"av_textblock_section \"  itemscope=\"itemscope\" itemtype=\"https:\/\/schema.org\/CreativeWork\" ><div class='avia_textblock  '   itemprop=\"text\" ><h2>Mit\u00a0dem Auto aus\u00a0den\u00a0n\u00f6rdlichen Vororten (Kifissia, Drossia, Ekali, Dionissos\u2026)<\/h2>\n<\/div><\/section><br \/>\n<div  style='height:25px' class='hr hr-invisible   avia-builder-el-21  el_after_av_textblock  avia-builder-el-last '><span class='hr-inner ' ><span class='hr-inner-style'><\/span><\/span><\/div><\/p><\/div><div class=\"flex_column av_four_fifth  flex_column_div av-zero-column-padding first  avia-builder-el-22  el_after_av_three_fifth  avia-builder-el-last  \" style='border-radius:0px; '><section class=\"av_textblock_section \"  itemscope=\"itemscope\" itemtype=\"https:\/\/schema.org\/CreativeWork\" ><div class='avia_textblock  '   itemprop=\"text\" ><p>Sie erreichen die Kifissia Avenue in Richtung Athen Zentrum. Bei der Einfahrt nach Maroussi sehen Sie zur rechten Seite das Schild f\u00fcr das KAT-Krankenhaus und zur linken Syggrou Park. Bleiben Sie auf der rechten Fahrbahn. Sie sehen rechts dass grosse Microsoft\u00a0Gebaude und dann Verkehrsampeln . Hier biegen Sie rechts ab in die Aristotelous-Strasse. Folgen Sie dieser Strasse bis zur Eisenbahnlinie, biegen Sie links ab und folgen Sie ihr, bis direkt ins Zentrum von Maroussi, entlang der Metro-Station. Biegen Sie jetzt rechts unter der Eisenbahn ab \u2013 Richtung Pefki \u2013 in die Perikleous Strasse. Die erste Strasse links ist die Panagi Tsaldari Strasse. Zum Parken fahren Sie am B\u00fcro (Panagi Tsaldari 13) vorbei, weiter die Strasse hinunter. Dort finden Sie einfacher einen Parkplatz.<\/p>\n<\/div><\/section><\/div>\n\n<\/div><\/div><\/div><!-- close content main div --><\/div><\/div><div id='av_section_6'  class='avia-section main_color avia-section-default avia-no-border-styling  avia-bg-style-scroll  avia-builder-el-24  el_after_av_section  el_before_av_section   container_wrap sidebar_right' style=' '  ><div class='container' ><div class='template-page content  av-content-small alpha units'><div class='post-entry post-entry-type-page post-entry-6174'><div class='entry-content-wrapper clearfix'>\n<div class=\"flex_column av_three_fifth  flex_column_div av-zero-column-padding first  avia-builder-el-25  el_before_av_four_fifth  avia-builder-el-first  \" style='border-radius:0px; '><section class=\"av_textblock_section \"  itemscope=\"itemscope\" itemtype=\"https:\/\/schema.org\/CreativeWork\" ><div class='avia_textblock  '   itemprop=\"text\" ><h2>\u00a0Mit dem Auto von Attiki Odos<\/h2>\n<\/div><\/section><br \/>\n<div  style='height:25px' class='hr hr-invisible   avia-builder-el-27  el_after_av_textblock  avia-builder-el-last '><span class='hr-inner ' ><span class='hr-inner-style'><\/span><\/span><\/div><\/p><\/div><div class=\"flex_column av_four_fifth  flex_column_div av-zero-column-padding first  avia-builder-el-28  el_after_av_three_fifth  avia-builder-el-last  \" style='border-radius:0px; '><section class=\"av_textblock_section \"  itemscope=\"itemscope\" itemtype=\"https:\/\/schema.org\/CreativeWork\" ><div class='avia_textblock  '   itemprop=\"text\" ><p>Wenn Sie von der Attiki Odos kommen, fahren Sie in Richtung Elefsina\u00a0und nehmen Sie die Ausfahrt 11 (Kifissias Stra\u00dfe, Olympisches Stadium). Biegen Sie nach der Ausfahrt rechts in die Kifissias Stra\u00dfe. Links sehen Sie nun das OTE-B\u00fcrogeb\u00e4ude. Halten Sie sich links \u2013 rechts sehen Sie ein Geb\u00e4ude mit Werbung f\u00fcr \u201cWind\u201d und ein Everest-Restaurant \u2013 hier biegen Sie links ab. Sie befinden sich nun in der Ag.Konstantinos Stra\u00dfe. Von hier aus fahren Sie wie unten beschrieben weiter.<\/p>\n<\/div><\/section><\/div>\n\n<\/div><\/div><\/div><!-- close content main div --><\/div><\/div><div id='av_section_7'  class='avia-section main_color avia-section-default avia-no-border-styling  avia-bg-style-scroll  avia-builder-el-30  el_after_av_section  el_before_av_masonry_gallery   container_wrap sidebar_right' style=' '  ><div class='container' ><div class='template-page content  av-content-small alpha units'><div class='post-entry post-entry-type-page post-entry-6174'><div class='entry-content-wrapper clearfix'>\n<div class=\"flex_column av_three_fifth  flex_column_div av-zero-column-padding first  avia-builder-el-31  el_before_av_four_fifth  avia-builder-el-first  \" style='border-radius:0px; '><section class=\"av_textblock_section \"  itemscope=\"itemscope\" itemtype=\"https:\/\/schema.org\/CreativeWork\" ><div class='avia_textblock  '   itemprop=\"text\" ><h2>Mit dem Auto vom zentrum Athens<\/h2>\n<\/div><\/section><br \/>\n<div  style='height:25px' class='hr hr-invisible   avia-builder-el-33  el_after_av_textblock  avia-builder-el-last '><span class='hr-inner ' ><span class='hr-inner-style'><\/span><\/span><\/div><\/p><\/div><div class=\"flex_column av_four_fifth  flex_column_div av-zero-column-padding first  avia-builder-el-34  el_after_av_three_fifth  avia-builder-el-last  \" style='border-radius:0px; '><section class=\"av_textblock_section \"  itemscope=\"itemscope\" itemtype=\"https:\/\/schema.org\/CreativeWork\" ><div class='avia_textblock  '   itemprop=\"text\" ><p>Nachfolgend erkl\u00e4ren wir eine gute Strecke, auf der Sie das Maroussi-Zentrum mit seinen Verkehrsstaus vermeiden k\u00f6nnen!<br \/>\nAus dem Zentrum Athens kommend, fahren Sie auf die Kifissia Avenue (Richtung Kifissia) und fahren Sie weiter bis zur Maroussi-Kreuzung (Kombos Kifissias) der \u201eAttiki Odos\u201c. Sie k\u00f6nnen unter dieser \u201eKreuzung\u201c (Tunnel) durch fahren oder \u00fcber die \u201eAttiki Odos\u201c! Direkt nach dieser Kreuzung (Tunnel) in Richtung Kifissia, sehen Sie das sehr grosse OTE-B\u00fcrogeb\u00e4ude zu Ihrer Linken. Bleiben Sie auf der linken Fahrbahn und biegen Sie bei der 2. Ampel links ab \u2013 dort sehen Sie rechts ein Geb\u00e4ude mit Everest\u00a0cafe . Sie biegen hier links. Jetzt sind Sie in der Ag. Konstantinos Strasse. Folgen Sie dieser Strasse ca. 1km (und ca. 3 Ampeln) bis zu einem kleinen Tunnel (unter der Metro-Linie durch). Fahren Sie durch den Tunnel, und sofort nach dem Tunnel (also nicht zu schnell fahren!) sehen Sie wieder eine Ampel. Bei dieser Ampel bitte rechts abbiegen (Aftokratoros Irakleiou Strasse) und an der ersten Ecke wieder rechts (obligatorisch!). Biegen Sie dann bei der ersten Kreuzung links in die Stratigou Lekka Strasse ab. Fahren Sie ca. 800 m bis zum Ende dieser Strasse weiter. Fahren Sie langsam und beachten Sie die Stop-Schilder, Sie passieren ungef\u00e4hr 7 Seitenstrassen. Hier k\u00f6nnen Sie bereits parken. Andernfalls biegen Sie in die Themistokleous Strasse ein bis zur 4. Strasse rechts (Panagi Tsaldari). Unser B\u00fcro ist direkt an der Ecke! Zum Parken fahren Sie am B\u00fcro (Panagi Tsaldari 13) vorbei, weiter die Strasse hinunter. Dort finden Sie einfacher einen Parkplatz. Auf dem Klingelschild steht \u201eOmilo\u00a0\u2013 Andreadis\u201c. Omilo\u00a0liegt im 4. Stock.<br \/>\nDiese Route ist ziemlich einfach zu merken, wenn Sie sie einmal gefahren sind. Sie vermeiden so viele Verkehrsstaus (speziell zu Einkaufszeiten) und ein Parkplatz findet sich auf diesem Weg leichter.<\/p>\n<\/div><\/section><\/div>\n\n\n<div  class='av_gmaps_sc_main_wrap av_gmaps_main_wrap '><div id='av_gmap_0' class='avia-google-map-container avia-google-map-sc av_gmaps_show_unconditionally av-no-fallback-img ' data-mapid='av_gmap_0'  style='height: 400px;'><a class=\"av_gmaps_browser_disabled av_text_confirm_link av_text_confirm_link_visible\" href=\"https:\/\/www.google.com\/maps\/search\/?api=1&#038;query=Panagi%20Tsaldari%2013,%20Maro\u00fassi,%20151%2022%20%20Maroussi%20%20Greece\" target=\"_blank\" rel=\"noopener\">Aufgrund deiner Datenschutz-Einstellungen k\u00f6nnen wir Ihnen die Karte nicht anzeigen. Klicken Sie hier, um die Karte in einem neuen Fenster zu \u00f6ffnen.<\/a><\/div><\/div>\n","protected":false},"excerpt":{"rendered":"","protected":false},"author":8,"featured_media":0,"parent":6169,"menu_order":0,"comment_status":"closed","ping_status":"closed","template":"","meta":{"footnotes":""},"yoast_head":"<!-- This site is optimized with the Yoast SEO plugin v24.5 - https:\/\/yoast.com\/wordpress\/plugins\/seo\/ -->\n<title>Wegbeschreibung | Omilo<\/title>\n<meta name=\"description\" content=\"Diese Wegbeschreibung hilft Ihnen, Ihren Weg zu unserer Schule in Maroussi, Athen (Griechenland) zu finden.\" \/>\n<meta name=\"robots\" content=\"index, follow, max-snippet:-1, max-image-preview:large, max-video-preview:-1\" \/>\n<link rel=\"canonical\" href=\"https:\/\/omilo.com\/de\/kontakt\/wegbeschreibung\/\" \/>\n<meta property=\"og:locale\" content=\"de_DE\" \/>\n<meta property=\"og:type\" content=\"article\" \/>\n<meta property=\"og:title\" content=\"Wegbeschreibung | Omilo\" \/>\n<meta property=\"og:description\" content=\"Diese Wegbeschreibung hilft Ihnen, Ihren Weg zu unserer Schule in Maroussi, Athen (Griechenland) zu finden.\" \/>\n<meta property=\"og:url\" content=\"https:\/\/omilo.com\/de\/kontakt\/wegbeschreibung\/\" \/>\n<meta property=\"og:site_name\" content=\"Omilo\" \/>\n<meta property=\"article:publisher\" content=\"https:\/\/www.facebook.com\/omilohellas\/\" \/>\n<meta property=\"article:modified_time\" content=\"2016-12-09T08:46:34+00:00\" \/>\n<meta property=\"og:image\" content=\"https:\/\/omilo.com\/wp-content\/uploads\/2017\/12\/fb-image.jpg\" \/>\n\t<meta property=\"og:image:width\" content=\"960\" \/>\n\t<meta property=\"og:image:height\" content=\"960\" \/>\n\t<meta property=\"og:image:type\" content=\"image\/jpeg\" \/>\n<meta name=\"twitter:card\" content=\"summary_large_image\" \/>\n<meta name=\"twitter:site\" content=\"@OmiloHellas\" \/>\n<meta name=\"twitter:label1\" content=\"Gesch\u00e4tzte Lesezeit\" \/>\n\t<meta name=\"twitter:data1\" content=\"12\u00a0Minuten\" \/>\n<script type=\"application\/ld+json\" class=\"yoast-schema-graph\">{\"@context\":\"https:\/\/schema.org\",\"@graph\":[{\"@type\":\"WebPage\",\"@id\":\"https:\/\/omilo.com\/de\/kontakt\/wegbeschreibung\/\",\"url\":\"https:\/\/omilo.com\/de\/kontakt\/wegbeschreibung\/\",\"name\":\"Wegbeschreibung | Omilo\",\"isPartOf\":{\"@id\":\"https:\/\/omilo.com\/de\/#website\"},\"datePublished\":\"2016-11-21T11:16:42+00:00\",\"dateModified\":\"2016-12-09T08:46:34+00:00\",\"description\":\"Diese Wegbeschreibung hilft Ihnen, Ihren Weg zu unserer Schule in Maroussi, Athen (Griechenland) zu finden.\",\"breadcrumb\":{\"@id\":\"https:\/\/omilo.com\/de\/kontakt\/wegbeschreibung\/#breadcrumb\"},\"inLanguage\":\"de\",\"potentialAction\":[{\"@type\":\"ReadAction\",\"target\":[\"https:\/\/omilo.com\/de\/kontakt\/wegbeschreibung\/\"]}]},{\"@type\":\"BreadcrumbList\",\"@id\":\"https:\/\/omilo.com\/de\/kontakt\/wegbeschreibung\/#breadcrumb\",\"itemListElement\":[{\"@type\":\"ListItem\",\"position\":1,\"name\":\"Home\",\"item\":\"https:\/\/omilo.com\/de\/\"},{\"@type\":\"ListItem\",\"position\":2,\"name\":\"Kontakt\",\"item\":\"https:\/\/omilo.com\/de\/kontakt\/\"},{\"@type\":\"ListItem\",\"position\":3,\"name\":\"Wegbeschreibung\"}]},{\"@type\":\"WebSite\",\"@id\":\"https:\/\/omilo.com\/de\/#website\",\"url\":\"https:\/\/omilo.com\/de\/\",\"name\":\"Omilo\",\"description\":\"Learning Greek in Greece\",\"publisher\":{\"@id\":\"https:\/\/omilo.com\/de\/#organization\"},\"potentialAction\":[{\"@type\":\"SearchAction\",\"target\":{\"@type\":\"EntryPoint\",\"urlTemplate\":\"https:\/\/omilo.com\/de\/?s={search_term_string}\"},\"query-input\":{\"@type\":\"PropertyValueSpecification\",\"valueRequired\":true,\"valueName\":\"search_term_string\"}}],\"inLanguage\":\"de\"},{\"@type\":\"Organization\",\"@id\":\"https:\/\/omilo.com\/de\/#organization\",\"name\":\"Omilo | Greek Language & Culture\",\"url\":\"https:\/\/omilo.com\/de\/\",\"logo\":{\"@type\":\"ImageObject\",\"inLanguage\":\"de\",\"@id\":\"https:\/\/omilo.com\/de\/#\/schema\/logo\/image\/\",\"url\":\"https:\/\/omilo.com\/wp-content\/uploads\/2017\/12\/logo-landing.png\",\"contentUrl\":\"https:\/\/omilo.com\/wp-content\/uploads\/2017\/12\/logo-landing.png\",\"width\":280,\"height\":99,\"caption\":\"Omilo | Greek Language & Culture\"},\"image\":{\"@id\":\"https:\/\/omilo.com\/de\/#\/schema\/logo\/image\/\"},\"sameAs\":[\"https:\/\/www.facebook.com\/omilohellas\/\",\"https:\/\/x.com\/OmiloHellas\",\"https:\/\/www.linkedin.com\/company\/omilo-greek-language-and-culture\",\"https:\/\/www.youtube.com\/user\/omiloteam\"]}]}<\/script>\n<!-- \/ Yoast SEO plugin. -->","yoast_head_json":{"title":"Wegbeschreibung | Omilo","description":"Diese Wegbeschreibung hilft Ihnen, Ihren Weg zu unserer Schule in Maroussi, Athen (Griechenland) zu finden.","robots":{"index":"index","follow":"follow","max-snippet":"max-snippet:-1","max-image-preview":"max-image-preview:large","max-video-preview":"max-video-preview:-1"},"canonical":"https:\/\/omilo.com\/de\/kontakt\/wegbeschreibung\/","og_locale":"de_DE","og_type":"article","og_title":"Wegbeschreibung | Omilo","og_description":"Diese Wegbeschreibung hilft Ihnen, Ihren Weg zu unserer Schule in Maroussi, Athen (Griechenland) zu finden.","og_url":"https:\/\/omilo.com\/de\/kontakt\/wegbeschreibung\/","og_site_name":"Omilo","article_publisher":"https:\/\/www.facebook.com\/omilohellas\/","article_modified_time":"2016-12-09T08:46:34+00:00","og_image":[{"width":960,"height":960,"url":"https:\/\/omilo.com\/wp-content\/uploads\/2017\/12\/fb-image.jpg","type":"image\/jpeg"}],"twitter_card":"summary_large_image","twitter_site":"@OmiloHellas","twitter_misc":{"Gesch\u00e4tzte Lesezeit":"12\u00a0Minuten"},"schema":{"@context":"https:\/\/schema.org","@graph":[{"@type":"WebPage","@id":"https:\/\/omilo.com\/de\/kontakt\/wegbeschreibung\/","url":"https:\/\/omilo.com\/de\/kontakt\/wegbeschreibung\/","name":"Wegbeschreibung | Omilo","isPartOf":{"@id":"https:\/\/omilo.com\/de\/#website"},"datePublished":"2016-11-21T11:16:42+00:00","dateModified":"2016-12-09T08:46:34+00:00","description":"Diese Wegbeschreibung hilft Ihnen, Ihren Weg zu unserer Schule in Maroussi, Athen (Griechenland) zu finden.","breadcrumb":{"@id":"https:\/\/omilo.com\/de\/kontakt\/wegbeschreibung\/#breadcrumb"},"inLanguage":"de","potentialAction":[{"@type":"ReadAction","target":["https:\/\/omilo.com\/de\/kontakt\/wegbeschreibung\/"]}]},{"@type":"BreadcrumbList","@id":"https:\/\/omilo.com\/de\/kontakt\/wegbeschreibung\/#breadcrumb","itemListElement":[{"@type":"ListItem","position":1,"name":"Home","item":"https:\/\/omilo.com\/de\/"},{"@type":"ListItem","position":2,"name":"Kontakt","item":"https:\/\/omilo.com\/de\/kontakt\/"},{"@type":"ListItem","position":3,"name":"Wegbeschreibung"}]},{"@type":"WebSite","@id":"https:\/\/omilo.com\/de\/#website","url":"https:\/\/omilo.com\/de\/","name":"Omilo","description":"Learning Greek in Greece","publisher":{"@id":"https:\/\/omilo.com\/de\/#organization"},"potentialAction":[{"@type":"SearchAction","target":{"@type":"EntryPoint","urlTemplate":"https:\/\/omilo.com\/de\/?s={search_term_string}"},"query-input":{"@type":"PropertyValueSpecification","valueRequired":true,"valueName":"search_term_string"}}],"inLanguage":"de"},{"@type":"Organization","@id":"https:\/\/omilo.com\/de\/#organization","name":"Omilo | Greek Language & Culture","url":"https:\/\/omilo.com\/de\/","logo":{"@type":"ImageObject","inLanguage":"de","@id":"https:\/\/omilo.com\/de\/#\/schema\/logo\/image\/","url":"https:\/\/omilo.com\/wp-content\/uploads\/2017\/12\/logo-landing.png","contentUrl":"https:\/\/omilo.com\/wp-content\/uploads\/2017\/12\/logo-landing.png","width":280,"height":99,"caption":"Omilo | Greek Language & Culture"},"image":{"@id":"https:\/\/omilo.com\/de\/#\/schema\/logo\/image\/"},"sameAs":["https:\/\/www.facebook.com\/omilohellas\/","https:\/\/x.com\/OmiloHellas","https:\/\/www.linkedin.com\/company\/omilo-greek-language-and-culture","https:\/\/www.youtube.com\/user\/omiloteam"]}]}},"_links":{"self":[{"href":"https:\/\/omilo.com\/de\/wp-json\/wp\/v2\/pages\/6174"}],"collection":[{"href":"https:\/\/omilo.com\/de\/wp-json\/wp\/v2\/pages"}],"about":[{"href":"https:\/\/omilo.com\/de\/wp-json\/wp\/v2\/types\/page"}],"author":[{"embeddable":true,"href":"https:\/\/omilo.com\/de\/wp-json\/wp\/v2\/users\/8"}],"replies":[{"embeddable":true,"href":"https:\/\/omilo.com\/de\/wp-json\/wp\/v2\/comments?post=6174"}],"version-history":[{"count":0,"href":"https:\/\/omilo.com\/de\/wp-json\/wp\/v2\/pages\/6174\/revisions"}],"up":[{"embeddable":true,"href":"https:\/\/omilo.com\/de\/wp-json\/wp\/v2\/pages\/6169"}],"wp:attachment":[{"href":"https:\/\/omilo.com\/de\/wp-json\/wp\/v2\/media?parent=6174"}],"curies":[{"name":"wp","href":"https:\/\/api.w.org\/{rel}","templated":true}]}}