{"id":6145,"date":"2016-07-06T18:01:59","date_gmt":"2016-07-06T15:01:59","guid":{"rendered":"http:\/\/www.thesandbox.eu\/de\/about\/our-students\/"},"modified":"2022-10-10T13:53:44","modified_gmt":"2022-10-10T10:53:44","slug":"unsere-studenten","status":"publish","type":"page","link":"https:\/\/omilo.com\/de\/ueber\/unsere-studenten\/","title":{"rendered":"Unsere Studenten"},"content":{"rendered":"<div id='av_section_1'  class='avia-section main_color avia-section-default avia-no-border-styling  avia-full-stretch avia-bg-style-scroll  avia-builder-el-0  el_before_av_section  avia-builder-el-first   av-minimum-height av-minimum-height-custom  container_wrap sidebar_right' style='background-repeat: no-repeat; background-image: url(https:\/\/omilo.com\/wp-content\/uploads\/2022\/10\/omilo-students-1920px-x-500-px-1500x430.jpg);background-attachment: scroll; background-position: center center;  '  data-section-bg-repeat='stretch'><div class='container' style='height:350px'><main  role=\"main\" itemprop=\"mainContentOfPage\"  class='template-page content  av-content-small alpha units'><div class='post-entry post-entry-type-page post-entry-6145'><div class='entry-content-wrapper clearfix'>\n<\/div><\/div><\/main><!-- close content main element --><\/div><\/div><div id='top'  class='avia-section main_color avia-section-default avia-no-border-styling  avia-bg-style-scroll  avia-builder-el-1  el_after_av_section  el_before_av_textblock   container_wrap sidebar_right' style='background-color: #eeeeee;  '  ><div class='container' ><div class='template-page content  av-content-small alpha units'><div class='post-entry post-entry-type-page post-entry-6145'><div class='entry-content-wrapper clearfix'>\n<div class=\"flex_column av_one_half  flex_column_div av-zero-column-padding first  avia-builder-el-2  el_before_av_one_half  avia-builder-el-first  \" style='border-radius:0px; '><section class=\"av_textblock_section \"  itemscope=\"itemscope\" itemtype=\"https:\/\/schema.org\/CreativeWork\" ><div class='avia_textblock  '   itemprop=\"text\" ><h1>Unsere Studenten<\/h1>\n<\/div><\/section><\/div><div class=\"flex_column av_one_half  flex_column_div av-zero-column-padding   avia-builder-el-4  el_after_av_one_half  avia-builder-el-last  \" style='border-radius:0px; '><section class=\"av_textblock_section \"  itemscope=\"itemscope\" itemtype=\"https:\/\/schema.org\/CreativeWork\" ><div class='avia_textblock  '   itemprop=\"text\" ><p>Die Studenten von Omilo kommen aus aller Herren L\u00e4nder, vorrangig aber aus europ\u00e4ischen L\u00e4ndern (zu 80%). Sie schaffen in unseren Kursen eine sehr interessante, offene, freundschaftliche und nat\u00fcrlich eine internationale Atmosph\u00e4re. Egal wie alt Sie sind, welches Vorwissen Sie haben, woher Sie kommen, Sie sind alle herzlich bei uns willkommen!<\/p>\n<\/div><\/section><\/div>\n<\/div><\/div><\/div><!-- close content main div --><\/div><\/div><div id='after_section_2'  class='main_color av_default_container_wrap container_wrap sidebar_right' style=' '  ><div class='container' ><div class='template-page content  av-content-small alpha units'><div class='post-entry post-entry-type-page post-entry-6145'><div class='entry-content-wrapper clearfix'>\n<section class=\"av_textblock_section \"  itemscope=\"itemscope\" itemtype=\"https:\/\/schema.org\/CreativeWork\" ><div class='avia_textblock  '   itemprop=\"text\" ><p><a href=\"https:\/\/omilo.com\/de\/ueberblick-griechischkursen\/ueberblick-eine-woche-intensive-griechischkurse\/\">Die ein- und zweiw\u00f6chigen Gruppen-Intensivkurse<\/a> erfeuen sich bei Studenten 26+ und auch Senioren jeder Nationalit\u00e4t gro\u00dfer Beliebtheit. Viele unserer Studenten haben bereits in ihren Heimatl\u00e4ndern Griechisch auf unterschiedlichen Niveaus gelernt und kommen v.a. mit dem Wunsch zu uns, einen st\u00e4rkeren Fokus auf das allt\u00e4glich gesprochene Griechisch zu legen. H\u00f6rverstehen und Sprechen k\u00f6nnen auch w\u00e4hrend unserer gemeinsamen kulturellen Aktivit\u00e4ten beim Erkunden des &#8222;echten&#8220; Griechenlands gut ge\u00fcbt werden. Unsere Kursteilnehmer sind meist sehr bem\u00fcht und interessiert daran, sich mit Einheimischen auszutauschen, sie lieben Griechenland und m\u00f6chten neben dem Verbessern ihrer Griechischkenntnisse ihren Urlaub genie\u00dfen und Menschen aus aller Welt kennen lernen.<\/p>\n<p>Erwachsene jeden Alters buchen unsere <a href=\"https:\/\/omilo.com\/de\/ueberblick-griechischkursen\/ueberblick-privatunterricht\/\">Privatunterrichtsstunden<\/a> in Griechenland oder teilen sich mit einem Freund eine Privatstunde zu einer Zeit, die praktisch f\u00fcr sie ist. Privatkurse k\u00f6nnen auch gebucht werden, wenn die Termine der Gruppenkurse nicht eingehalten werden k\u00f6nnen oder man nach seinen ganz pers\u00f6nlichen Lernzielen, thematischen Vorlieben und im eigenen Rhythmus lernen m\u00f6chte.<\/p>\n<p>Kinder und Jugendliche unter 18 Jahren sind selbstverst\u00e4ndlich auch in unseren Privatunterrichtsstunden &#8211; sowohl w\u00e4hrend der Sommerintensivkurse als auch w\u00e4hrend der <a href=\"https:\/\/omilo.com\/de\/?post_type=course&#038;p=6450\">regul\u00e4ren Kurse in Athen<\/a> &#8211; herzlich willkommen. In diesem Fall m\u00fcssen Sie allerdings von einer erwachsenen Person begleitet werden. .<\/p>\n<p>Viele Omilo Studenten entschlie\u00dfen sich nach ihrem Sprachaufenthalt in Griechenland dazu, einen <a href=\"https:\/\/omilo.com\/de\/kurs\/online-griechisch-lernen-per-skype\/\">Skype-Kurs<\/a> zu buchen, um bis zu ihrem n\u00e4chsten Aufenthalt mit der griechischen Sprache in Kontakt bleiben zu k\u00f6nnen. V.a. Lernende, die nicht die M\u00f6glichkeit haben, einfach nach Griechenland zu reisen, die aber trotzdem in Kontakt mit Griechen sein m\u00f6chten, sch\u00e4tzen diese Option des Sprachenlernens sehr.<\/p>\n<p>Klicken Sie <a href=\"https:\/\/omilo.com\/de\/ueber\/zeugnisse-von-studenten\/\">hier<\/a> um zu lesen, was unsere Studenten \u00fcber uns sagen.<br \/>\nWeitere Eindr\u00fccke finden Sie auch auf \u201c<a href=\"https:\/\/www.google.gr\/search?q=omilo+youtube&amp;oq=omilo+&amp;aqs=chrome.0.69i59j69i60l4j69i59.1214j0j7&amp;sourceid=chrome&amp;ie=UTF-8#q=omilo&amp;lrd=0x14a198d3040ce2c1:0xe04cdc9e53a956c2,3,\">Google reviews<\/a>\u201d.<\/p>\n<\/div><\/section>\n<\/div><\/div><\/div><!-- close content main div --><\/div><\/div><div id='av_section_3'  class='avia-section main_color avia-section-huge avia-no-border-styling  avia-full-stretch avia-bg-style-scroll  avia-builder-el-7  el_after_av_textblock  el_before_av_section  full-image-section  av-minimum-height av-minimum-height-25  container_wrap sidebar_right' style='background-repeat: no-repeat; background-image: url(https:\/\/omilo.com\/wp-content\/uploads\/2018\/08\/omilo-our-students-middle-001.jpg);background-attachment: scroll; background-position: top center;  '  data-section-bg-repeat='stretch' data-av_minimum_height_pc='25'><div class='container' ><div class='template-page content  av-content-small alpha units'><div class='post-entry post-entry-type-page post-entry-6145'><div class='entry-content-wrapper clearfix'>\n<\/div><\/div><\/div><!-- close content main div --><\/div><\/div><div id='explore'  class='avia-section main_color avia-section-default avia-no-border-styling  avia-bg-style-scroll  avia-builder-el-8  el_after_av_section  avia-builder-el-last   container_wrap sidebar_right' style='background-color: #eeeeee;  '  ><div class='container' ><div class='template-page content  av-content-small alpha units'><div class='post-entry post-entry-type-page post-entry-6145'><div class='entry-content-wrapper clearfix'>\n<div class=\"flex_column av_three_fourth  flex_column_div av-zero-column-padding first  avia-builder-el-9  el_before_av_one_half  avia-builder-el-first  \" style='border-radius:0px; '><section class=\"av_textblock_section \"  itemscope=\"itemscope\" itemtype=\"https:\/\/schema.org\/CreativeWork\" ><div class='avia_textblock  '   itemprop=\"text\" ><h2>15 Gr\u00fcnde, warum Studenten sich dazu entschlie\u00dfen, Griechisch zu lernen!<\/h2>\n<\/div><\/section><\/div><div class=\"flex_column av_one_half  flex_column_div av-zero-column-padding first  avia-builder-el-11  el_after_av_three_fourth  el_before_av_one_half  column-top-margin\" style='border-radius:0px; '><section class=\"av_textblock_section \"  itemscope=\"itemscope\" itemtype=\"https:\/\/schema.org\/CreativeWork\" ><div class='avia_textblock  '   itemprop=\"text\" ><p><strong>Es ist kaum vorstellbar, wie viele unterschiedliche Gr\u00fcnde wir von unseren Studenten innerhalb unseres <a href=\"https:\/\/omilo.com\/de\/ueber\/20-jahre-omilo\/\">20-j\u00e4hrigen Bestehens<\/a> geh\u00f6rt haben, warum sie sich dazu entschieden haben, Griechisch zu lernen. Es sind in jedem Fall viel mehr Gr\u00fcnde, als wir uns bei unserer Gr\u00fcndung vor 20 Jahren ertr\u00e4umt h\u00e4tten!<br \/>\nHier sind die 15 meistgenannten Gr\u00fcnde:<br \/>\n<\/strong><\/p>\n<h3>Menschen, die Griechenland bereisen wollen<\/h3>\n<ul>\n<li>Ich liebe Griechenland und ich fahre jedes Jahr nach Griechenland auf Urlaub.<\/li>\n<li>Wir besitzen ein Sommerhaus in Griechenland und m\u00f6chten die Sprache sprechen, um mit unseren Nachbarn kommunizieren zu k\u00f6nnen.<\/li>\n<li>Wir bereisen jedes Jahr ein unterschiedliches Land und lernen jedes Mal davor einige Basics der Landessprache, um f\u00fcr eine einfache Kommunikation mit den Einheimischen mit den wichtigsten Ausdr\u00fccken gewappnet zu sein.<\/li>\n<\/ul>\n<h3>Menschen, die sich mit Griechen austauschen wollen<\/h3>\n<ul>\n<li>Ich habe bzw. mein Partner hat griechische Wurzeln und ich m\u00f6chte gerne mit dieser wundervollen griechischen Familie in ihrer Sprache kommunizieren.<\/li>\n<li>Ich konnte w\u00e4hrend meiner zahlreichen Aufenthalte viele Freunde in Griechenland finden und w\u00e4re sehr froh, wenn ich mit ihnen ein bisschen auf Griechisch kommunizieren k\u00f6nnte.<\/li>\n<li>Unsere Tochter hat einen Griechen geheiratet und wir w\u00fcrden uns gerne mit den Schwiegereltern unterhalten.<\/li>\n<\/ul>\n<h3><\/h3>\n<h3><\/h3>\n<\/div><\/section><\/div><div class=\"flex_column av_one_half  flex_column_div av-zero-column-padding   avia-builder-el-13  el_after_av_one_half  avia-builder-el-last  column-top-margin\" style='border-radius:0px; '><section class=\"av_textblock_section \"  itemscope=\"itemscope\" itemtype=\"https:\/\/schema.org\/CreativeWork\" ><div class='avia_textblock  '   itemprop=\"text\" ><h3><\/h3>\n<h3><\/h3>\n<h3>Menschen, die die Griechische Kultur lieben<\/h3>\n<ul>\n<li>Ich bin Altgriechisch-Professor und w\u00fcrde gerne Neugriechisch lernen.<\/li>\n<li>Ich liebe griechische Musik, singe in einem Chor in meiner Heimatstadt und w\u00fcrde gerne die Liedtexte verstehen und meinen Akzent verbessern.<\/li>\n<li>Ich interessiere mich sehr f\u00fcr griechische Philosophie und w\u00fcrde gerne mehr \u00fcber die griechische Mentalit\u00e4t erfahren (und Sprache ist ein wunderbares Fenster zur Kultur).<\/li>\n<li>Ich liebe griechische T\u00e4nze und das Lernen der Sprache macht es f\u00fcr mich zu einer ganzheitlicheren Erfahrung, die sich noch authentischer anf\u00fchlt!<\/li>\n<\/ul>\n<h3>Menschen, die ein abenteuer suchen<\/h3>\n<ul>\n<li>Ich werde \u00e4lter \u2026 und das Sprachen- und Vokabellernen h\u00e4lt mich jung.<\/li>\n<li>Ich bin auf der Suche nach Spa\u00df, nach etwas Interessantem, Herausforderndem, das mich aus meiner Komfortzone lockt!<\/li>\n<\/ul>\n<h3>Und Menschen, die Griechisch brauchen!<\/h3>\n<ul>\n<li>Ich lebe in Griechenland und mein Leben w\u00e4re so vieI einfacher, wenn ich besser Griechisch k\u00f6nnte.<\/li>\n<li>Ich m\u00f6chte die Pr\u00fcfung zum Zertifikat zum Nachweis von Griechischkenntnissen ablegen, um leichter einen Job in Verbindung mit Griechenland zu bekommen. Der Sprachkurs wird mich bis dahin nicht nur gut vorbereiten, sondern auch dabei motivieren, nicht aufzugeben!<\/li>\n<li>Mein Freund spricht nur Griechisch! Ich brauche einen Crashkurs!<\/li>\n<\/ul>\n<p><strong>Wir sind sicher, dass es noch ganz viele andere Gr\u00fcnde gibt, Griechisch lernen und auf Griechisch kommunizieren zu wollen \u2026 und wir freuen uns sehr, Ihnen dabei zu helfen, Ihren Traum zu erf\u00fcllen! <\/strong><\/p>\n<h3><\/h3>\n<\/div><\/section><\/div>\n<\/div><\/div><\/div><!-- close content main div --><\/div><\/div><div id='after_section_4'  class='main_color av_default_container_wrap container_wrap sidebar_right' style=' '  ><div class='container' ><div class='template-page content  av-content-small alpha units'><div class='post-entry post-entry-type-page post-entry-6145'><div class='entry-content-wrapper clearfix'>\n","protected":false},"excerpt":{"rendered":"","protected":false},"author":8,"featured_media":0,"parent":6100,"menu_order":0,"comment_status":"closed","ping_status":"closed","template":"","meta":{"footnotes":""},"yoast_head":"<!-- This site is optimized with the Yoast SEO plugin v24.5 - https:\/\/yoast.com\/wordpress\/plugins\/seo\/ -->\n<title>Unsere Studenten | Omilo<\/title>\n<meta name=\"description\" content=\"Unsere Studenten kommen aus aller Herren L\u00e4nder, vorrangig aber aus europ\u00e4ischen L\u00e4ndern (zu 80%).\" \/>\n<meta name=\"robots\" content=\"index, follow, max-snippet:-1, max-image-preview:large, max-video-preview:-1\" \/>\n<link rel=\"canonical\" href=\"https:\/\/omilo.com\/de\/ueber\/unsere-studenten\/\" \/>\n<meta property=\"og:locale\" content=\"de_DE\" \/>\n<meta property=\"og:type\" content=\"article\" \/>\n<meta property=\"og:title\" content=\"Unsere Studenten | Omilo\" \/>\n<meta property=\"og:description\" content=\"Unsere Studenten kommen aus aller Herren L\u00e4nder, vorrangig aber aus europ\u00e4ischen L\u00e4ndern (zu 80%).\" \/>\n<meta property=\"og:url\" content=\"https:\/\/omilo.com\/de\/ueber\/unsere-studenten\/\" \/>\n<meta property=\"og:site_name\" content=\"Omilo\" \/>\n<meta property=\"article:publisher\" content=\"https:\/\/www.facebook.com\/omilohellas\/\" \/>\n<meta property=\"article:modified_time\" content=\"2022-10-10T10:53:44+00:00\" \/>\n<meta property=\"og:image\" content=\"https:\/\/omilo.com\/wp-content\/uploads\/2017\/12\/fb-image.jpg\" \/>\n\t<meta property=\"og:image:width\" content=\"960\" \/>\n\t<meta property=\"og:image:height\" content=\"960\" \/>\n\t<meta property=\"og:image:type\" content=\"image\/jpeg\" \/>\n<meta name=\"twitter:card\" content=\"summary_large_image\" \/>\n<meta name=\"twitter:site\" content=\"@OmiloHellas\" \/>\n<meta name=\"twitter:label1\" content=\"Gesch\u00e4tzte Lesezeit\" \/>\n\t<meta name=\"twitter:data1\" content=\"7\u00a0Minuten\" \/>\n<script type=\"application\/ld+json\" class=\"yoast-schema-graph\">{\"@context\":\"https:\/\/schema.org\",\"@graph\":[{\"@type\":\"WebPage\",\"@id\":\"https:\/\/omilo.com\/de\/ueber\/unsere-studenten\/\",\"url\":\"https:\/\/omilo.com\/de\/ueber\/unsere-studenten\/\",\"name\":\"Unsere Studenten | Omilo\",\"isPartOf\":{\"@id\":\"https:\/\/omilo.com\/de\/#website\"},\"datePublished\":\"2016-07-06T15:01:59+00:00\",\"dateModified\":\"2022-10-10T10:53:44+00:00\",\"description\":\"Unsere Studenten kommen aus aller Herren L\u00e4nder, vorrangig aber aus europ\u00e4ischen L\u00e4ndern (zu 80%).\",\"breadcrumb\":{\"@id\":\"https:\/\/omilo.com\/de\/ueber\/unsere-studenten\/#breadcrumb\"},\"inLanguage\":\"de\",\"potentialAction\":[{\"@type\":\"ReadAction\",\"target\":[\"https:\/\/omilo.com\/de\/ueber\/unsere-studenten\/\"]}]},{\"@type\":\"BreadcrumbList\",\"@id\":\"https:\/\/omilo.com\/de\/ueber\/unsere-studenten\/#breadcrumb\",\"itemListElement\":[{\"@type\":\"ListItem\",\"position\":1,\"name\":\"Home\",\"item\":\"https:\/\/omilo.com\/de\/\"},{\"@type\":\"ListItem\",\"position\":2,\"name\":\"\u00dcber Omilo\",\"item\":\"https:\/\/omilo.com\/de\/ueber\/\"},{\"@type\":\"ListItem\",\"position\":3,\"name\":\"Unsere Studenten\"}]},{\"@type\":\"WebSite\",\"@id\":\"https:\/\/omilo.com\/de\/#website\",\"url\":\"https:\/\/omilo.com\/de\/\",\"name\":\"Omilo\",\"description\":\"Learning Greek in Greece\",\"publisher\":{\"@id\":\"https:\/\/omilo.com\/de\/#organization\"},\"potentialAction\":[{\"@type\":\"SearchAction\",\"target\":{\"@type\":\"EntryPoint\",\"urlTemplate\":\"https:\/\/omilo.com\/de\/?s={search_term_string}\"},\"query-input\":{\"@type\":\"PropertyValueSpecification\",\"valueRequired\":true,\"valueName\":\"search_term_string\"}}],\"inLanguage\":\"de\"},{\"@type\":\"Organization\",\"@id\":\"https:\/\/omilo.com\/de\/#organization\",\"name\":\"Omilo | Greek Language & Culture\",\"url\":\"https:\/\/omilo.com\/de\/\",\"logo\":{\"@type\":\"ImageObject\",\"inLanguage\":\"de\",\"@id\":\"https:\/\/omilo.com\/de\/#\/schema\/logo\/image\/\",\"url\":\"https:\/\/omilo.com\/wp-content\/uploads\/2017\/12\/logo-landing.png\",\"contentUrl\":\"https:\/\/omilo.com\/wp-content\/uploads\/2017\/12\/logo-landing.png\",\"width\":280,\"height\":99,\"caption\":\"Omilo | Greek Language & Culture\"},\"image\":{\"@id\":\"https:\/\/omilo.com\/de\/#\/schema\/logo\/image\/\"},\"sameAs\":[\"https:\/\/www.facebook.com\/omilohellas\/\",\"https:\/\/x.com\/OmiloHellas\",\"https:\/\/www.linkedin.com\/company\/omilo-greek-language-and-culture\",\"https:\/\/www.youtube.com\/user\/omiloteam\"]}]}<\/script>\n<!-- \/ Yoast SEO plugin. -->","yoast_head_json":{"title":"Unsere Studenten | Omilo","description":"Unsere Studenten kommen aus aller Herren L\u00e4nder, vorrangig aber aus europ\u00e4ischen L\u00e4ndern (zu 80%).","robots":{"index":"index","follow":"follow","max-snippet":"max-snippet:-1","max-image-preview":"max-image-preview:large","max-video-preview":"max-video-preview:-1"},"canonical":"https:\/\/omilo.com\/de\/ueber\/unsere-studenten\/","og_locale":"de_DE","og_type":"article","og_title":"Unsere Studenten | Omilo","og_description":"Unsere Studenten kommen aus aller Herren L\u00e4nder, vorrangig aber aus europ\u00e4ischen L\u00e4ndern (zu 80%).","og_url":"https:\/\/omilo.com\/de\/ueber\/unsere-studenten\/","og_site_name":"Omilo","article_publisher":"https:\/\/www.facebook.com\/omilohellas\/","article_modified_time":"2022-10-10T10:53:44+00:00","og_image":[{"width":960,"height":960,"url":"https:\/\/omilo.com\/wp-content\/uploads\/2017\/12\/fb-image.jpg","type":"image\/jpeg"}],"twitter_card":"summary_large_image","twitter_site":"@OmiloHellas","twitter_misc":{"Gesch\u00e4tzte Lesezeit":"7\u00a0Minuten"},"schema":{"@context":"https:\/\/schema.org","@graph":[{"@type":"WebPage","@id":"https:\/\/omilo.com\/de\/ueber\/unsere-studenten\/","url":"https:\/\/omilo.com\/de\/ueber\/unsere-studenten\/","name":"Unsere Studenten | Omilo","isPartOf":{"@id":"https:\/\/omilo.com\/de\/#website"},"datePublished":"2016-07-06T15:01:59+00:00","dateModified":"2022-10-10T10:53:44+00:00","description":"Unsere Studenten kommen aus aller Herren L\u00e4nder, vorrangig aber aus europ\u00e4ischen L\u00e4ndern (zu 80%).","breadcrumb":{"@id":"https:\/\/omilo.com\/de\/ueber\/unsere-studenten\/#breadcrumb"},"inLanguage":"de","potentialAction":[{"@type":"ReadAction","target":["https:\/\/omilo.com\/de\/ueber\/unsere-studenten\/"]}]},{"@type":"BreadcrumbList","@id":"https:\/\/omilo.com\/de\/ueber\/unsere-studenten\/#breadcrumb","itemListElement":[{"@type":"ListItem","position":1,"name":"Home","item":"https:\/\/omilo.com\/de\/"},{"@type":"ListItem","position":2,"name":"\u00dcber Omilo","item":"https:\/\/omilo.com\/de\/ueber\/"},{"@type":"ListItem","position":3,"name":"Unsere Studenten"}]},{"@type":"WebSite","@id":"https:\/\/omilo.com\/de\/#website","url":"https:\/\/omilo.com\/de\/","name":"Omilo","description":"Learning Greek in Greece","publisher":{"@id":"https:\/\/omilo.com\/de\/#organization"},"potentialAction":[{"@type":"SearchAction","target":{"@type":"EntryPoint","urlTemplate":"https:\/\/omilo.com\/de\/?s={search_term_string}"},"query-input":{"@type":"PropertyValueSpecification","valueRequired":true,"valueName":"search_term_string"}}],"inLanguage":"de"},{"@type":"Organization","@id":"https:\/\/omilo.com\/de\/#organization","name":"Omilo | Greek Language & Culture","url":"https:\/\/omilo.com\/de\/","logo":{"@type":"ImageObject","inLanguage":"de","@id":"https:\/\/omilo.com\/de\/#\/schema\/logo\/image\/","url":"https:\/\/omilo.com\/wp-content\/uploads\/2017\/12\/logo-landing.png","contentUrl":"https:\/\/omilo.com\/wp-content\/uploads\/2017\/12\/logo-landing.png","width":280,"height":99,"caption":"Omilo | Greek Language & Culture"},"image":{"@id":"https:\/\/omilo.com\/de\/#\/schema\/logo\/image\/"},"sameAs":["https:\/\/www.facebook.com\/omilohellas\/","https:\/\/x.com\/OmiloHellas","https:\/\/www.linkedin.com\/company\/omilo-greek-language-and-culture","https:\/\/www.youtube.com\/user\/omiloteam"]}]}},"_links":{"self":[{"href":"https:\/\/omilo.com\/de\/wp-json\/wp\/v2\/pages\/6145"}],"collection":[{"href":"https:\/\/omilo.com\/de\/wp-json\/wp\/v2\/pages"}],"about":[{"href":"https:\/\/omilo.com\/de\/wp-json\/wp\/v2\/types\/page"}],"author":[{"embeddable":true,"href":"https:\/\/omilo.com\/de\/wp-json\/wp\/v2\/users\/8"}],"replies":[{"embeddable":true,"href":"https:\/\/omilo.com\/de\/wp-json\/wp\/v2\/comments?post=6145"}],"version-history":[{"count":"3","href":"https:\/\/omilo.com\/de\/wp-json\/wp\/v2\/pages\/6145\/revisions"}],"predecessor-version":[{"id":33509,"href":"https:\/\/omilo.com\/de\/wp-json\/wp\/v2\/pages\/6145\/revisions\/33509"}],"up":[{"embeddable":true,"href":"https:\/\/omilo.com\/de\/wp-json\/wp\/v2\/pages\/6100"}],"wp:attachment":[{"href":"https:\/\/omilo.com\/de\/wp-json\/wp\/v2\/media?parent=6145"}],"curies":[{"name":"wp","href":"https:\/\/api.w.org\/{rel}","templated":true}]}}